{"id":1203,"date":"2024-09-11T08:49:04","date_gmt":"2024-09-11T07:49:04","guid":{"rendered":"https:\/\/www.oneytrust.com\/?page_id=1203"},"modified":"2025-06-24T16:18:51","modified_gmt":"2025-06-24T14:18:51","slug":"mention-information-review","status":"publish","type":"page","link":"https:\/\/www.oneytrust.com\/es\/mention-information-review\/","title":{"rendered":"Mention d&#8217;information Digital Review"},"content":{"rendered":"<style>.kb-row-layout-wrap.wp-block-kadence-rowlayout.kb-row-layout-id1203_ddda77-40{margin-bottom:var(--global-kb-spacing-md, 2rem);}.kb-row-layout-id1203_ddda77-40 > .kt-row-column-wrap{align-content:start;}:where(.kb-row-layout-id1203_ddda77-40 > .kt-row-column-wrap) > .wp-block-kadence-column{justify-content:start;}.kb-row-layout-id1203_ddda77-40 > .kt-row-column-wrap{column-gap:var(--global-kb-gap-md, 2rem);row-gap:var(--global-kb-gap-md, 2rem);padding-top:var(--global-kb-spacing-sm, 1.5rem);padding-bottom:var(--global-kb-spacing-sm, 1.5rem);grid-template-columns:minmax(0, 1fr);}.kb-row-layout-id1203_ddda77-40{border-top-left-radius:10px;border-top-right-radius:10px;border-bottom-right-radius:10px;border-bottom-left-radius:10px;overflow:clip;isolation:isolate;}.kb-row-layout-id1203_ddda77-40 > .kt-row-layout-overlay{border-top-left-radius:10px;border-top-right-radius:10px;border-bottom-right-radius:10px;border-bottom-left-radius:10px;}.kb-row-layout-id1203_ddda77-40{box-shadow:0px 0px 14px 0px rgba(0, 0, 0, 0.08);}.kb-row-layout-id1203_ddda77-40 > .kt-row-layout-overlay{opacity:0.30;}@media all and (max-width: 1024px){.kb-row-layout-id1203_ddda77-40 > .kt-row-column-wrap{grid-template-columns:minmax(0, 1fr);}}@media all and (max-width: 767px){.kb-row-layout-id1203_ddda77-40 > .kt-row-column-wrap{grid-template-columns:minmax(0, 1fr);}}<\/style><div class=\"kb-row-layout-wrap kb-row-layout-id1203_ddda77-40 alignnone has-theme-palette9-background-color kt-row-has-bg wp-block-kadence-rowlayout\"><div class=\"kt-row-column-wrap kt-has-1-columns kt-row-layout-equal kt-tab-layout-inherit kt-mobile-layout-row kt-row-valign-top\">\n<style>.kadence-column1203_fd3e99-09 > .kt-inside-inner-col,.kadence-column1203_fd3e99-09 > .kt-inside-inner-col:before{border-top-left-radius:0px;border-top-right-radius:0px;border-bottom-right-radius:0px;border-bottom-left-radius:0px;}.kadence-column1203_fd3e99-09 > .kt-inside-inner-col{column-gap:var(--global-kb-gap-sm, 1rem);}.kadence-column1203_fd3e99-09 > .kt-inside-inner-col{flex-direction:column;}.kadence-column1203_fd3e99-09 > .kt-inside-inner-col > .aligncenter{width:100%;}.kadence-column1203_fd3e99-09 > .kt-inside-inner-col:before{opacity:0.3;}.kadence-column1203_fd3e99-09{text-align:left;}.kadence-column1203_fd3e99-09{position:relative;}@media all and (max-width: 1024px){.kadence-column1203_fd3e99-09 > .kt-inside-inner-col{flex-direction:column;justify-content:center;}}@media all and (max-width: 767px){.kadence-column1203_fd3e99-09 > .kt-inside-inner-col{flex-direction:column;justify-content:center;}}<\/style>\n<div class=\"wp-block-kadence-column kadence-column1203_fd3e99-09\"><div class=\"kt-inside-inner-col\">\n<h2 class=\"wp-block-heading\">Datos personales \u2013 Lucha contra el fraude<\/h2>\n\n\n\n<p>La informaci\u00f3n relativa a su transacci\u00f3n es objeto de un tratamiento automatizado de datos por parte de Oneytrust, responsable del tratamiento, con el fin de reforzar el nivel de seguridad de las transacciones registradas por el socio y proteger a \u00e9ste y a sus clientes contra posibles robos de identidad o intentos de fraude.<\/p>\n\n\n\n<h3 class=\"wp-block-heading\">Objeto del tratamiento de datos<\/h3>\n\n\n\n<h4 class=\"wp-block-heading\">Finalidades<\/h4>\n\n\n\n<p>La finalidad del tratamiento implementado por Oneytrust es luchar contra el fraude de identidad y de pago\/devoluci\u00f3n en las transacciones realizadas a distancia por Internet o en una tienda f\u00edsica utilizando un medio de pago que presente un riesgo de fraude similar al de una transacci\u00f3n en l\u00ednea.<br>Permite a Oneytrust :<\/p>\n\n\n\n<ul class=\"wp-block-list\">\n<li>recuperar informaci\u00f3n adicional de los proveedores de servicios de Oneytrust para mejorar y calificar determinados datos de las transacciones (direcci\u00f3n de correo electr\u00f3nico, tel\u00e9fono, direcci\u00f3n postal, direcci\u00f3n IP, BIN 6 cuando proceda);<\/li>\n\n\n\n<li>seg\u00fan reglas preestablecidas, reducir las revisiones manuales validando autom\u00e1ticamente las operaciones que no hayan podido ser validadas por un dispositivo de an\u00e1lisis autom\u00e1tico (puntuaci\u00f3n autom\u00e1tica);<\/li>\n\n\n\n<li>llevar a cabo fases de investigaci\u00f3n o experimentaci\u00f3n con el fin de mejorar y perfeccionar sus soluciones para que sean cada vez m\u00e1s pertinentes y adecuadas, con el fin de proteger a los consumidores mejorando continuamente el sistema de lucha contra el fraude; para ello, los datos podr\u00e1n reutilizarse para entrenar modelos de IA.<\/li>\n<\/ul>\n\n\n\n<p>Oneytrust podr\u00e1 anotar sus datos (asignarles una o varias caracter\u00edsticas) con el fin de identificar las categor\u00edas de datos del conjunto de datos.<\/p>\n\n\n\n<h4 class=\"wp-block-heading\">Base legal<\/h4>\n\n\n\n<p>Art\u00edculo 6(1) f) del Reglamento general de protecci\u00f3n de datos.<br>El tratamiento es necesario a efectos de los intereses leg\u00edtimos perseguidos por Oneytrust; a saber, la lucha contra el fraude de identidad y de pago\/reembolso durante las transacciones a distancia realizadas a trav\u00e9s de Internet o en una tienda f\u00edsica con un m\u00e9todo de pago que presente un riesgo de fraude similar al de una transacci\u00f3n en l\u00ednea.<\/p>\n\n\n\n<h3 class=\"wp-block-heading\">Datos tratados<\/h3>\n\n\n\n<h4 class=\"wp-block-heading\">Categor\u00edas de datos tratados<\/h4>\n\n\n\n<ul class=\"wp-block-list\">\n<li>Datos de identificaci\u00f3n: apellidos, nombre, raz\u00f3n social, direcci\u00f3n de correo electr\u00f3nico, direcci\u00f3n postal, n\u00famero de tel\u00e9fono, referencia interna del socio (n\u00famero de cliente, referencia del pedido, etc.).<\/li>\n\n\n\n<li>Datos econ\u00f3micos y financieros: 6 primeros d\u00edgitos del n\u00famero de tarjeta bancaria.<\/li>\n\n\n\n<li>Datos de conexi\u00f3n: direcci\u00f3n IP.<\/li>\n\n\n\n<li>Otras categor\u00edas de datos: \u00edndice de confianza, subelementos t\u00e9cnicos de validaci\u00f3n de los datos de identificaci\u00f3n, direcci\u00f3n IP y BIN6 por correlaci\u00f3n (validez, identidad asociada, proveedor, operador, etc.).<\/li>\n<\/ul>\n\n\n\n<h4 class=\"wp-block-heading\">Fuente de datos<\/h4>\n\n\n\n<p>La informaci\u00f3n se recoge del interesado a trav\u00e9s del socio, pero tambi\u00e9n de los proveedores de servicios de Oneytrust para los datos adicionales y de las bases de datos de acceso p\u00fablico.<\/p>\n\n\n\n<h4 class=\"wp-block-heading\">Car\u00e1cter obligatorio de la recopilaci\u00f3n de datos<\/h4>\n\n\n\n<p>La no transmisi\u00f3n de los datos relativos a su operaci\u00f3n impide a Oneytrust analizarla. La ejecuci\u00f3n de su operaci\u00f3n queda exclusivamente a discreci\u00f3n del socio de Oneytrust.<\/p>\n\n\n\n<h4 class=\"wp-block-heading\">Toma de decisi\u00f3n automatizada<\/h4>\n\n\n\n<p>El tratamiento implica la toma de decisiones automatizadas s\u00f3lo si la decisi\u00f3n es positiva. El tratamiento implementado por Oneytrust no prev\u00e9 decisiones de rechazo basadas exclusivamente en an\u00e1lisis automatizados.<\/p>\n\n\n\n<h3 class=\"wp-block-heading\">Personas interesadas<\/h3>\n\n\n\n<p>El tratamiento de datos se aplica a:<\/p>\n\n\n\n<ul class=\"wp-block-list\">\n<li>personas f\u00edsicas y jur\u00eddicas que realizan transacciones en puntos de venta f\u00edsicos y remotos, con socios de Oneytrust;<\/li>\n\n\n\n<li>el personal autorizado de Oneytrust a cargo de la ejecuci\u00f3n del tratamiento.<\/li>\n<\/ul>\n\n\n\n<h3 class=\"wp-block-heading\">Destinatarios de los datos<\/h3>\n\n\n\n<h4 class=\"wp-block-heading\">Categor\u00edas de destinatarios<\/h4>\n\n\n\n<p>En funci\u00f3n de sus respectivas necesidades, son destinatarios de todo o parte de los datos:<\/p>\n\n\n\n<ul class=\"wp-block-list\">\n<li>personal autorizado de Oneytrust ;<\/li>\n\n\n\n<li>El socio de Oneytrust con el que el cliente haya realizado la operaci\u00f3n; este \u00faltimo recibe en particular los resultados del tratamiento efectuado por Oneytrust, de conformidad con el presente documento.<\/li>\n\n\n\n<li>Los subcontratistas y proveedores de servicios de Oneytrust; en particular, aquellos a los que Oneytrust env\u00eda la totalidad o parte de los datos para su verificaci\u00f3n, alojamiento y suministro de datos adicionales. Se entiende que estos proveedores de servicios est\u00e1n obligados contractualmente a proteger los datos personales que se les transmitan en este contexto.<\/li>\n<\/ul>\n\n\n\n<h4 class=\"wp-block-heading\">Transferencias de datos fuera de la UE<\/h4>\n\n\n\n<p>No se realizan transferencias de datos fuera de la Uni\u00f3n Europea.<\/p>\n\n\n\n<h3 class=\"wp-block-heading\">Tiempo de conservaci\u00f3n de los datos<\/h3>\n\n\n\n<p>Los datos de car\u00e1cter personal se conservar\u00e1n durante un per\u00edodo de 15 d\u00edas.<\/p>\n\n\n\n<h3 class=\"wp-block-heading\">Derechos del interesado acerca de sus datos<\/h3>\n\n\n\n<p>De conformidad con la Normativa aplicable, usted podr\u00e1 ejercitar los derechos que se exponen a continuaci\u00f3n:<\/p>\n\n\n\n<ul class=\"wp-block-list\">\n<li>Derecho de acceso para obtener copia de todos los datos tratados por Oneytrust as\u00ed como informaci\u00f3n relativa a las caracter\u00edsticas del tratamiento realizado sobre sus datos.<\/li>\n\n\n\n<li>Derecho de rectificaci\u00f3n para actualizar sus datos err\u00f3neos y\/o incompletos.<\/li>\n\n\n\n<li>Derecho de supresi\u00f3n si los datos (i) ya no son necesarios para los fines para los que fueron recogidos, (ii) son objeto de un tratamiento il\u00edcito o (iii) si usted ejerce su derecho de oposici\u00f3n al tratamiento en cuesti\u00f3n. No obstante, este derecho no se aplicar\u00e1 cuando la conservaci\u00f3n de sus datos sea necesaria para que Oneytrust cumpla una obligaci\u00f3n legal o para el ejercicio de reclamaciones legales.<\/li>\n\n\n\n<li>Derecho a restringir el tratamiento cuando (i) impugne la exactitud de los datos, (ii) ejerza su derecho de oposici\u00f3n. Oneytrust limitar\u00e1 el tratamiento de sus datos durante el tiempo necesario para que Oneytrust pueda llevar a cabo las comprobaciones oportunas.<\/li>\n\n\n\n<li>Derecho a oponerse a que sus datos sean utilizados por Oneytrust para sus intereses leg\u00edtimos. Oneytrust pondr\u00e1 fin a dicho tratamiento, a menos que pueda justificar que sus intereses leg\u00edtimos y preponderantes prevalecen sobre sus derechos y libertades.<\/li>\n\n\n\n<li>Derecho a definir directrices generales y espec\u00edficas que establezcan c\u00f3mo desea que se ejerzan los derechos anteriores tras su fallecimiento.<\/li>\n<\/ul>\n\n\n\n<h4 class=\"wp-block-heading\">Ejercer sus derechos<\/h4>\n\n\n\n<p>El delegado de protecci\u00f3n de datos (DPO) de Oneytrust ser\u00e1 su interlocutor para cualquier solicitud de ejercicio de sus derechos acerca de este tratamiento.<\/p>\n\n\n\n<ul class=\"wp-block-list\">\n<li>Contactar con el DPO por v\u00eda electr\u00f3nica escribiendo a dpo[at]oneytrust.com* *(sustituir [at] por @ para enviar)<\/li>\n\n\n\n<li>Contactar con el DPO por correo postal<\/li>\n<\/ul>\n\n\n\n<p>Le d\u00e9l\u00e9gu\u00e9 \u00e0 la protection des donn\u00e9es<br>Oneytrust<br>34 avenue de Flandre<br>59170 Croix<br>FRANCE<\/p>\n\n\n\n<h4 class=\"wp-block-heading\">Reclamaci\u00f3n<\/h4>\n\n\n\n<p>Puede presentar cualquier reclamaci\u00f3n relativa a la atenci\u00f3n dada a una solicitud por Oneytrust escribiendo al DPO. Este realizar\u00e1 sus mejores esfuerzos para atender cualquier reclamaci\u00f3n y tratar de resolver el conflicto.<br>Si considera que tras haber contactado con nosotros, siguen afectados sus derechos acerca de sus datos, puede enviar una reclamaci\u00f3n (denuncia) a la autoridad local de protecci\u00f3n de datos personales que le corresponde o a la autoridad de protecci\u00f3n de datos personales de Oneytrust, es decir, la CNIL \u2013 3 place de Fontenoy \u2013 TSA 80715 \u2013 75334 Par\u00eds Cedex 07 FRANCE.<\/p>\n<\/div><\/div>\n\n<\/div><\/div>","protected":false},"excerpt":{"rendered":"<p>Personal data \u2013 To fight fraud Information relating to your transaction is subject to automated data processing by Oneytrust, the data controller, with the aim of reinforcing the level of security of transactions recorded by the partner and protecting the partner and its customers against possible identity theft or attempted fraud. Purpose of the processing&#8230;<\/p>","protected":false},"author":4,"featured_media":0,"parent":0,"menu_order":0,"comment_status":"closed","ping_status":"closed","template":"","meta":{"_acf_changed":false,"inline_featured_image":false,"_kad_blocks_custom_css":"","_kad_blocks_head_custom_js":"","_kad_blocks_body_custom_js":"","_kad_blocks_footer_custom_js":"","_kad_post_transparent":"disable","_kad_post_title":"hide","_kad_post_layout":"normal","_kad_post_sidebar_id":"","_kad_post_content_style":"","_kad_post_vertical_padding":"","_kad_post_feature":"","_kad_post_feature_position":"","_kad_post_header":true,"_kad_post_footer":true,"footnotes":""},"class_list":["post-1203","page","type-page","status-publish","hentry"],"acf":[],"yoast_head":"<!-- This site is optimized with the Yoast SEO plugin v25.9 - https:\/\/yoast.com\/wordpress\/plugins\/seo\/ -->\n<title>Mention d&#039;information Digital Review - Oneytrust<\/title>\n<meta name=\"robots\" content=\"noindex, nofollow\" \/>\n<meta property=\"og:locale\" content=\"es_ES\" \/>\n<meta property=\"og:type\" content=\"article\" \/>\n<meta property=\"og:title\" content=\"Mention d&#039;information Digital Review - Oneytrust\" \/>\n<meta property=\"og:description\" content=\"Personal data \u2013 To fight fraud Information relating to your transaction is subject to automated data processing by Oneytrust, the data controller, with the aim of reinforcing the level of security of transactions recorded by the partner and protecting the partner and its customers against possible identity theft or attempted fraud. Purpose of the processing...\" \/>\n<meta property=\"og:url\" content=\"https:\/\/www.oneytrust.com\/es\/mention-information-review\/\" \/>\n<meta property=\"og:site_name\" content=\"Oneytrust\" \/>\n<meta property=\"article:modified_time\" content=\"2025-06-24T14:18:51+00:00\" \/>\n<meta property=\"og:image\" content=\"https:\/\/www.oneytrust.com\/wp-content\/uploads\/2025\/07\/Snip20250711_230.png\" \/>\n\t<meta property=\"og:image:width\" content=\"1200\" \/>\n\t<meta property=\"og:image:height\" content=\"675\" \/>\n\t<meta property=\"og:image:type\" content=\"image\/png\" \/>\n<meta name=\"twitter:card\" content=\"summary_large_image\" \/>\n<meta name=\"twitter:label1\" content=\"Tiempo de lectura\" \/>\n\t<meta name=\"twitter:data1\" content=\"5 minutos\" \/>\n<script type=\"application\/ld+json\" class=\"yoast-schema-graph\">{\"@context\":\"https:\/\/schema.org\",\"@graph\":[{\"@type\":\"WebPage\",\"@id\":\"https:\/\/www.oneytrust.com\/mention-information-review\/\",\"url\":\"https:\/\/www.oneytrust.com\/mention-information-review\/\",\"name\":\"Mention d'information Digital Review - Oneytrust\",\"isPartOf\":{\"@id\":\"https:\/\/www.oneytrust.com\/#website\"},\"datePublished\":\"2024-09-11T07:49:04+00:00\",\"dateModified\":\"2025-06-24T14:18:51+00:00\",\"breadcrumb\":{\"@id\":\"https:\/\/www.oneytrust.com\/mention-information-review\/#breadcrumb\"},\"inLanguage\":\"es\",\"potentialAction\":[{\"@type\":\"ReadAction\",\"target\":[\"https:\/\/www.oneytrust.com\/mention-information-review\/\"]}]},{\"@type\":\"BreadcrumbList\",\"@id\":\"https:\/\/www.oneytrust.com\/mention-information-review\/#breadcrumb\",\"itemListElement\":[{\"@type\":\"ListItem\",\"position\":1,\"name\":\"Home\",\"item\":\"https:\/\/www.oneytrust.com\/\"},{\"@type\":\"ListItem\",\"position\":2,\"name\":\"Mention d&#8217;information Digital Review\"}]},{\"@type\":\"WebSite\",\"@id\":\"https:\/\/www.oneytrust.com\/#website\",\"url\":\"https:\/\/www.oneytrust.com\/\",\"name\":\"Oneytrust\",\"description\":\"Only Trusted Customers. Oneytrust provides fraud detection and identity validation for merchants and banks. Unique consortia data, unbeatable fraud scoring.\",\"publisher\":{\"@id\":\"https:\/\/www.oneytrust.com\/#organization\"},\"potentialAction\":[{\"@type\":\"SearchAction\",\"target\":{\"@type\":\"EntryPoint\",\"urlTemplate\":\"https:\/\/www.oneytrust.com\/?s={search_term_string}\"},\"query-input\":{\"@type\":\"PropertyValueSpecification\",\"valueRequired\":true,\"valueName\":\"search_term_string\"}}],\"inLanguage\":\"es\"},{\"@type\":\"Organization\",\"@id\":\"https:\/\/www.oneytrust.com\/#organization\",\"name\":\"Oneytrust\",\"url\":\"https:\/\/www.oneytrust.com\/\",\"logo\":{\"@type\":\"ImageObject\",\"inLanguage\":\"es\",\"@id\":\"https:\/\/www.oneytrust.com\/#\/schema\/logo\/image\/\",\"url\":\"https:\/\/www.oneytrust.com\/wp-content\/uploads\/2025\/04\/oneytrust-logo.svg\",\"contentUrl\":\"https:\/\/www.oneytrust.com\/wp-content\/uploads\/2025\/04\/oneytrust-logo.svg\",\"width\":171,\"height\":40,\"caption\":\"Oneytrust\"},\"image\":{\"@id\":\"https:\/\/www.oneytrust.com\/#\/schema\/logo\/image\/\"}}]}<\/script>\n<!-- \/ Yoast SEO plugin. -->","yoast_head_json":{"title":"Mention d'information Digital Review - Oneytrust","robots":{"index":"noindex","follow":"nofollow"},"og_locale":"es_ES","og_type":"article","og_title":"Mention d'information Digital Review - Oneytrust","og_description":"Personal data \u2013 To fight fraud Information relating to your transaction is subject to automated data processing by Oneytrust, the data controller, with the aim of reinforcing the level of security of transactions recorded by the partner and protecting the partner and its customers against possible identity theft or attempted fraud. Purpose of the processing...","og_url":"https:\/\/www.oneytrust.com\/es\/mention-information-review\/","og_site_name":"Oneytrust","article_modified_time":"2025-06-24T14:18:51+00:00","og_image":[{"width":1200,"height":675,"url":"https:\/\/www.oneytrust.com\/wp-content\/uploads\/2025\/07\/Snip20250711_230.png","type":"image\/png"}],"twitter_card":"summary_large_image","twitter_misc":{"Tiempo de lectura":"5 minutos"},"schema":{"@context":"https:\/\/schema.org","@graph":[{"@type":"WebPage","@id":"https:\/\/www.oneytrust.com\/mention-information-review\/","url":"https:\/\/www.oneytrust.com\/mention-information-review\/","name":"Mention d'information Digital Review - Oneytrust","isPartOf":{"@id":"https:\/\/www.oneytrust.com\/#website"},"datePublished":"2024-09-11T07:49:04+00:00","dateModified":"2025-06-24T14:18:51+00:00","breadcrumb":{"@id":"https:\/\/www.oneytrust.com\/mention-information-review\/#breadcrumb"},"inLanguage":"es","potentialAction":[{"@type":"ReadAction","target":["https:\/\/www.oneytrust.com\/mention-information-review\/"]}]},{"@type":"BreadcrumbList","@id":"https:\/\/www.oneytrust.com\/mention-information-review\/#breadcrumb","itemListElement":[{"@type":"ListItem","position":1,"name":"Home","item":"https:\/\/www.oneytrust.com\/"},{"@type":"ListItem","position":2,"name":"Mention d&#8217;information Digital Review"}]},{"@type":"WebSite","@id":"https:\/\/www.oneytrust.com\/#website","url":"https:\/\/www.oneytrust.com\/","name":"Oneytrust","description":"Only Trusted Customers. Oneytrust provides fraud detection and identity validation for merchants and banks. Unique consortia data, unbeatable fraud scoring.","publisher":{"@id":"https:\/\/www.oneytrust.com\/#organization"},"potentialAction":[{"@type":"SearchAction","target":{"@type":"EntryPoint","urlTemplate":"https:\/\/www.oneytrust.com\/?s={search_term_string}"},"query-input":{"@type":"PropertyValueSpecification","valueRequired":true,"valueName":"search_term_string"}}],"inLanguage":"es"},{"@type":"Organization","@id":"https:\/\/www.oneytrust.com\/#organization","name":"Oneytrust","url":"https:\/\/www.oneytrust.com\/","logo":{"@type":"ImageObject","inLanguage":"es","@id":"https:\/\/www.oneytrust.com\/#\/schema\/logo\/image\/","url":"https:\/\/www.oneytrust.com\/wp-content\/uploads\/2025\/04\/oneytrust-logo.svg","contentUrl":"https:\/\/www.oneytrust.com\/wp-content\/uploads\/2025\/04\/oneytrust-logo.svg","width":171,"height":40,"caption":"Oneytrust"},"image":{"@id":"https:\/\/www.oneytrust.com\/#\/schema\/logo\/image\/"}}]}},"taxonomy_info":[],"featured_image_src_large":false,"author_info":{"display_name":"Audrey Defaix","author_link":"https:\/\/www.oneytrust.com\/es\/author\/audrey-defaix\/"},"comment_info":0,"_links":{"self":[{"href":"https:\/\/www.oneytrust.com\/es\/wp-json\/wp\/v2\/pages\/1203","targetHints":{"allow":["GET"]}}],"collection":[{"href":"https:\/\/www.oneytrust.com\/es\/wp-json\/wp\/v2\/pages"}],"about":[{"href":"https:\/\/www.oneytrust.com\/es\/wp-json\/wp\/v2\/types\/page"}],"author":[{"embeddable":true,"href":"https:\/\/www.oneytrust.com\/es\/wp-json\/wp\/v2\/users\/4"}],"replies":[{"embeddable":true,"href":"https:\/\/www.oneytrust.com\/es\/wp-json\/wp\/v2\/comments?post=1203"}],"version-history":[{"count":3,"href":"https:\/\/www.oneytrust.com\/es\/wp-json\/wp\/v2\/pages\/1203\/revisions"}],"predecessor-version":[{"id":1628,"href":"https:\/\/www.oneytrust.com\/es\/wp-json\/wp\/v2\/pages\/1203\/revisions\/1628"}],"wp:attachment":[{"href":"https:\/\/www.oneytrust.com\/es\/wp-json\/wp\/v2\/media?parent=1203"}],"curies":[{"name":"wp","href":"https:\/\/api.w.org\/{rel}","templated":true}]}}