{"id":1206,"date":"2024-09-11T15:41:13","date_gmt":"2024-09-11T14:41:13","guid":{"rendered":"https:\/\/www.oneytrust.com\/?page_id=1206"},"modified":"2024-09-11T15:41:14","modified_gmt":"2024-09-11T14:41:14","slug":"mention-information-score","status":"publish","type":"page","link":"https:\/\/www.oneytrust.com\/es\/mention-information-score\/","title":{"rendered":"Mention d&#8217;information Score"},"content":{"rendered":"<style>.kb-row-layout-wrap.wp-block-kadence-rowlayout.kb-row-layout-id1206_a676f2-14{margin-bottom:var(--global-kb-spacing-md, 2rem);}.kb-row-layout-id1206_a676f2-14 > .kt-row-column-wrap{align-content:start;}:where(.kb-row-layout-id1206_a676f2-14 > .kt-row-column-wrap) > .wp-block-kadence-column{justify-content:start;}.kb-row-layout-id1206_a676f2-14 > .kt-row-column-wrap{column-gap:var(--global-kb-gap-md, 2rem);row-gap:var(--global-kb-gap-md, 2rem);padding-top:var(--global-kb-spacing-sm, 1.5rem);padding-bottom:var(--global-kb-spacing-sm, 1.5rem);grid-template-columns:minmax(0, 1fr);}.kb-row-layout-id1206_a676f2-14{border-top-left-radius:10px;border-top-right-radius:10px;border-bottom-right-radius:10px;border-bottom-left-radius:10px;overflow:clip;isolation:isolate;}.kb-row-layout-id1206_a676f2-14 > .kt-row-layout-overlay{border-top-left-radius:10px;border-top-right-radius:10px;border-bottom-right-radius:10px;border-bottom-left-radius:10px;}.kb-row-layout-id1206_a676f2-14{box-shadow:0px 0px 14px 0px rgba(0, 0, 0, 0.08);}.kb-row-layout-id1206_a676f2-14 > .kt-row-layout-overlay{opacity:0.30;}@media all and (max-width: 1024px){.kb-row-layout-id1206_a676f2-14 > .kt-row-column-wrap{grid-template-columns:minmax(0, 1fr);}}@media all and (max-width: 767px){.kb-row-layout-id1206_a676f2-14 > .kt-row-column-wrap{grid-template-columns:minmax(0, 1fr);}}<\/style><div class=\"kb-row-layout-wrap kb-row-layout-id1206_a676f2-14 alignnone has-theme-palette9-background-color kt-row-has-bg wp-block-kadence-rowlayout\"><div class=\"kt-row-column-wrap kt-has-1-columns kt-row-layout-equal kt-tab-layout-inherit kt-mobile-layout-row kt-row-valign-top\">\n<style>.kadence-column1206_6c69f5-07 > .kt-inside-inner-col,.kadence-column1206_6c69f5-07 > .kt-inside-inner-col:before{border-top-left-radius:0px;border-top-right-radius:0px;border-bottom-right-radius:0px;border-bottom-left-radius:0px;}.kadence-column1206_6c69f5-07 > .kt-inside-inner-col{column-gap:var(--global-kb-gap-sm, 1rem);}.kadence-column1206_6c69f5-07 > .kt-inside-inner-col{flex-direction:column;}.kadence-column1206_6c69f5-07 > .kt-inside-inner-col > .aligncenter{width:100%;}.kadence-column1206_6c69f5-07 > .kt-inside-inner-col:before{opacity:0.3;}.kadence-column1206_6c69f5-07{text-align:left;}.kadence-column1206_6c69f5-07{position:relative;}@media all and (max-width: 1024px){.kadence-column1206_6c69f5-07 > .kt-inside-inner-col{flex-direction:column;justify-content:center;}}@media all and (max-width: 767px){.kadence-column1206_6c69f5-07 > .kt-inside-inner-col{flex-direction:column;justify-content:center;}}<\/style>\n<div class=\"wp-block-kadence-column kadence-column1206_6c69f5-07\"><div class=\"kt-inside-inner-col\">\n<h2 class=\"wp-block-heading\">Datos personales \u2013 Lucha contra el fraude<\/h2>\n\n\n\n<p>La informaci\u00f3n relacionada con su operaci\u00f3n se someter\u00e1 a un tratamiento automatizado de datos por parte de Oneytrust, responsable del tratamiento, con el fin de reforzar el nivel de seguridad de las operaciones realizadas en la p\u00e1ginas Web del socio y protegerle, as\u00ed como a sus clientes, frente a fen\u00f3menos potenciales de usurpaci\u00f3n de identidad e intento de fraude.<\/p>\n\n\n\n<h3 class=\"wp-block-heading\">Objeto del tratamiento de datos<\/h3>\n\n\n\n<h4 class=\"wp-block-heading\">Finalidades<\/h4>\n\n\n\n<p class=\"translation-block\">El tratamiento tiene como objeto la lucha contra el fraude de identidad y de pago en las operaciones a distancia realizadas por Internet.\nPermite a Oneytrust:<\/p>\n\n\n\n<ul class=\"wp-block-list\">\n<li>analizar los datos de la transacci\u00f3n;<\/li>\n\n\n\n<li>en funci\u00f3n de normas preestablecidas, asignar una evaluaci\u00f3n (puntuaci\u00f3n) a cada operaci\u00f3n realizada en las plataformas socias;<\/li>\n\n\n\n<li>determinar el identificador de la m\u00e1quina utilizada por una persona para navegar por la p\u00e1gina Web del socio, en particular para comprobar que no se haya utilizado la misma m\u00e1quina para realizar varias transacciones con identidades distintas;<\/li>\n\n\n\n<li>otorgar un primer nivel de confianza durante la navegaci\u00f3n por la(s) p\u00e1gina(s) del socio, con el fin de orientar el curso de la navegaci\u00f3n del cliente final a ra\u00edz de esta informaci\u00f3n;<\/li>\n\n\n\n<li>comparar la informaci\u00f3n de la transacci\u00f3n analizada con la informaci\u00f3n existente de las transacciones realizadas con los distintos socios de Oneytrust y detectar as\u00ed posibles discrepancias;<\/li>\n\n\n\n<li>tras la validaci\u00f3n de la transacci\u00f3n por parte del cliente y su transmisi\u00f3n para que se analice, comunicar al socio un \u00edndice de confianza de la transacci\u00f3n en forma de puntuaci\u00f3n entre cero (0) y cien (100) seg\u00fan el nivel de riesgo evaluado;<\/li>\n\n\n\n<li>detectar intentos de fraudes en la realizaci\u00f3n de operaciones por Internet y registrar a los clientes que hayan cometido un fraude en un archivo de personas de riesgo;<\/li>\n\n\n\n<li>atender las solicitudes de las personas interesadas.<\/li>\n<\/ul>\n\n\n\n<p>La ocurrencia de un incumplimiento de pago debido al uso fraudulento de un medio de pago puede generar el registro de los datos de la transacci\u00f3n relacionada con este incumplimiento en un archivo de incidentes de pago administrado por Oneytrust. Cualquier tipo de declaraci\u00f3n abusiva o anomal\u00eda tambi\u00e9n puede acarear un tratamiento espec\u00edfico.<\/p>\n\n\n\n<h4 class=\"wp-block-heading\">Base legal<\/h4>\n\n\n\n<p>Art\u00edculo 6(1) f) del Reglamento general de protecci\u00f3n de datos.<br>El tratamiento es necesario para los intereses leg\u00edtimos perseguidos por Oneytrust; es decir, la lucha contra el fraude de identidad y el pago en las transacciones a distancia realizadas por Internet.<\/p>\n\n\n\n<h3 class=\"wp-block-heading\">Datos tratados<\/h3>\n\n\n\n<h4 class=\"wp-block-heading\">Categor\u00edas de datos tratados<\/h4>\n\n\n\n<ul class=\"wp-block-list\">\n<li>Datos de identificaci\u00f3n, datos de facturaci\u00f3n y entrega, n\u00famero de tel\u00e9fono, direcci\u00f3n de correo electr\u00f3nico, direcci\u00f3n IP, 6 primeros d\u00edgitos de la tarjeta de cr\u00e9dito; datos de la cuenta bancaria (CCC) encriptados en caso de liquidaci\u00f3n por transferencia o domiciliaci\u00f3n; n\u00famero de identificaci\u00f3n de tarjeta bancaria (PAN) con hash;<\/li>\n\n\n\n<li>Datos relativos a documentaci\u00f3n de identidad, bancaria y de domicilio en el marco de las verificaciones adicionales;<\/li>\n\n\n\n<li>Datos de identificaci\u00f3n electr\u00f3nica (Direcci\u00f3n IP), huella calculada a partir de los datos t\u00e9cnicos recogidos y datos t\u00e9cnicos del terminal utilizado (sistema operativo, idioma, CPU, resoluci\u00f3n, tipo de navegador y versi\u00f3n\u2026).<\/li>\n\n\n\n<li>Data relating to the transaction.<\/li>\n<\/ul>\n\n\n\n<h4 class=\"wp-block-heading\">Fuente de datos<\/h4>\n\n\n\n<p>Information is collected from the customer by the partner.<\/p>\n\n\n\n<h4 class=\"wp-block-heading\">Car\u00e1cter obligatorio de la recopilaci\u00f3n de datos<\/h4>\n\n\n\n<p>La no transmisi\u00f3n de datos en relaci\u00f3n con su operaci\u00f3n podr\u00eda impedir la realizaci\u00f3n y el an\u00e1lisis de su transacci\u00f3n.<\/p>\n\n\n\n<h4 class=\"wp-block-heading\">Toma de decisi\u00f3n automatizada<\/h4>\n\n\n\n<p>El tratamiento no prev\u00e9 toma de decisi\u00f3n automatizada. En cambio, el tratamiento puede excluir datos de una persona del beneficio de un contrato, inclusive de forma temporal. Sin embargo, no se tomar\u00e1 ninguna decisi\u00f3n de rechazo en base a un tratamiento automatizado. Antes de cualquier decisi\u00f3n de rechazo, se llevar\u00e1n a cabo verificaciones adicionales ante la persona interesada para que pueda justificar sus observaciones y solicitar la revisi\u00f3n de su situaci\u00f3n. En cualquier caso, la persona interesada tiene derecho a solicitar una intervenci\u00f3n humana, expresar su punto de vista e impugnar la decisi\u00f3n.<\/p>\n\n\n\n<h3 class=\"wp-block-heading\">Personas interesadas<\/h3>\n\n\n\n<p>El tratamiento de datos se aplica a:<\/p>\n\n\n\n<ul class=\"wp-block-list\">\n<li>las personas f\u00edsicas o jur\u00eddicas que realizan operaciones en la p\u00e1gina Web del socio de Oneytrust;<\/li>\n\n\n\n<li>el personal autorizado de Oneytrust a cargo de la ejecuci\u00f3n del tratamiento.<\/li>\n<\/ul>\n\n\n\n<h3 class=\"wp-block-heading\">Destinatarios de los datos<\/h3>\n\n\n\n<h4 class=\"wp-block-heading\">Categor\u00edas de destinatarios<\/h4>\n\n\n\n<p>En funci\u00f3n de sus respectivas necesidades, son destinatarios de todo o parte de los datos:<\/p>\n\n\n\n<ul class=\"wp-block-list\">\n<li>el socio de Oneytrust con el que el cliente haya realizado la operaci\u00f3n;<\/li>\n\n\n\n<li>el personal autorizado de Oneytrust;<\/li>\n\n\n\n<li>Oneytrust subcontractors and service providers responsible for the hosting and provision of specific technical services.<\/li>\n<\/ul>\n\n\n\n<h4 class=\"wp-block-heading\">Transferencias de datos fuera de la UE<\/h4>\n\n\n\n<p>No data is transferred outside the European Union.<\/p>\n\n\n\n<h3 class=\"wp-block-heading\">Tiempo de conservaci\u00f3n de los datos<\/h3>\n\n\n\n<p>Los datos se conservar\u00e1n durante un per\u00edodo de 15 meses. Los datos relativos a las transacciones para las que se detectaron fraudes probados se registran en un archivo de incidentes durante un per\u00edodo de 2 a\u00f1os o hasta la regularizaci\u00f3n del incidente de pago si interviene este antes del vencimiento del plazo de 2 a\u00f1os.<\/p>\n\n\n\n<h3 class=\"wp-block-heading\">Derechos del interesado acerca de sus datos<\/h3>\n\n\n\n<p>Puede acceder y obtener una copia de sus datos, oponerse al tratamiento de dichos datos, solicitar rectificaciones o solicitar que se borren. Tambi\u00e9n dispone usted de un derecho de limitaci\u00f3n del tratamiento de sus datos y del derecho a formular instrucciones post-mortem espec\u00edficas y generales sobre la conservaci\u00f3n, borrado y comunicaci\u00f3n de sus datos.<\/p>\n\n\n\n<h4 class=\"wp-block-heading\">Ejercer sus derechos<\/h4>\n\n\n\n<p>El delegado de protecci\u00f3n de datos (DPO) de Oneytrust ser\u00e1 su interlocutor para cualquier solicitud de ejercicio de sus derechos acerca de este tratamiento.<\/p>\n\n\n\n<ul class=\"wp-block-list\">\n<li>Contactar con el DPO por v\u00eda electr\u00f3nica escribiendo a dpo[at]oneytrust.com* *(sustituir [at] por @ para enviar)<\/li>\n\n\n\n<li>Contactar con el DPO por correo postal<\/li>\n<\/ul>\n\n\n\n<p>Le d\u00e9l\u00e9gu\u00e9 \u00e0 la protection des donn\u00e9es<br>Oneytrust<br>34 avenue de Flandre<br>59170 Croix<br>FRANCE<\/p>\n\n\n\n<h4 class=\"wp-block-heading\">Reclamaci\u00f3n<\/h4>\n\n\n\n<p>Puede presentar cualquier reclamaci\u00f3n relativa a la atenci\u00f3n dada a una solicitud por Oneytrust escribiendo al DPO. Este realizar\u00e1 sus mejores esfuerzos para atender cualquier reclamaci\u00f3n y tratar de resolver el conflicto.<br>Si considera que tras haber contactado con nosotros, siguen afectados sus derechos acerca de sus datos, puede enviar una reclamaci\u00f3n (denuncia) a la autoridad local de protecci\u00f3n de datos personales que le corresponde o a la autoridad de protecci\u00f3n de datos personales de Oneytrust, es decir, la CNIL \u2013 3 place de Fontenoy \u2013 TSA 80715 \u2013 75334 Par\u00eds Cedex 07 FRANCE.<\/p>\n<\/div><\/div>\n\n<\/div><\/div>","protected":false},"excerpt":{"rendered":"<p>Personal data \u2013 To fight fraud The information relating to your transaction is processed on an automated level by Oneytrust as data controller to increase the level of security of transactions made on the partner\u2019s Internet site and protect the latter and its customers from identity fraud or attempted fraud phenomena. Purpose of the processing&#8230;<\/p>","protected":false},"author":4,"featured_media":0,"parent":0,"menu_order":0,"comment_status":"closed","ping_status":"closed","template":"","meta":{"_acf_changed":false,"inline_featured_image":false,"_kad_blocks_custom_css":"","_kad_blocks_head_custom_js":"","_kad_blocks_body_custom_js":"","_kad_blocks_footer_custom_js":"","_kad_post_transparent":"disable","_kad_post_title":"hide","_kad_post_layout":"normal","_kad_post_sidebar_id":"","_kad_post_content_style":"","_kad_post_vertical_padding":"","_kad_post_feature":"","_kad_post_feature_position":"","_kad_post_header":true,"_kad_post_footer":true,"footnotes":""},"class_list":["post-1206","page","type-page","status-publish","hentry"],"acf":[],"yoast_head":"<!-- This site is optimized with the Yoast SEO plugin v25.9 - https:\/\/yoast.com\/wordpress\/plugins\/seo\/ -->\n<title>Mention d&#039;information Score - Oneytrust<\/title>\n<meta name=\"robots\" content=\"noindex, nofollow\" \/>\n<meta property=\"og:locale\" content=\"es_ES\" \/>\n<meta property=\"og:type\" content=\"article\" \/>\n<meta property=\"og:title\" content=\"Mention d&#039;information Score - Oneytrust\" \/>\n<meta property=\"og:description\" content=\"Personal data \u2013 To fight fraud The information relating to your transaction is processed on an automated level by Oneytrust as data controller to increase the level of security of transactions made on the partner\u2019s Internet site and protect the latter and its customers from identity fraud or attempted fraud phenomena. Purpose of the processing...\" \/>\n<meta property=\"og:url\" content=\"https:\/\/www.oneytrust.com\/es\/mention-information-score\/\" \/>\n<meta property=\"og:site_name\" content=\"Oneytrust\" \/>\n<meta property=\"article:modified_time\" content=\"2024-09-11T14:41:14+00:00\" \/>\n<meta property=\"og:image\" content=\"https:\/\/www.oneytrust.com\/wp-content\/uploads\/2025\/07\/Snip20250711_230.png\" \/>\n\t<meta property=\"og:image:width\" content=\"1200\" \/>\n\t<meta property=\"og:image:height\" content=\"675\" \/>\n\t<meta property=\"og:image:type\" content=\"image\/png\" \/>\n<meta name=\"twitter:card\" content=\"summary_large_image\" \/>\n<meta name=\"twitter:label1\" content=\"Tiempo de lectura\" \/>\n\t<meta name=\"twitter:data1\" content=\"4 minutos\" \/>\n<script type=\"application\/ld+json\" class=\"yoast-schema-graph\">{\"@context\":\"https:\/\/schema.org\",\"@graph\":[{\"@type\":\"WebPage\",\"@id\":\"https:\/\/www.oneytrust.com\/mention-information-score\/\",\"url\":\"https:\/\/www.oneytrust.com\/mention-information-score\/\",\"name\":\"Mention d'information Score - Oneytrust\",\"isPartOf\":{\"@id\":\"https:\/\/www.oneytrust.com\/#website\"},\"datePublished\":\"2024-09-11T14:41:13+00:00\",\"dateModified\":\"2024-09-11T14:41:14+00:00\",\"breadcrumb\":{\"@id\":\"https:\/\/www.oneytrust.com\/mention-information-score\/#breadcrumb\"},\"inLanguage\":\"es\",\"potentialAction\":[{\"@type\":\"ReadAction\",\"target\":[\"https:\/\/www.oneytrust.com\/mention-information-score\/\"]}]},{\"@type\":\"BreadcrumbList\",\"@id\":\"https:\/\/www.oneytrust.com\/mention-information-score\/#breadcrumb\",\"itemListElement\":[{\"@type\":\"ListItem\",\"position\":1,\"name\":\"Home\",\"item\":\"https:\/\/www.oneytrust.com\/\"},{\"@type\":\"ListItem\",\"position\":2,\"name\":\"Mention d&#8217;information Score\"}]},{\"@type\":\"WebSite\",\"@id\":\"https:\/\/www.oneytrust.com\/#website\",\"url\":\"https:\/\/www.oneytrust.com\/\",\"name\":\"Oneytrust\",\"description\":\"Only Trusted Customers. Oneytrust provides fraud detection and identity validation for merchants and banks. Unique consortia data, unbeatable fraud scoring.\",\"publisher\":{\"@id\":\"https:\/\/www.oneytrust.com\/#organization\"},\"potentialAction\":[{\"@type\":\"SearchAction\",\"target\":{\"@type\":\"EntryPoint\",\"urlTemplate\":\"https:\/\/www.oneytrust.com\/?s={search_term_string}\"},\"query-input\":{\"@type\":\"PropertyValueSpecification\",\"valueRequired\":true,\"valueName\":\"search_term_string\"}}],\"inLanguage\":\"es\"},{\"@type\":\"Organization\",\"@id\":\"https:\/\/www.oneytrust.com\/#organization\",\"name\":\"Oneytrust\",\"url\":\"https:\/\/www.oneytrust.com\/\",\"logo\":{\"@type\":\"ImageObject\",\"inLanguage\":\"es\",\"@id\":\"https:\/\/www.oneytrust.com\/#\/schema\/logo\/image\/\",\"url\":\"https:\/\/www.oneytrust.com\/wp-content\/uploads\/2025\/04\/oneytrust-logo.svg\",\"contentUrl\":\"https:\/\/www.oneytrust.com\/wp-content\/uploads\/2025\/04\/oneytrust-logo.svg\",\"width\":171,\"height\":40,\"caption\":\"Oneytrust\"},\"image\":{\"@id\":\"https:\/\/www.oneytrust.com\/#\/schema\/logo\/image\/\"}}]}<\/script>\n<!-- \/ Yoast SEO plugin. -->","yoast_head_json":{"title":"Mention d'information Score - Oneytrust","robots":{"index":"noindex","follow":"nofollow"},"og_locale":"es_ES","og_type":"article","og_title":"Mention d'information Score - Oneytrust","og_description":"Personal data \u2013 To fight fraud The information relating to your transaction is processed on an automated level by Oneytrust as data controller to increase the level of security of transactions made on the partner\u2019s Internet site and protect the latter and its customers from identity fraud or attempted fraud phenomena. Purpose of the processing...","og_url":"https:\/\/www.oneytrust.com\/es\/mention-information-score\/","og_site_name":"Oneytrust","article_modified_time":"2024-09-11T14:41:14+00:00","og_image":[{"width":1200,"height":675,"url":"https:\/\/www.oneytrust.com\/wp-content\/uploads\/2025\/07\/Snip20250711_230.png","type":"image\/png"}],"twitter_card":"summary_large_image","twitter_misc":{"Tiempo de lectura":"4 minutos"},"schema":{"@context":"https:\/\/schema.org","@graph":[{"@type":"WebPage","@id":"https:\/\/www.oneytrust.com\/mention-information-score\/","url":"https:\/\/www.oneytrust.com\/mention-information-score\/","name":"Mention d'information Score - Oneytrust","isPartOf":{"@id":"https:\/\/www.oneytrust.com\/#website"},"datePublished":"2024-09-11T14:41:13+00:00","dateModified":"2024-09-11T14:41:14+00:00","breadcrumb":{"@id":"https:\/\/www.oneytrust.com\/mention-information-score\/#breadcrumb"},"inLanguage":"es","potentialAction":[{"@type":"ReadAction","target":["https:\/\/www.oneytrust.com\/mention-information-score\/"]}]},{"@type":"BreadcrumbList","@id":"https:\/\/www.oneytrust.com\/mention-information-score\/#breadcrumb","itemListElement":[{"@type":"ListItem","position":1,"name":"Home","item":"https:\/\/www.oneytrust.com\/"},{"@type":"ListItem","position":2,"name":"Mention d&#8217;information Score"}]},{"@type":"WebSite","@id":"https:\/\/www.oneytrust.com\/#website","url":"https:\/\/www.oneytrust.com\/","name":"Oneytrust","description":"Only Trusted Customers. Oneytrust provides fraud detection and identity validation for merchants and banks. Unique consortia data, unbeatable fraud scoring.","publisher":{"@id":"https:\/\/www.oneytrust.com\/#organization"},"potentialAction":[{"@type":"SearchAction","target":{"@type":"EntryPoint","urlTemplate":"https:\/\/www.oneytrust.com\/?s={search_term_string}"},"query-input":{"@type":"PropertyValueSpecification","valueRequired":true,"valueName":"search_term_string"}}],"inLanguage":"es"},{"@type":"Organization","@id":"https:\/\/www.oneytrust.com\/#organization","name":"Oneytrust","url":"https:\/\/www.oneytrust.com\/","logo":{"@type":"ImageObject","inLanguage":"es","@id":"https:\/\/www.oneytrust.com\/#\/schema\/logo\/image\/","url":"https:\/\/www.oneytrust.com\/wp-content\/uploads\/2025\/04\/oneytrust-logo.svg","contentUrl":"https:\/\/www.oneytrust.com\/wp-content\/uploads\/2025\/04\/oneytrust-logo.svg","width":171,"height":40,"caption":"Oneytrust"},"image":{"@id":"https:\/\/www.oneytrust.com\/#\/schema\/logo\/image\/"}}]}},"taxonomy_info":[],"featured_image_src_large":false,"author_info":{"display_name":"Audrey Defaix","author_link":"https:\/\/www.oneytrust.com\/es\/author\/audrey-defaix\/"},"comment_info":0,"_links":{"self":[{"href":"https:\/\/www.oneytrust.com\/es\/wp-json\/wp\/v2\/pages\/1206","targetHints":{"allow":["GET"]}}],"collection":[{"href":"https:\/\/www.oneytrust.com\/es\/wp-json\/wp\/v2\/pages"}],"about":[{"href":"https:\/\/www.oneytrust.com\/es\/wp-json\/wp\/v2\/types\/page"}],"author":[{"embeddable":true,"href":"https:\/\/www.oneytrust.com\/es\/wp-json\/wp\/v2\/users\/4"}],"replies":[{"embeddable":true,"href":"https:\/\/www.oneytrust.com\/es\/wp-json\/wp\/v2\/comments?post=1206"}],"version-history":[{"count":2,"href":"https:\/\/www.oneytrust.com\/es\/wp-json\/wp\/v2\/pages\/1206\/revisions"}],"predecessor-version":[{"id":1218,"href":"https:\/\/www.oneytrust.com\/es\/wp-json\/wp\/v2\/pages\/1206\/revisions\/1218"}],"wp:attachment":[{"href":"https:\/\/www.oneytrust.com\/es\/wp-json\/wp\/v2\/media?parent=1206"}],"curies":[{"name":"wp","href":"https:\/\/api.w.org\/{rel}","templated":true}]}}