{"id":1195,"date":"2024-09-10T16:03:23","date_gmt":"2024-09-10T15:03:23","guid":{"rendered":"https:\/\/www.oneytrust.com\/?page_id=1195"},"modified":"2024-12-30T15:24:38","modified_gmt":"2024-12-30T14:24:38","slug":"cookies","status":"publish","type":"page","link":"https:\/\/www.oneytrust.com\/fr\/cookies\/","title":{"rendered":"Oneytrust Cookies Policy"},"content":{"rendered":"<style>.kb-row-layout-wrap.wp-block-kadence-rowlayout.kb-row-layout-id1195_9792f0-44{margin-bottom:var(--global-kb-spacing-md, 2rem);}.kb-row-layout-id1195_9792f0-44 > .kt-row-column-wrap{align-content:start;}:where(.kb-row-layout-id1195_9792f0-44 > .kt-row-column-wrap) > .wp-block-kadence-column{justify-content:start;}.kb-row-layout-id1195_9792f0-44 > .kt-row-column-wrap{column-gap:var(--global-kb-gap-md, 2rem);row-gap:var(--global-kb-gap-md, 2rem);padding-top:var(--global-kb-spacing-sm, 1.5rem);padding-bottom:var(--global-kb-spacing-sm, 1.5rem);grid-template-columns:minmax(0, 1fr);}.kb-row-layout-id1195_9792f0-44{border-top-left-radius:10px;border-top-right-radius:10px;border-bottom-right-radius:10px;border-bottom-left-radius:10px;overflow:clip;isolation:isolate;}.kb-row-layout-id1195_9792f0-44 > .kt-row-layout-overlay{border-top-left-radius:10px;border-top-right-radius:10px;border-bottom-right-radius:10px;border-bottom-left-radius:10px;}.kb-row-layout-id1195_9792f0-44{box-shadow:0px 0px 14px 0px rgba(0, 0, 0, 0.08);}.kb-row-layout-id1195_9792f0-44 > .kt-row-layout-overlay{opacity:0.30;}@media all and (max-width: 1024px){.kb-row-layout-id1195_9792f0-44 > .kt-row-column-wrap{grid-template-columns:minmax(0, 1fr);}}@media all and (max-width: 767px){.kb-row-layout-id1195_9792f0-44 > .kt-row-column-wrap{grid-template-columns:minmax(0, 1fr);}}<\/style><div class=\"kb-row-layout-wrap kb-row-layout-id1195_9792f0-44 alignnone has-theme-palette9-background-color kt-row-has-bg wp-block-kadence-rowlayout\"><div class=\"kt-row-column-wrap kt-has-1-columns kt-row-layout-equal kt-tab-layout-inherit kt-mobile-layout-row kt-row-valign-top\">\n<style>.kadence-column1195_55de52-89 > .kt-inside-inner-col,.kadence-column1195_55de52-89 > .kt-inside-inner-col:before{border-top-left-radius:0px;border-top-right-radius:0px;border-bottom-right-radius:0px;border-bottom-left-radius:0px;}.kadence-column1195_55de52-89 > .kt-inside-inner-col{column-gap:var(--global-kb-gap-sm, 1rem);}.kadence-column1195_55de52-89 > .kt-inside-inner-col{flex-direction:column;}.kadence-column1195_55de52-89 > .kt-inside-inner-col > .aligncenter{width:100%;}.kadence-column1195_55de52-89 > .kt-inside-inner-col:before{opacity:0.3;}.kadence-column1195_55de52-89{position:relative;}@media all and (max-width: 1024px){.kadence-column1195_55de52-89 > .kt-inside-inner-col{flex-direction:column;justify-content:center;}}@media all and (max-width: 767px){.kadence-column1195_55de52-89 > .kt-inside-inner-col{flex-direction:column;justify-content:center;}}<\/style>\n<div class=\"wp-block-kadence-column kadence-column1195_55de52-89\"><div class=\"kt-inside-inner-col\"><style>.wp-block-kadence-advancedheading.kt-adv-heading1195_4a3088-96, .wp-block-kadence-advancedheading.kt-adv-heading1195_4a3088-96[data-kb-block=\"kb-adv-heading1195_4a3088-96\"]{font-size:var(--global-kb-font-size-lg, 2rem);font-style:normal;}.wp-block-kadence-advancedheading.kt-adv-heading1195_4a3088-96 mark.kt-highlight, .wp-block-kadence-advancedheading.kt-adv-heading1195_4a3088-96[data-kb-block=\"kb-adv-heading1195_4a3088-96\"] mark.kt-highlight{font-style:normal;color:#f76a0c;-webkit-box-decoration-break:clone;box-decoration-break:clone;padding-top:0px;padding-right:0px;padding-bottom:0px;padding-left:0px;}<\/style>\n<h1 class=\"kt-adv-heading1195_4a3088-96 wp-block-kadence-advancedheading\" data-kb-block=\"kb-adv-heading1195_4a3088-96\">Politique d\u2019utilisation des cookies<\/h1>\n\n\n\n<p>Lors de la consultation de notre site web oneytrust.com, des informations sont susceptibles d\u2019\u00eatre enregistr\u00e9es dans des fichiers \u201cCookies\u201d install\u00e9s dans votre ordinateur, tablette ou t\u00e9l\u00e9phone mobile (ci-apr\u00e8s le \u00ab\u00a0Terminal\u00a0\u00bb).<\/p>\n\n\n\n<p>Notre politique d\u2019utilisation de cookies a pour objectif de vous informer sur l\u2019origine et les usages des cookies lorsque vous vous connectez sur nos sites. Vous avez le droit de vous opposer, \u00e0 tout moment, au d\u00e9p\u00f4t des cookies (\u00e0 l\u2019exception des cookies de fonctionnement).<\/p>\n\n\n\n<h4 class=\"wp-block-heading\">Sommaire<\/h4>\n\n\n\n<ul class=\"wp-block-list\">\n<li>Qu\u2019est-ce qu\u2019un cookie ?<\/li>\n\n\n\n<li>Quel est le fondement juridique de l\u2019utilisation des cookies ?<\/li>\n\n\n\n<li>Quelle est la port\u00e9e de votre consentement ?<\/li>\n\n\n\n<li>Partage de l&#8217;utilisation de votre Terminal avec d&#8217;autres personnes<\/li>\n\n\n\n<li>Comment votre consementement est-il recueilli, pour combien de temps ?<\/li>\n\n\n\n<li>Comment d\u00e9finir et modifier vos choix ?<\/li>\n\n\n\n<li>Les cat\u00e9gories de cookies utilis\u00e9s sur nos sites web ?<\/li>\n\n\n\n<li>Mise \u00e0 jour de la politique cookies<\/li>\n<\/ul>\n\n\n\n<h3 class=\"wp-block-heading\">1. Qu\u2019est-ce qu\u2019un cookie ?<\/h3>\n\n\n\n<p>Un &#8220;cookie&#8221; est une suite d&#8217;informations, g\u00e9n\u00e9ralement de petite taille et identifi\u00e9 par un nom, qui peut \u00eatre transmis \u00e0 votre navigateur par un site web sur lequel vous vous connectez. Votre navigateur web le conservera pendant une certaine dur\u00e9e, et le site web pourra y acc\u00e9der \u00e0 chaque fois que vous vous y reconnecterez. Les cookies ont de multiples usages : par exemple, ils peuvent servir \u00e0 g\u00e9rer des sessions en m\u00e9morisant votre identifiant, authentifier un utilisateur, conserver ses pr\u00e9f\u00e9rences, diffuser des publicit\u00e9s personnalis\u00e9es ou mesurer l\u2019audience d\u2019un site.<\/p>\n\n\n\n<h3 class=\"wp-block-heading\">2. Quel est le fondement juridique de l\u2019utilisation des cookies&nbsp;?<\/h3>\n\n\n\n<p>L\u2019utilisation des cookies est soumise \u00e0 votre consentement d\u00e8s lors que les cookies ne sont pas strictement n\u00e9cessaires au fonctionnement de nos sites ou exempt\u00e9s de ce consentement, selon les conditions d\u00e9finies par la r\u00e9glementation.<strong><\/strong><\/p>\n\n\n\n<p>En effet, l\u2019enregistrement d\u2019un cookie dans un Terminal est essentiellement subordonn\u00e9 \u00e0 la volont\u00e9 de l\u2019utilisateur du Terminal, que celui-ci peut exprimer et modifier \u00e0 tout moment et gratuitement \u00e0 travers les choix qui lui sont offerts via la plateforme de gestion de cookies accessible en bas de page de nos sites. Le refus ou l\u2019acceptation des cookies sont soumis \u00e0 votre consentement, \u00e0 l\u2019exception des cookies de fonctionnement.<\/p>\n\n\n\n<h3 class=\"wp-block-heading\">3. Quelle est la port\u00e9e de votre consentement&nbsp;?<\/h3>\n\n\n\n<p>Votre consentement est li\u00e9 \u00e0 votre Terminal et au navigateur utilis\u00e9 lorsque vous avez exprim\u00e9 votre choix. Ainsi, vos choix en mati\u00e8re de cookies (acceptation ou refus, partiel ou global), que vous d\u00e9clarez sur votre Terminal, sont valables uniquement pour le navigateur que vous utilisez et pour le site web de Oneytrust que vous visitez.<\/p>\n\n\n\n<h3 class=\"wp-block-heading\">4. Partage de l&#8217;utilisation de votre Terminal avec d&#8217;autres personnes<\/h3>\n\n\n\n<p>Nous attirons votre attention sur le fait que, si vous utilisez diff\u00e9rents Terminaux pour acc\u00e9der \u00e0 nos sites web, le param\u00e9trage de vos pr\u00e9f\u00e9rences doit \u00eatre effectu\u00e9 sur chacun d\u2019eux.<\/p>\n\n\n\n<p>Si votre Terminal est utilis\u00e9 par plusieurs personnes et lorsqu&#8217;un m\u00eame Terminal dispose de plusieurs logiciels de navigation, nous ne pouvons pas nous assurer de mani\u00e8re certaine que les services et publicit\u00e9s destin\u00e9s \u00e0 votre \u00e9quipement Terminal correspondent bien \u00e0 votre propre utilisation de cet \u00e9quipement Terminal et non \u00e0 celle d&#8217;un autre utilisateur de cet \u00e9quipement Terminal.<\/p>\n\n\n\n<p>Le partage avec d\u2019autres personnes de l\u2019utilisation de votre \u00e9quipement Terminal et la configuration des param\u00e8tres de votre navigateur \u00e0 l\u2019\u00e9gard des cookies, rel\u00e8vent de votre libre choix et de votre responsabilit\u00e9.<\/p>\n\n\n\n<h3 class=\"wp-block-heading\">5. Comment votre consentement est-il recueilli, pour combien de temps\u00a0?<\/h3>\n\n\n\n<p>Lors de votre premi\u00e8re visite sur les sites web Oneytrust, puis \u00e0 tout moment, vous pouvez personnaliser vos choix en mati\u00e8re de cookies (acceptation ou refus, partiel ou global) gr\u00e2ce \u00e0 l\u2019affichage d\u2019un bandeau informatif d\u00e9taillant les types de cookies d\u00e9pos\u00e9s. En cas d\u2019acceptation, vous consentez \u00e0 l\u2019utilisation de ces cookies sur votre Terminal et sur les sites web concern\u00e9s. Les derniers choix que vous avez d\u00e9clar\u00e9s (acceptation ou refus de tous les cookies et autres traceurs) seront conserv\u00e9s pendant un maximum de<strong> <\/strong>12 mois. Ce d\u00e9lai pass\u00e9, votre consentement sera de nouveau demand\u00e9. Lorsque cela est requis, nous serons amen\u00e9s \u00e0 solliciter de nouveau votre consentement, en cas :<\/p>\n\n\n\n<ul class=\"wp-block-list\">\n<li>d\u2019ajout, de modification, de suppression de finalit\u00e9s ;<\/li>\n\n\n\n<li>d\u2019\u00e9volution significative de la port\u00e9e du consentement ;<\/li>\n\n\n\n<li>d\u2019\u00e9volution de la plateforme de gestion des consentements ;<\/li>\n\n\n\n<li>d\u2019obligations r\u00e9glementaires.<\/li>\n<\/ul>\n\n\n\n<h3 class=\"wp-block-heading\">6. Comment d\u00e9finir et modifier vos choix\u00a0?<\/h3>\n\n\n\n<p>Une plateforme de gestion des consentements aux cookies est \u00e0 votre disposition en bas de page de nos sites. Vous pouvez \u00e0 tout moment vous informer et personnaliser vos choix pour les accepter ou les refuser soit int\u00e9gralement soit partiellement.<\/p>\n\n\n\n<p>Vous pouvez \u00e9galement configurer votre logiciel de navigation de sorte que des cookies soient enregistr\u00e9s dans votre Terminal ou, au contraire, qu&#8217;ils soient rejet\u00e9s, soit syst\u00e9matiquement, soit selon leur \u00e9metteur. Vous pouvez aussi configurer votre logiciel de navigation de sorte que l&#8217;acceptation ou le refus des cookies vous soient propos\u00e9s ponctuellement, avant qu&#8217;un cookie soit susceptible d&#8217;\u00eatre enregistr\u00e9 dans votre Terminal. Pour la gestion des cookies et de vos choix, la configuration de chaque navigateur est diff\u00e9rente. Elle est d\u00e9crite dans le menu d&#8217;aide de votre navigateur, qui vous permettra de savoir de quelle mani\u00e8re modifier vos souhaits en mati\u00e8re de cookies.<\/p>\n\n\n\n<p>Pour en savoir plus sur les cookies (comment les g\u00e9rer, les supprimer, les identifier), vous pouvez consulter le site de la&nbsp;<a href=\"http:\/\/www.cnil.fr\/vos-droits\/vos-traces\/les-cookies\/#c5554\" target=\"_blank\" rel=\"noreferrer noopener\">CNIL.<\/a><\/p>\n\n\n\n<h3 class=\"wp-block-heading\">7. Les cat\u00e9gories de cookies utilis\u00e9s sur nos sites web<\/h3>\n\n\n\n<h4 class=\"wp-block-heading\">Cookies de fonctionnement<\/h4>\n\n\n\n<p>Les cookies de fonctionnement sont d\u00e9pos\u00e9s par l\u2019\u00e9diteur du site. Ils permettent un fonctionnement optimal et s\u00e9curis\u00e9 du site. Ces cookies sont indispensables \u00e0 la navigation sur le site et ne peuvent pas \u00eatre refus\u00e9s. Le site web ne peut pas fonctionner correctement sans ces cookies. Ils nous permettent par exemple :<\/p>\n\n\n\n<ul class=\"wp-block-list\">\n<li>d\u2019adapter la pr\u00e9sentation du site web aux pr\u00e9f\u00e9rences d\u2019affichage de votre Terminal (langue utilis\u00e9e, r\u00e9solution d\u2019affichage, syst\u00e8me d\u2019exploitation utilis\u00e9, etc.) selon votre navigateur ;<\/li>\n\n\n\n<li>de m\u00e9moriser vos choix cookies.<\/li>\n<\/ul>\n\n\n\n<figure class=\"wp-block-table\"><table class=\"has-fixed-layout\"><thead><tr><th>Nom du cookie<\/th><th>Finalit\u00e9<\/th><th>Dur\u00e9e de conservation<\/th><th>Domaine associ\u00e9<\/th><\/tr><\/thead><tbody><tr><td>pll_language<\/td><td>Ce cookie est utilis\u00e9 pour d\u00e9terminer la langue pr\u00e9f\u00e9r\u00e9e du visiteur et, si possible, param\u00e9trer la langue du site en cons\u00e9quence.<\/td><td>1 an<\/td><td>oneytrust.com<\/td><\/tr><tr><td>axeptio_all_vendors<\/td><td>Conserver les choix exprim\u00e9s sur notre plateforme de gestion des cookies<\/td><td>6 mois<\/td><td>oneytrust.com<\/td><\/tr><tr><td>axeptio_authorized_vendors<\/td><td>Conserver les choix exprim\u00e9s sur notre plateforme de gestion des cookies<\/td><td>6 mois<\/td><td>oneytrust.com<\/td><\/tr><tr><td>axeptio_cache_identifier<\/td><td>Conserver les choix exprim\u00e9s sur notre plateforme de gestion des cookies<\/td><td>7 jours<\/td><td>oneytrust.com<\/td><\/tr><tr><td>axeptio_cookies<\/td><td>Conserver les choix exprim\u00e9s sur notre plateforme de gestion des cookies<\/td><td>6 mois<\/td><td>oneytrust.com<\/td><\/tr><\/tbody><\/table><\/figure>\n\n\n\n<h4 class=\"wp-block-heading\">Cookies de mesure d&#8217;audience et de web analyse<\/h4>\n\n\n\n<p>Le d\u00e9p\u00f4t des cookies de mesure d\u2019audience sur votre Terminal se fait uniquement avec votre consentement pr\u00e9alable. Il s&#8217;agit de cookies d\u00e9pos\u00e9s par l\u2019\u00e9diteur. Ces cookies nous permettent de mesurer votre fr\u00e9quentation de nos sites, optimiser l\u2019int\u00e9r\u00eat et l\u2019ergonomie de nos sites, de nos services et contenus, d\u00e9terminer vos centres d\u2019int\u00e9r\u00eat et vos comportements, mesurer l\u2019efficacit\u00e9 de nos campagnes marketing, tester diff\u00e9rentes fonctionnalit\u00e9s.<\/p>\n\n\n\n<figure class=\"wp-block-table\"><table class=\"has-fixed-layout\"><thead><tr><th>Nom du cookie<\/th><th>Finalit\u00e9<\/th><th>Dur\u00e9e de conservation<\/th><th>Domaine associ\u00e9<\/th><\/tr><\/thead><tbody><tr><td>_ga<\/td><td>Permet de distinguer un utilisateur d&#8217;un autre<\/td><td>13 mois<\/td><td>oneytrust.com<\/td><\/tr><tr><td>_ga_EB6FFJ6H5L<\/td><td>Permet de mesurer des indicateurs tels que le trafic, les services les plus consult\u00e9s ou la r\u00e9partition g\u00e9ographique des visiteurs<\/td><td>13 mois<\/td><td>oneytrust.com<\/td><\/tr><\/tbody><\/table><\/figure>\n\n\n\n<p>Vous pouvez \u00e0 tout moment vous informer et param\u00e9trer les cookies pour les accepter ou les refuser en vous rendant sur notre plateforme de gestion des cookies. Toutefois, si vous refusez ces cookies, nous ne pourrons plus mesurer votre utilisation des sites et l\u2019efficacit\u00e9 de nos campagnes marketing, optimiser nos services et contenus, am\u00e9liorer et personnaliser votre exp\u00e9rience utilisateur.<\/p>\n\n\n\n<h3 class=\"wp-block-heading\">8. Mise \u00e0 jour de la politique cookies<\/h3>\n\n\n\n<p>Nous pouvons \u00eatre amen\u00e9s \u00e0 modifier la pr\u00e9sente politique cookies. Nous vous invitons donc \u00e0 la consulter r\u00e9guli\u00e8rement afin de prendre connaissance de sa derni\u00e8re version.<\/p>\n<\/div><\/div>\n\n<\/div><\/div>\n\n\n<p><\/p>","protected":false},"excerpt":{"rendered":"<p>Politique d\u2019utilisation des cookies Lors de la consultation de notre site web oneytrust.com, des informations sont susceptibles d\u2019\u00eatre enregistr\u00e9es dans des fichiers \u201cCookies\u201d install\u00e9s dans votre ordinateur, tablette ou t\u00e9l\u00e9phone mobile (ci-apr\u00e8s le \u00ab\u00a0Terminal\u00a0\u00bb). Notre politique d\u2019utilisation de cookies a pour objectif de vous informer sur l\u2019origine et les usages des cookies lorsque vous vous&#8230;<\/p>","protected":false},"author":4,"featured_media":0,"parent":0,"menu_order":0,"comment_status":"closed","ping_status":"closed","template":"","meta":{"_acf_changed":false,"inline_featured_image":false,"_kad_blocks_custom_css":"","_kad_blocks_head_custom_js":"","_kad_blocks_body_custom_js":"","_kad_blocks_footer_custom_js":"","_kad_post_transparent":"disable","_kad_post_title":"","_kad_post_layout":"normal","_kad_post_sidebar_id":"","_kad_post_content_style":"","_kad_post_vertical_padding":"","_kad_post_feature":"","_kad_post_feature_position":"","_kad_post_header":false,"_kad_post_footer":false,"footnotes":""},"class_list":["post-1195","page","type-page","status-publish","hentry"],"acf":[],"yoast_head":"<!-- This site is optimized with the Yoast SEO plugin v25.9 - https:\/\/yoast.com\/wordpress\/plugins\/seo\/ -->\n<title>Oneytrust Cookies Policy - Oneytrust<\/title>\n<meta name=\"robots\" content=\"noindex, nofollow\" \/>\n<meta property=\"og:locale\" content=\"fr_FR\" \/>\n<meta property=\"og:type\" content=\"article\" \/>\n<meta property=\"og:title\" content=\"Oneytrust Cookies Policy - Oneytrust\" \/>\n<meta property=\"og:description\" content=\"Politique d\u2019utilisation des cookies Lors de la consultation de notre site web oneytrust.com, des informations sont susceptibles d\u2019\u00eatre enregistr\u00e9es dans des fichiers \u201cCookies\u201d install\u00e9s dans votre ordinateur, tablette ou t\u00e9l\u00e9phone mobile (ci-apr\u00e8s le \u00ab\u00a0Terminal\u00a0\u00bb). Notre politique d\u2019utilisation de cookies a pour objectif de vous informer sur l\u2019origine et les usages des cookies lorsque vous vous...\" \/>\n<meta property=\"og:url\" content=\"https:\/\/www.oneytrust.com\/fr\/cookies\/\" \/>\n<meta property=\"og:site_name\" content=\"Oneytrust\" \/>\n<meta property=\"article:modified_time\" content=\"2024-12-30T14:24:38+00:00\" \/>\n<meta property=\"og:image\" content=\"https:\/\/www.oneytrust.com\/wp-content\/uploads\/2025\/07\/Snip20250711_230.png\" \/>\n\t<meta property=\"og:image:width\" content=\"1200\" \/>\n\t<meta property=\"og:image:height\" content=\"675\" \/>\n\t<meta property=\"og:image:type\" content=\"image\/png\" \/>\n<meta name=\"twitter:card\" content=\"summary_large_image\" \/>\n<meta name=\"twitter:label1\" content=\"Dur\u00e9e de lecture estim\u00e9e\" \/>\n\t<meta name=\"twitter:data1\" content=\"6 minutes\" \/>\n<script type=\"application\/ld+json\" class=\"yoast-schema-graph\">{\"@context\":\"https:\/\/schema.org\",\"@graph\":[{\"@type\":\"WebPage\",\"@id\":\"https:\/\/www.oneytrust.com\/cookies\/\",\"url\":\"https:\/\/www.oneytrust.com\/cookies\/\",\"name\":\"Oneytrust Cookies Policy - Oneytrust\",\"isPartOf\":{\"@id\":\"https:\/\/www.oneytrust.com\/#website\"},\"datePublished\":\"2024-09-10T15:03:23+00:00\",\"dateModified\":\"2024-12-30T14:24:38+00:00\",\"breadcrumb\":{\"@id\":\"https:\/\/www.oneytrust.com\/cookies\/#breadcrumb\"},\"inLanguage\":\"fr-FR\",\"potentialAction\":[{\"@type\":\"ReadAction\",\"target\":[\"https:\/\/www.oneytrust.com\/cookies\/\"]}]},{\"@type\":\"BreadcrumbList\",\"@id\":\"https:\/\/www.oneytrust.com\/cookies\/#breadcrumb\",\"itemListElement\":[{\"@type\":\"ListItem\",\"position\":1,\"name\":\"Home\",\"item\":\"https:\/\/www.oneytrust.com\/\"},{\"@type\":\"ListItem\",\"position\":2,\"name\":\"Oneytrust Cookies Policy\"}]},{\"@type\":\"WebSite\",\"@id\":\"https:\/\/www.oneytrust.com\/#website\",\"url\":\"https:\/\/www.oneytrust.com\/\",\"name\":\"Oneytrust\",\"description\":\"Only Trusted Customers. Oneytrust provides fraud detection and identity validation for merchants and banks. Unique consortia data, unbeatable fraud scoring.\",\"publisher\":{\"@id\":\"https:\/\/www.oneytrust.com\/#organization\"},\"potentialAction\":[{\"@type\":\"SearchAction\",\"target\":{\"@type\":\"EntryPoint\",\"urlTemplate\":\"https:\/\/www.oneytrust.com\/?s={search_term_string}\"},\"query-input\":{\"@type\":\"PropertyValueSpecification\",\"valueRequired\":true,\"valueName\":\"search_term_string\"}}],\"inLanguage\":\"fr-FR\"},{\"@type\":\"Organization\",\"@id\":\"https:\/\/www.oneytrust.com\/#organization\",\"name\":\"Oneytrust\",\"url\":\"https:\/\/www.oneytrust.com\/\",\"logo\":{\"@type\":\"ImageObject\",\"inLanguage\":\"fr-FR\",\"@id\":\"https:\/\/www.oneytrust.com\/#\/schema\/logo\/image\/\",\"url\":\"https:\/\/www.oneytrust.com\/wp-content\/uploads\/2025\/04\/oneytrust-logo.svg\",\"contentUrl\":\"https:\/\/www.oneytrust.com\/wp-content\/uploads\/2025\/04\/oneytrust-logo.svg\",\"width\":171,\"height\":40,\"caption\":\"Oneytrust\"},\"image\":{\"@id\":\"https:\/\/www.oneytrust.com\/#\/schema\/logo\/image\/\"}}]}<\/script>\n<!-- \/ Yoast SEO plugin. -->","yoast_head_json":{"title":"Oneytrust Cookies Policy - Oneytrust","robots":{"index":"noindex","follow":"nofollow"},"og_locale":"fr_FR","og_type":"article","og_title":"Oneytrust Cookies Policy - Oneytrust","og_description":"Politique d\u2019utilisation des cookies Lors de la consultation de notre site web oneytrust.com, des informations sont susceptibles d\u2019\u00eatre enregistr\u00e9es dans des fichiers \u201cCookies\u201d install\u00e9s dans votre ordinateur, tablette ou t\u00e9l\u00e9phone mobile (ci-apr\u00e8s le \u00ab\u00a0Terminal\u00a0\u00bb). Notre politique d\u2019utilisation de cookies a pour objectif de vous informer sur l\u2019origine et les usages des cookies lorsque vous vous...","og_url":"https:\/\/www.oneytrust.com\/fr\/cookies\/","og_site_name":"Oneytrust","article_modified_time":"2024-12-30T14:24:38+00:00","og_image":[{"width":1200,"height":675,"url":"https:\/\/www.oneytrust.com\/wp-content\/uploads\/2025\/07\/Snip20250711_230.png","type":"image\/png"}],"twitter_card":"summary_large_image","twitter_misc":{"Dur\u00e9e de lecture estim\u00e9e":"6 minutes"},"schema":{"@context":"https:\/\/schema.org","@graph":[{"@type":"WebPage","@id":"https:\/\/www.oneytrust.com\/cookies\/","url":"https:\/\/www.oneytrust.com\/cookies\/","name":"Oneytrust Cookies Policy - Oneytrust","isPartOf":{"@id":"https:\/\/www.oneytrust.com\/#website"},"datePublished":"2024-09-10T15:03:23+00:00","dateModified":"2024-12-30T14:24:38+00:00","breadcrumb":{"@id":"https:\/\/www.oneytrust.com\/cookies\/#breadcrumb"},"inLanguage":"fr-FR","potentialAction":[{"@type":"ReadAction","target":["https:\/\/www.oneytrust.com\/cookies\/"]}]},{"@type":"BreadcrumbList","@id":"https:\/\/www.oneytrust.com\/cookies\/#breadcrumb","itemListElement":[{"@type":"ListItem","position":1,"name":"Home","item":"https:\/\/www.oneytrust.com\/"},{"@type":"ListItem","position":2,"name":"Oneytrust Cookies Policy"}]},{"@type":"WebSite","@id":"https:\/\/www.oneytrust.com\/#website","url":"https:\/\/www.oneytrust.com\/","name":"Oneytrust","description":"Only Trusted Customers. Oneytrust provides fraud detection and identity validation for merchants and banks. Unique consortia data, unbeatable fraud scoring.","publisher":{"@id":"https:\/\/www.oneytrust.com\/#organization"},"potentialAction":[{"@type":"SearchAction","target":{"@type":"EntryPoint","urlTemplate":"https:\/\/www.oneytrust.com\/?s={search_term_string}"},"query-input":{"@type":"PropertyValueSpecification","valueRequired":true,"valueName":"search_term_string"}}],"inLanguage":"fr-FR"},{"@type":"Organization","@id":"https:\/\/www.oneytrust.com\/#organization","name":"Oneytrust","url":"https:\/\/www.oneytrust.com\/","logo":{"@type":"ImageObject","inLanguage":"fr-FR","@id":"https:\/\/www.oneytrust.com\/#\/schema\/logo\/image\/","url":"https:\/\/www.oneytrust.com\/wp-content\/uploads\/2025\/04\/oneytrust-logo.svg","contentUrl":"https:\/\/www.oneytrust.com\/wp-content\/uploads\/2025\/04\/oneytrust-logo.svg","width":171,"height":40,"caption":"Oneytrust"},"image":{"@id":"https:\/\/www.oneytrust.com\/#\/schema\/logo\/image\/"}}]}},"taxonomy_info":[],"featured_image_src_large":false,"author_info":{"display_name":"Audrey Defaix","author_link":"https:\/\/www.oneytrust.com\/fr\/author\/audrey-defaix\/"},"comment_info":0,"_links":{"self":[{"href":"https:\/\/www.oneytrust.com\/fr\/wp-json\/wp\/v2\/pages\/1195","targetHints":{"allow":["GET"]}}],"collection":[{"href":"https:\/\/www.oneytrust.com\/fr\/wp-json\/wp\/v2\/pages"}],"about":[{"href":"https:\/\/www.oneytrust.com\/fr\/wp-json\/wp\/v2\/types\/page"}],"author":[{"embeddable":true,"href":"https:\/\/www.oneytrust.com\/fr\/wp-json\/wp\/v2\/users\/4"}],"replies":[{"embeddable":true,"href":"https:\/\/www.oneytrust.com\/fr\/wp-json\/wp\/v2\/comments?post=1195"}],"version-history":[{"count":3,"href":"https:\/\/www.oneytrust.com\/fr\/wp-json\/wp\/v2\/pages\/1195\/revisions"}],"predecessor-version":[{"id":1385,"href":"https:\/\/www.oneytrust.com\/fr\/wp-json\/wp\/v2\/pages\/1195\/revisions\/1385"}],"wp:attachment":[{"href":"https:\/\/www.oneytrust.com\/fr\/wp-json\/wp\/v2\/media?parent=1195"}],"curies":[{"name":"wp","href":"https:\/\/api.w.org\/{rel}","templated":true}]}}