{"id":1203,"date":"2024-09-11T08:49:04","date_gmt":"2024-09-11T07:49:04","guid":{"rendered":"https:\/\/www.oneytrust.com\/?page_id=1203"},"modified":"2025-06-24T16:18:51","modified_gmt":"2025-06-24T14:18:51","slug":"mention-information-review","status":"publish","type":"page","link":"https:\/\/www.oneytrust.com\/fr\/mention-information-review\/","title":{"rendered":"Mention d&#8217;information Digital Review"},"content":{"rendered":"<style>.kb-row-layout-wrap.wp-block-kadence-rowlayout.kb-row-layout-id1203_ddda77-40{margin-bottom:var(--global-kb-spacing-md, 2rem);}.kb-row-layout-id1203_ddda77-40 > .kt-row-column-wrap{align-content:start;}:where(.kb-row-layout-id1203_ddda77-40 > .kt-row-column-wrap) > .wp-block-kadence-column{justify-content:start;}.kb-row-layout-id1203_ddda77-40 > .kt-row-column-wrap{column-gap:var(--global-kb-gap-md, 2rem);row-gap:var(--global-kb-gap-md, 2rem);padding-top:var(--global-kb-spacing-sm, 1.5rem);padding-bottom:var(--global-kb-spacing-sm, 1.5rem);grid-template-columns:minmax(0, 1fr);}.kb-row-layout-id1203_ddda77-40{border-top-left-radius:10px;border-top-right-radius:10px;border-bottom-right-radius:10px;border-bottom-left-radius:10px;overflow:clip;isolation:isolate;}.kb-row-layout-id1203_ddda77-40 > .kt-row-layout-overlay{border-top-left-radius:10px;border-top-right-radius:10px;border-bottom-right-radius:10px;border-bottom-left-radius:10px;}.kb-row-layout-id1203_ddda77-40{box-shadow:0px 0px 14px 0px rgba(0, 0, 0, 0.08);}.kb-row-layout-id1203_ddda77-40 > .kt-row-layout-overlay{opacity:0.30;}@media all and (max-width: 1024px){.kb-row-layout-id1203_ddda77-40 > .kt-row-column-wrap{grid-template-columns:minmax(0, 1fr);}}@media all and (max-width: 767px){.kb-row-layout-id1203_ddda77-40 > .kt-row-column-wrap{grid-template-columns:minmax(0, 1fr);}}<\/style><div class=\"kb-row-layout-wrap kb-row-layout-id1203_ddda77-40 alignnone has-theme-palette9-background-color kt-row-has-bg wp-block-kadence-rowlayout\"><div class=\"kt-row-column-wrap kt-has-1-columns kt-row-layout-equal kt-tab-layout-inherit kt-mobile-layout-row kt-row-valign-top\">\n<style>.kadence-column1203_fd3e99-09 > .kt-inside-inner-col,.kadence-column1203_fd3e99-09 > .kt-inside-inner-col:before{border-top-left-radius:0px;border-top-right-radius:0px;border-bottom-right-radius:0px;border-bottom-left-radius:0px;}.kadence-column1203_fd3e99-09 > .kt-inside-inner-col{column-gap:var(--global-kb-gap-sm, 1rem);}.kadence-column1203_fd3e99-09 > .kt-inside-inner-col{flex-direction:column;}.kadence-column1203_fd3e99-09 > .kt-inside-inner-col > .aligncenter{width:100%;}.kadence-column1203_fd3e99-09 > .kt-inside-inner-col:before{opacity:0.3;}.kadence-column1203_fd3e99-09{text-align:left;}.kadence-column1203_fd3e99-09{position:relative;}@media all and (max-width: 1024px){.kadence-column1203_fd3e99-09 > .kt-inside-inner-col{flex-direction:column;justify-content:center;}}@media all and (max-width: 767px){.kadence-column1203_fd3e99-09 > .kt-inside-inner-col{flex-direction:column;justify-content:center;}}<\/style>\n<div class=\"wp-block-kadence-column kadence-column1203_fd3e99-09\"><div class=\"kt-inside-inner-col\">\n<h2 class=\"wp-block-heading\">Donn\u00e9es personnelles \u2013 Lutte contre la fraude<\/h2>\n\n\n\n<p>Les informations en rapport avec votre op\u00e9ration font l\u2019objet d\u2019un traitement automatis\u00e9 de donn\u00e9es par Oneytrust, responsable de traitement, dans le but de renforcer le niveau de s\u00e9curit\u00e9 des op\u00e9rations enregistr\u00e9es par le partenaire et de prot\u00e9ger ce dernier et ses clients contre d\u2019\u00e9ventuels ph\u00e9nom\u00e8nes d\u2019usurpation d\u2019identit\u00e9 ou de tentative de fraude.<\/p>\n\n\n\n<h3 class=\"wp-block-heading\">Objet du traitement de donn\u00e9es<\/h3>\n\n\n\n<h4 class=\"wp-block-heading\">Finalit\u00e9s<\/h4>\n\n\n\n<p>Le traitement mis en \u0153uvre par Oneytrust a pour objet la lutte contre la fraude \u00e0 l\u2019identit\u00e9 et au paiement\/remboursement sur les op\u00e9rations r\u00e9alis\u00e9es \u00e0 distance via le r\u00e9seau internet ou en magasin physique avec une modalit\u00e9 de paiement pr\u00e9sentant un risque de fraude similaire \u00e0 une op\u00e9ration en ligne.<br>Il permet \u00e0 Oneytrust :<\/p>\n\n\n\n<ul class=\"wp-block-list\">\n<li>de r\u00e9cup\u00e9rer des informations compl\u00e9mentaires, aupr\u00e8s des prestataires d\u2019 Oneytrust, pour enrichir et qualifier certaines donn\u00e9es de l\u2019op\u00e9ration (adresse \u00e9lectronique, t\u00e9l\u00e9phone, adresse postale, adresse IP, BIN 6 le cas \u00e9ch\u00e9ant) ;<\/li>\n\n\n\n<li>en fonction de r\u00e8gles pr\u00e9\u00e9tablies, de diminuer les revues manuelles en validant automatiquement les op\u00e9rations qui n\u2019ont pas pu \u00eatre valid\u00e9es par un dispositif d\u2019analyse automatique (score automatique) ;<\/li>\n\n\n\n<li>de mener des recherches ou phases d\u2019exp\u00e9rimentation afin d\u2019am\u00e9liorer et d\u2019enrichir ses solutions pour qu\u2019elles soient toujours plus pertinentes et ad\u00e9quates et ce, afin de prot\u00e9ger les consommateurs en am\u00e9liorant continuellement le dispositif de lutte contre la fraude ; \u00e0 cette fin, les donn\u00e9es pourront \u00eatre r\u00e9utilis\u00e9es pour l\u2019entra\u00eenement de mod\u00e8les d\u2019IA.<\/li>\n<\/ul>\n\n\n\n<p>Vos donn\u00e9es pourront faire l\u2019objet d\u2019une annotation (attribution d\u2019une ou plusieurs caract\u00e9ristiques) par Oneytrust afin d\u2019identifier les cat\u00e9gories de donn\u00e9es dans le jeu de donn\u00e9es.<\/p>\n\n\n\n<h4 class=\"wp-block-heading\">Base l\u00e9gale<\/h4>\n\n\n\n<p>Article 6 (1) f du r\u00e8glement g\u00e9n\u00e9ral sur la protection des donn\u00e9es.<br>Le traitement est n\u00e9cessaire aux fins des int\u00e9r\u00eats l\u00e9gitimes poursuivis par Oneytrust ; \u00e0 savoir, la lutte contre la fraude \u00e0 l\u2019identit\u00e9 et au paiement\/remboursement lors des op\u00e9rations \u00e0 distance r\u00e9alis\u00e9es via le r\u00e9seau internet ou en magasin physique avec une modalit\u00e9 de paiement pr\u00e9sentant un risque de fraude similaire \u00e0 une op\u00e9ration en ligne.<\/p>\n\n\n\n<h3 class=\"wp-block-heading\">Donn\u00e9es trait\u00e9es<\/h3>\n\n\n\n<h4 class=\"wp-block-heading\">Cat\u00e9gories de donn\u00e9es trait\u00e9es<\/h4>\n\n\n\n<ul class=\"wp-block-list\">\n<li>Donn\u00e9es d\u2019identification : Nom, pr\u00e9nom, d\u00e9nomination sociale, adresse \u00e9lectronique, adresse postale, t\u00e9l\u00e9phone, r\u00e9f\u00e9rence interne du partenaire (num\u00e9ro client, r\u00e9f\u00e9rence commande, etc.).<\/li>\n\n\n\n<li>Informations d\u2019ordre \u00e9conomique et financier : 6 premiers chiffres de la carte bancaire.<\/li>\n\n\n\n<li>Donn\u00e9es de connexion : Adresse IP.<\/li>\n\n\n\n<li>Autres cat\u00e9gories de donn\u00e9es : Indice de confiance, sous-\u00e9l\u00e9ments techniques de validation des donn\u00e9es d'identification, de l\u2019adresse IP et du BIN6 par corr\u00e9lation (validit\u00e9, identit\u00e9 associ\u00e9e, fournisseur, op\u00e9rateur...).<\/li>\n<\/ul>\n\n\n\n<h4 class=\"wp-block-heading\">Source des donn\u00e9es<\/h4>\n\n\n\n<p>Les informations sont recueillies aupr\u00e8s de la personne concern\u00e9e par l\u2019interm\u00e9diaire du partenaire mais \u00e9galement aupr\u00e8s des prestataires de Oneytrust pour les donn\u00e9es compl\u00e9mentaires ainsi qu\u2019\u00e0 partir de bases accessibles au public.<\/p>\n\n\n\n<h4 class=\"wp-block-heading\">Caract\u00e8re obligatoire du recueil des donn\u00e9es<\/h4>\n\n\n\n<p>La non-transmission des donn\u00e9es en rapport avec votre op\u00e9ration emp\u00eache son analyse par Oneytrust. L\u2019ex\u00e9cution de votre op\u00e9ration ne rel\u00e8ve que de la d\u00e9cision du partenaire de Oneytrust.<\/p>\n\n\n\n<h4 class=\"wp-block-heading\">Prise de d\u00e9cision automatis\u00e9e<\/h4>\n\n\n\n<p>Le traitement pr\u00e9voit une prise de d\u00e9cision par un automate uniquement lorsque cette d\u00e9cision est positive. Le traitement mis en \u0153uvre par Oneytrust ne pr\u00e9voit pas de prise de d\u00e9cision de refus  fond\u00e9e exclusivement sur l\u2019analyse automatis\u00e9e.<\/p>\n\n\n\n<h3 class=\"wp-block-heading\">Personnes concern\u00e9es<\/h3>\n\n\n\n<p>Le traitement de donn\u00e9es concerne :<\/p>\n\n\n\n<ul class=\"wp-block-list\">\n<li>les personnes physiques et morales qui r\u00e9alisent des op\u00e9rations dans les points de vente physique et \u00e0 distance, aupr\u00e8s des partenaires de Oneytrust ;<\/li>\n\n\n\n<li>le personnel autoris\u00e9 de Oneytrust en charge de la mise en \u0153uvre du traitement.<\/li>\n<\/ul>\n\n\n\n<h3 class=\"wp-block-heading\">Destinataires des donn\u00e9es<\/h3>\n\n\n\n<h4 class=\"wp-block-heading\">Cat\u00e9gories de destinataires<\/h4>\n\n\n\n<p>En fonction de leurs besoins respectifs, sont destinataires de tout ou partie des donn\u00e9es :<\/p>\n\n\n\n<ul class=\"wp-block-list\">\n<li>le personnel autoris\u00e9 de Oneytrust ;<\/li>\n\n\n\n<li>le partenaire de Oneytrust aupr\u00e8s de qui le client a r\u00e9alis\u00e9 l\u2019op\u00e9ration ; ce dernier re\u00e7oit notamment les r\u00e9sultats des traitements mis en \u0153uvre par Oneytrust, conform\u00e9ment aux pr\u00e9sentes.<\/li>\n\n\n\n<li>les sous-traitants et prestataires de services de Oneytrust ; et en particulier, ceux auxquels Oneytrust adresse tout ou partie des donn\u00e9es en vue de leur v\u00e9rification, l\u2019h\u00e9bergement et la fourniture de donn\u00e9es compl\u00e9mentaires. Etant entendu que ces prestataires sont contractuellement tenus de prot\u00e9ger les donn\u00e9es \u00e0 caract\u00e8re personnel qui leur sont transmises dans ce cadre.<\/li>\n<\/ul>\n\n\n\n<h4 class=\"wp-block-heading\">Transferts de donn\u00e9es hors UE<\/h4>\n\n\n\n<p>Aucun transfert de donn\u00e9es hors de l\u2019Union Europ\u00e9enne n\u2019est r\u00e9alis\u00e9.<\/p>\n\n\n\n<h3 class=\"wp-block-heading\">Dur\u00e9e de conservation des donn\u00e9es<\/h3>\n\n\n\n<p>Les donn\u00e9es \u00e0 caract\u00e8re personnel seront conserv\u00e9es pendant une dur\u00e9e de 15 jours.<\/p>\n\n\n\n<h3 class=\"wp-block-heading\">Vos droits sur les donn\u00e9es vous concernant<\/h3>\n\n\n\n<p>En vertu de la R\u00e8glementation applicable, vous pouvez exercer les droits d\u00e9finis ci-apr\u00e8s :<\/p>\n\n\n\n<ul class=\"wp-block-list\">\n<li>Droit d\u2019acc\u00e8s afin d\u2019obtenir une copie de l\u2019ensemble des donn\u00e9es trait\u00e9es par Oneytrust ainsi que les informations relatives aux caract\u00e9ristiques des traitements op\u00e9r\u00e9s sur vos donn\u00e9es.<\/li>\n\n\n\n<li>Droit de rectification afin de mettre \u00e0 jour vos donn\u00e9es erron\u00e9es et\/ou incompl\u00e8tes.<\/li>\n\n\n\n<li>Droit d\u2019effacement si les donn\u00e9es (i) ne sont plus n\u00e9cessaires aux finalit\u00e9s pour lesquelles elles ont \u00e9t\u00e9 collect\u00e9es, (ii) font l\u2019objet d\u2019un traitement illicite ou (iii) si vous exercez votre droit d\u2019opposition aux traitements concern\u00e9s. Cependant, ce droit ne s\u2019applique pas lorsque la conservation de vos donn\u00e9es est n\u00e9cessaire \u00e0 Oneytrust pour respecter une obligation l\u00e9gale ou pour l\u2019exercice de droits en justice.<\/li>\n\n\n\n<li>Droit \u00e0 la limitation du traitement lorsque (i) vous contestez l\u2019exactitude des donn\u00e9es, (ii) vous exercez votre droit d\u2019opposition. Oneytrust limitera le traitement de vos donn\u00e9es pendant la dur\u00e9e permettant \u00e0 Oneytrust d\u2019effectuer les v\u00e9rifications ad\u00e9quates.<\/li>\n\n\n\n<li>Droit d\u2019opposition \u00e0 ce que vos donn\u00e9es soient utilis\u00e9es par Oneytrust aux fins de ses int\u00e9r\u00eats l\u00e9gitimes. Oneytrust cessera alors ces traitements \u00e0 moins qu\u2019il ne justifie que ses int\u00e9r\u00eats l\u00e9gitimes et imp\u00e9rieux priment sur vos droits et libert\u00e9s.<\/li>\n\n\n\n<li>Droit de d\u00e9finir des directives g\u00e9n\u00e9rales et particuli\u00e8res d\u00e9finissant la mani\u00e8re dont vous entendez que soient exerc\u00e9s les droits ci-dessus apr\u00e8s votre d\u00e9c\u00e8s.<\/li>\n<\/ul>\n\n\n\n<h4 class=\"wp-block-heading\">Exercer ses droits<\/h4>\n\n\n\n<p>Le d\u00e9l\u00e9gu\u00e9 \u00e0 la protection des donn\u00e9es (DPO) de Oneytrust est votre interlocuteur pour toute demande d\u2019exercice de vos droits sur ce traitement.<\/p>\n\n\n\n<ul class=\"wp-block-list\">\n<li>Contacter le DPO par voie \u00e9lectronique en \u00e9crivant \u00e0 dpo[at]oneytrust.com* *(remplacer [at] par @ lors de l\u2019envoi)<\/li>\n\n\n\n<li>Contacter le DPO par courrier postal<\/li>\n<\/ul>\n\n\n\n<p>Le d\u00e9l\u00e9gu\u00e9 \u00e0 la protection des donn\u00e9es<br>Oneytrust<br>34 avenue de Flandre<br>59170 Croix<br>FRANCE<\/p>\n\n\n\n<h4 class=\"wp-block-heading\">R\u00e9clamation<\/h4>\n\n\n\n<p>Vous pouvez adresser toute r\u00e9clamation relative au traitement de vos demandes par Oneytrust en \u00e9crivant au DPO. Celui-ci fournira ses meilleurs efforts pour r\u00e9pondre \u00e0 toute r\u00e9clamation et tenter de r\u00e9soudre le diff\u00e9rend.<br>Si vous estimez, apr\u00e8s nous avoir contact\u00e9s, que vos droits sur vos donn\u00e9es ne sont pas respect\u00e9s, vous pouvez adresser une r\u00e9clamation (plainte) \u00e0 votre autorit\u00e9 locale de protection des donn\u00e9es personnelles ou \u00e0 l\u2019autorit\u00e9 de protection des donn\u00e9es personnelles de Oneytrust, \u00e0 savoir la CNIL \u2013 3 place de Fontenoy \u2013 TSA 80715 \u2013 75334 Paris cedex 07.<\/p>\n<\/div><\/div>\n\n<\/div><\/div>","protected":false},"excerpt":{"rendered":"<p>Personal data \u2013 To fight fraud Information relating to your transaction is subject to automated data processing by Oneytrust, the data controller, with the aim of reinforcing the level of security of transactions recorded by the partner and protecting the partner and its customers against possible identity theft or attempted fraud. Purpose of the processing&#8230;<\/p>","protected":false},"author":4,"featured_media":0,"parent":0,"menu_order":0,"comment_status":"closed","ping_status":"closed","template":"","meta":{"_acf_changed":false,"inline_featured_image":false,"_kad_blocks_custom_css":"","_kad_blocks_head_custom_js":"","_kad_blocks_body_custom_js":"","_kad_blocks_footer_custom_js":"","_kad_post_transparent":"disable","_kad_post_title":"hide","_kad_post_layout":"normal","_kad_post_sidebar_id":"","_kad_post_content_style":"","_kad_post_vertical_padding":"","_kad_post_feature":"","_kad_post_feature_position":"","_kad_post_header":true,"_kad_post_footer":true,"footnotes":""},"class_list":["post-1203","page","type-page","status-publish","hentry"],"acf":[],"yoast_head":"<!-- This site is optimized with the Yoast SEO plugin v25.9 - https:\/\/yoast.com\/wordpress\/plugins\/seo\/ -->\n<title>Mention d&#039;information Digital Review - Oneytrust<\/title>\n<meta name=\"robots\" content=\"noindex, nofollow\" \/>\n<meta property=\"og:locale\" content=\"fr_FR\" \/>\n<meta property=\"og:type\" content=\"article\" \/>\n<meta property=\"og:title\" content=\"Mention d&#039;information Digital Review - Oneytrust\" \/>\n<meta property=\"og:description\" content=\"Personal data \u2013 To fight fraud Information relating to your transaction is subject to automated data processing by Oneytrust, the data controller, with the aim of reinforcing the level of security of transactions recorded by the partner and protecting the partner and its customers against possible identity theft or attempted fraud. Purpose of the processing...\" \/>\n<meta property=\"og:url\" content=\"https:\/\/www.oneytrust.com\/fr\/mention-information-review\/\" \/>\n<meta property=\"og:site_name\" content=\"Oneytrust\" \/>\n<meta property=\"article:modified_time\" content=\"2025-06-24T14:18:51+00:00\" \/>\n<meta property=\"og:image\" content=\"https:\/\/www.oneytrust.com\/wp-content\/uploads\/2025\/07\/Snip20250711_230.png\" \/>\n\t<meta property=\"og:image:width\" content=\"1200\" \/>\n\t<meta property=\"og:image:height\" content=\"675\" \/>\n\t<meta property=\"og:image:type\" content=\"image\/png\" \/>\n<meta name=\"twitter:card\" content=\"summary_large_image\" \/>\n<meta name=\"twitter:label1\" content=\"Dur\u00e9e de lecture estim\u00e9e\" \/>\n\t<meta name=\"twitter:data1\" content=\"5 minutes\" \/>\n<script type=\"application\/ld+json\" class=\"yoast-schema-graph\">{\"@context\":\"https:\/\/schema.org\",\"@graph\":[{\"@type\":\"WebPage\",\"@id\":\"https:\/\/www.oneytrust.com\/mention-information-review\/\",\"url\":\"https:\/\/www.oneytrust.com\/mention-information-review\/\",\"name\":\"Mention d'information Digital Review - Oneytrust\",\"isPartOf\":{\"@id\":\"https:\/\/www.oneytrust.com\/#website\"},\"datePublished\":\"2024-09-11T07:49:04+00:00\",\"dateModified\":\"2025-06-24T14:18:51+00:00\",\"breadcrumb\":{\"@id\":\"https:\/\/www.oneytrust.com\/mention-information-review\/#breadcrumb\"},\"inLanguage\":\"fr-FR\",\"potentialAction\":[{\"@type\":\"ReadAction\",\"target\":[\"https:\/\/www.oneytrust.com\/mention-information-review\/\"]}]},{\"@type\":\"BreadcrumbList\",\"@id\":\"https:\/\/www.oneytrust.com\/mention-information-review\/#breadcrumb\",\"itemListElement\":[{\"@type\":\"ListItem\",\"position\":1,\"name\":\"Home\",\"item\":\"https:\/\/www.oneytrust.com\/\"},{\"@type\":\"ListItem\",\"position\":2,\"name\":\"Mention d&#8217;information Digital Review\"}]},{\"@type\":\"WebSite\",\"@id\":\"https:\/\/www.oneytrust.com\/#website\",\"url\":\"https:\/\/www.oneytrust.com\/\",\"name\":\"Oneytrust\",\"description\":\"Only Trusted Customers. Oneytrust provides fraud detection and identity validation for merchants and banks. Unique consortia data, unbeatable fraud scoring.\",\"publisher\":{\"@id\":\"https:\/\/www.oneytrust.com\/#organization\"},\"potentialAction\":[{\"@type\":\"SearchAction\",\"target\":{\"@type\":\"EntryPoint\",\"urlTemplate\":\"https:\/\/www.oneytrust.com\/?s={search_term_string}\"},\"query-input\":{\"@type\":\"PropertyValueSpecification\",\"valueRequired\":true,\"valueName\":\"search_term_string\"}}],\"inLanguage\":\"fr-FR\"},{\"@type\":\"Organization\",\"@id\":\"https:\/\/www.oneytrust.com\/#organization\",\"name\":\"Oneytrust\",\"url\":\"https:\/\/www.oneytrust.com\/\",\"logo\":{\"@type\":\"ImageObject\",\"inLanguage\":\"fr-FR\",\"@id\":\"https:\/\/www.oneytrust.com\/#\/schema\/logo\/image\/\",\"url\":\"https:\/\/www.oneytrust.com\/wp-content\/uploads\/2025\/04\/oneytrust-logo.svg\",\"contentUrl\":\"https:\/\/www.oneytrust.com\/wp-content\/uploads\/2025\/04\/oneytrust-logo.svg\",\"width\":171,\"height\":40,\"caption\":\"Oneytrust\"},\"image\":{\"@id\":\"https:\/\/www.oneytrust.com\/#\/schema\/logo\/image\/\"}}]}<\/script>\n<!-- \/ Yoast SEO plugin. -->","yoast_head_json":{"title":"Mention d'information Digital Review - Oneytrust","robots":{"index":"noindex","follow":"nofollow"},"og_locale":"fr_FR","og_type":"article","og_title":"Mention d'information Digital Review - Oneytrust","og_description":"Personal data \u2013 To fight fraud Information relating to your transaction is subject to automated data processing by Oneytrust, the data controller, with the aim of reinforcing the level of security of transactions recorded by the partner and protecting the partner and its customers against possible identity theft or attempted fraud. Purpose of the processing...","og_url":"https:\/\/www.oneytrust.com\/fr\/mention-information-review\/","og_site_name":"Oneytrust","article_modified_time":"2025-06-24T14:18:51+00:00","og_image":[{"width":1200,"height":675,"url":"https:\/\/www.oneytrust.com\/wp-content\/uploads\/2025\/07\/Snip20250711_230.png","type":"image\/png"}],"twitter_card":"summary_large_image","twitter_misc":{"Dur\u00e9e de lecture estim\u00e9e":"5 minutes"},"schema":{"@context":"https:\/\/schema.org","@graph":[{"@type":"WebPage","@id":"https:\/\/www.oneytrust.com\/mention-information-review\/","url":"https:\/\/www.oneytrust.com\/mention-information-review\/","name":"Mention d'information Digital Review - Oneytrust","isPartOf":{"@id":"https:\/\/www.oneytrust.com\/#website"},"datePublished":"2024-09-11T07:49:04+00:00","dateModified":"2025-06-24T14:18:51+00:00","breadcrumb":{"@id":"https:\/\/www.oneytrust.com\/mention-information-review\/#breadcrumb"},"inLanguage":"fr-FR","potentialAction":[{"@type":"ReadAction","target":["https:\/\/www.oneytrust.com\/mention-information-review\/"]}]},{"@type":"BreadcrumbList","@id":"https:\/\/www.oneytrust.com\/mention-information-review\/#breadcrumb","itemListElement":[{"@type":"ListItem","position":1,"name":"Home","item":"https:\/\/www.oneytrust.com\/"},{"@type":"ListItem","position":2,"name":"Mention d&#8217;information Digital Review"}]},{"@type":"WebSite","@id":"https:\/\/www.oneytrust.com\/#website","url":"https:\/\/www.oneytrust.com\/","name":"Oneytrust","description":"Only Trusted Customers. Oneytrust provides fraud detection and identity validation for merchants and banks. Unique consortia data, unbeatable fraud scoring.","publisher":{"@id":"https:\/\/www.oneytrust.com\/#organization"},"potentialAction":[{"@type":"SearchAction","target":{"@type":"EntryPoint","urlTemplate":"https:\/\/www.oneytrust.com\/?s={search_term_string}"},"query-input":{"@type":"PropertyValueSpecification","valueRequired":true,"valueName":"search_term_string"}}],"inLanguage":"fr-FR"},{"@type":"Organization","@id":"https:\/\/www.oneytrust.com\/#organization","name":"Oneytrust","url":"https:\/\/www.oneytrust.com\/","logo":{"@type":"ImageObject","inLanguage":"fr-FR","@id":"https:\/\/www.oneytrust.com\/#\/schema\/logo\/image\/","url":"https:\/\/www.oneytrust.com\/wp-content\/uploads\/2025\/04\/oneytrust-logo.svg","contentUrl":"https:\/\/www.oneytrust.com\/wp-content\/uploads\/2025\/04\/oneytrust-logo.svg","width":171,"height":40,"caption":"Oneytrust"},"image":{"@id":"https:\/\/www.oneytrust.com\/#\/schema\/logo\/image\/"}}]}},"taxonomy_info":[],"featured_image_src_large":false,"author_info":{"display_name":"Audrey Defaix","author_link":"https:\/\/www.oneytrust.com\/fr\/author\/audrey-defaix\/"},"comment_info":0,"_links":{"self":[{"href":"https:\/\/www.oneytrust.com\/fr\/wp-json\/wp\/v2\/pages\/1203","targetHints":{"allow":["GET"]}}],"collection":[{"href":"https:\/\/www.oneytrust.com\/fr\/wp-json\/wp\/v2\/pages"}],"about":[{"href":"https:\/\/www.oneytrust.com\/fr\/wp-json\/wp\/v2\/types\/page"}],"author":[{"embeddable":true,"href":"https:\/\/www.oneytrust.com\/fr\/wp-json\/wp\/v2\/users\/4"}],"replies":[{"embeddable":true,"href":"https:\/\/www.oneytrust.com\/fr\/wp-json\/wp\/v2\/comments?post=1203"}],"version-history":[{"count":3,"href":"https:\/\/www.oneytrust.com\/fr\/wp-json\/wp\/v2\/pages\/1203\/revisions"}],"predecessor-version":[{"id":1628,"href":"https:\/\/www.oneytrust.com\/fr\/wp-json\/wp\/v2\/pages\/1203\/revisions\/1628"}],"wp:attachment":[{"href":"https:\/\/www.oneytrust.com\/fr\/wp-json\/wp\/v2\/media?parent=1203"}],"curies":[{"name":"wp","href":"https:\/\/api.w.org\/{rel}","templated":true}]}}