{"id":1206,"date":"2024-09-11T15:41:13","date_gmt":"2024-09-11T14:41:13","guid":{"rendered":"https:\/\/www.oneytrust.com\/?page_id=1206"},"modified":"2024-09-11T15:41:14","modified_gmt":"2024-09-11T14:41:14","slug":"mention-information-score","status":"publish","type":"page","link":"https:\/\/www.oneytrust.com\/fr\/mention-information-score\/","title":{"rendered":"Mention d&#8217;information Score"},"content":{"rendered":"<style>.kb-row-layout-wrap.wp-block-kadence-rowlayout.kb-row-layout-id1206_a676f2-14{margin-bottom:var(--global-kb-spacing-md, 2rem);}.kb-row-layout-id1206_a676f2-14 > .kt-row-column-wrap{align-content:start;}:where(.kb-row-layout-id1206_a676f2-14 > .kt-row-column-wrap) > .wp-block-kadence-column{justify-content:start;}.kb-row-layout-id1206_a676f2-14 > .kt-row-column-wrap{column-gap:var(--global-kb-gap-md, 2rem);row-gap:var(--global-kb-gap-md, 2rem);padding-top:var(--global-kb-spacing-sm, 1.5rem);padding-bottom:var(--global-kb-spacing-sm, 1.5rem);grid-template-columns:minmax(0, 1fr);}.kb-row-layout-id1206_a676f2-14{border-top-left-radius:10px;border-top-right-radius:10px;border-bottom-right-radius:10px;border-bottom-left-radius:10px;overflow:clip;isolation:isolate;}.kb-row-layout-id1206_a676f2-14 > .kt-row-layout-overlay{border-top-left-radius:10px;border-top-right-radius:10px;border-bottom-right-radius:10px;border-bottom-left-radius:10px;}.kb-row-layout-id1206_a676f2-14{box-shadow:0px 0px 14px 0px rgba(0, 0, 0, 0.08);}.kb-row-layout-id1206_a676f2-14 > .kt-row-layout-overlay{opacity:0.30;}@media all and (max-width: 1024px){.kb-row-layout-id1206_a676f2-14 > .kt-row-column-wrap{grid-template-columns:minmax(0, 1fr);}}@media all and (max-width: 767px){.kb-row-layout-id1206_a676f2-14 > .kt-row-column-wrap{grid-template-columns:minmax(0, 1fr);}}<\/style><div class=\"kb-row-layout-wrap kb-row-layout-id1206_a676f2-14 alignnone has-theme-palette9-background-color kt-row-has-bg wp-block-kadence-rowlayout\"><div class=\"kt-row-column-wrap kt-has-1-columns kt-row-layout-equal kt-tab-layout-inherit kt-mobile-layout-row kt-row-valign-top\">\n<style>.kadence-column1206_6c69f5-07 > .kt-inside-inner-col,.kadence-column1206_6c69f5-07 > .kt-inside-inner-col:before{border-top-left-radius:0px;border-top-right-radius:0px;border-bottom-right-radius:0px;border-bottom-left-radius:0px;}.kadence-column1206_6c69f5-07 > .kt-inside-inner-col{column-gap:var(--global-kb-gap-sm, 1rem);}.kadence-column1206_6c69f5-07 > .kt-inside-inner-col{flex-direction:column;}.kadence-column1206_6c69f5-07 > .kt-inside-inner-col > .aligncenter{width:100%;}.kadence-column1206_6c69f5-07 > .kt-inside-inner-col:before{opacity:0.3;}.kadence-column1206_6c69f5-07{text-align:left;}.kadence-column1206_6c69f5-07{position:relative;}@media all and (max-width: 1024px){.kadence-column1206_6c69f5-07 > .kt-inside-inner-col{flex-direction:column;justify-content:center;}}@media all and (max-width: 767px){.kadence-column1206_6c69f5-07 > .kt-inside-inner-col{flex-direction:column;justify-content:center;}}<\/style>\n<div class=\"wp-block-kadence-column kadence-column1206_6c69f5-07\"><div class=\"kt-inside-inner-col\">\n<h2 class=\"wp-block-heading\">Donn\u00e9es personnelles \u2013 Lutte contre la fraude<\/h2>\n\n\n\n<p>Les informations en rapport avec votre op\u00e9ration font l\u2019objet d\u2019un traitement automatis\u00e9 de donn\u00e9es par Oneytrust, responsable de traitement, dans le but de renforcer le niveau de s\u00e9curit\u00e9 des op\u00e9rations r\u00e9alis\u00e9es sur le site internet du partenaire et de prot\u00e9ger ce dernier et ses clients contre d\u2019\u00e9ventuels ph\u00e9nom\u00e8nes d\u2019usurpation d\u2019identit\u00e9 ou de tentative de fraude.<\/p>\n\n\n\n<h3 class=\"wp-block-heading\">Objet du traitement de donn\u00e9es<\/h3>\n\n\n\n<h4 class=\"wp-block-heading\">Finalit\u00e9s<\/h4>\n\n\n\n<p class=\"translation-block\">La finalit\u00e9 du traitement est de lutter contre la fraude \u00e0 l'identit\u00e9 et aux moyens de paiement sur les transactions effectu\u00e9es \u00e0 distance sur le r\u00e9seau Internet.\nIl permet \u00e0 Oneytrust de :<\/p>\n\n\n\n<ul class=\"wp-block-list\">\n<li>d\u2019analyser les donn\u00e9es de la transaction ;<\/li>\n\n\n\n<li>en fonction de r\u00e8gles pr\u00e9\u00e9tablies, d\u2019affecter une \u00e9valuation (score) \u00e0 chaque op\u00e9ration r\u00e9alis\u00e9e sur les plateformes partenaires ;<\/li>\n\n\n\n<li>de d\u00e9terminer l\u2019identifiant machine de l\u2019ordinateur utilis\u00e9 par une personne pour naviguer sur le(s) sites(s) du partenaire, en particulier pour v\u00e9rifier qu\u2019un m\u00eame ordinateur n\u2019a pas \u00e9t\u00e9 utilis\u00e9 pour r\u00e9aliser plusieurs transactions sur la base d\u2019identit\u00e9s diff\u00e9rentes ;<\/li>\n\n\n\n<li>de d\u00e9livrer un premier niveau de confiance pendant la navigation sur le(s) site(s) du partenaire, afin d\u2019orienter la suite du parcours du client final en cons\u00e9quence ;<\/li>\n\n\n\n<li>de comparer les informations de la transaction analys\u00e9e aux informations pr\u00e9sentes dans les transactions effectu\u00e9es aupr\u00e8s des diff\u00e9rents partenaires de Oneytrust et de d\u00e9tecter ainsi les \u00e9ventuelles incoh\u00e9rences ;<\/li>\n\n\n\n<li>une fois la transaction valid\u00e9e par le client et transmise pour analyse, de communiquer au partenaire, un indice de confiance de la transaction sous la forme d\u2019une note comprise entre z\u00e9ro (0) et cent (100) selon le niveau de risque ainsi \u00e9valu\u00e9e ;<\/li>\n\n\n\n<li>de d\u00e9tecter des tentatives de fraudes lors de la r\u00e9alisation d\u2019op\u00e9rations via le r\u00e9seau internet et d\u2019inscrire sur un fichier des personnes \u00e0 risques, les clients qui auront commis une fraude av\u00e9r\u00e9e ;<\/li>\n\n\n\n<li>de g\u00e9rer les demandes des personnes concern\u00e9es.<\/li>\n<\/ul>\n\n\n\n<p>La survenance d\u2019un impay\u00e9 au motif d\u2019une utilisation frauduleuse d\u2019un moyen de paiement pourra entra\u00eener l\u2019inscription des donn\u00e9es en rapport avec la transaction associ\u00e9e \u00e0 cet impay\u00e9 au sein d\u2019un fichier d\u2019incidents de paiement mis en \u0153uvre par Oneytrust. Une d\u00e9claration irr\u00e9guli\u00e8re ou une anomalie pourra \u00e9galement faire l\u2019objet d\u2019un traitement sp\u00e9cifique.<\/p>\n\n\n\n<h4 class=\"wp-block-heading\">Base l\u00e9gale<\/h4>\n\n\n\n<p>Article 6 (1) f du r\u00e8glement g\u00e9n\u00e9ral sur la protection des donn\u00e9es.<br>Le traitement est n\u00e9cessaire aux fins des int\u00e9r\u00eats l\u00e9gitimes poursuivis par Oneytrust ; \u00e0 savoir la lutte contre la fraude \u00e0 l\u2019identit\u00e9 et au paiement lors des transactions ou interactions \u00e0 distance r\u00e9alis\u00e9es via le r\u00e9seau internet.<\/p>\n\n\n\n<h3 class=\"wp-block-heading\">Donn\u00e9es trait\u00e9es<\/h3>\n\n\n\n<h4 class=\"wp-block-heading\">Cat\u00e9gories de donn\u00e9es trait\u00e9es<\/h4>\n\n\n\n<ul class=\"wp-block-list\">\n<li>Donn\u00e9es d\u2019identification, coordonn\u00e9es de facturation et de livraison, num\u00e9ro de t\u00e9l\u00e9phone, adresse \u00e9lectronique, adresse IP, 6 premiers chiffres de la carte bancaire ; les donn\u00e9es du relev\u00e9 d\u2019identit\u00e9 bancaire (RIB) sous forme hach\u00e9es en cas de r\u00e8glement par virement ou pr\u00e9l\u00e8vement ; num\u00e9ro d\u2019identification de la carte bancaire (PAN) hach\u00e9 ;<\/li>\n\n\n\n<li>Donn\u00e9es relatives aux justificatifs d\u2019identit\u00e9, bancaire et de domicile dans le cadre des v\u00e9rifications compl\u00e9mentaires ;<\/li>\n\n\n\n<li>Donn\u00e9e d\u2019identification \u00e9lectronique (adresse IP), empreinte calcul\u00e9e \u00e0 partir des donn\u00e9es techniques collect\u00e9es et donn\u00e9es techniques du terminal utilis\u00e9 (syst\u00e8me d\u2019exploitation, langue, CPU, r\u00e9solution, type de navigateur et version\u2026).<\/li>\n\n\n\n<li>Donn\u00e9es relatives \u00e0 la transaction.<\/li>\n<\/ul>\n\n\n\n<h4 class=\"wp-block-heading\">Source des donn\u00e9es<\/h4>\n\n\n\n<p>Les informations sont recueillies aupr\u00e8s du client par l\u2019interm\u00e9diaire du partenaire.<\/p>\n\n\n\n<h4 class=\"wp-block-heading\">Caract\u00e8re obligatoire du recueil des donn\u00e9es<\/h4>\n\n\n\n<p>La non-transmission des donn\u00e9es en rapport avec votre op\u00e9ration emp\u00eache la r\u00e9alisation et l\u2019analyse de votre transaction.<\/p>\n\n\n\n<h4 class=\"wp-block-heading\">Prise de d\u00e9cision automatis\u00e9e<\/h4>\n\n\n\n<p>Le traitement ne pr\u00e9voit pas de prise de d\u00e9cision automatis\u00e9e. En revanche, le traitement est susceptible d\u2019exclure, m\u00eame temporairement, des coordonn\u00e9es d\u2019une personne du b\u00e9n\u00e9fice d\u2019un contrat. Pour autant, aucune d\u00e9cision de refus n\u2019est prise sur la base d\u2019un traitement automatis\u00e9. Avant toute d\u00e9cision de refus, des v\u00e9rifications compl\u00e9mentaires seront effectu\u00e9es aupr\u00e8s de la personne concern\u00e9e pour lui permettre de faire valoir ses observations et de faire r\u00e9examiner sa situation. En tout \u00e9tat de cause, la personne concern\u00e9e a le droit de demander une intervention humaine, d\u2019exprimer son point de vue et de contester la d\u00e9cision.<\/p>\n\n\n\n<h3 class=\"wp-block-heading\">Personnes concern\u00e9es<\/h3>\n\n\n\n<p>Le traitement de donn\u00e9es concerne :<\/p>\n\n\n\n<ul class=\"wp-block-list\">\n<li>les personnes physiques et morales qui r\u00e9alisent des op\u00e9rations sur les sites des partenaires de Oneytrust ;<\/li>\n\n\n\n<li>le personnel autoris\u00e9 de Oneytrust en charge de la mise en \u0153uvre du traitement.<\/li>\n<\/ul>\n\n\n\n<h3 class=\"wp-block-heading\">Destinataires des donn\u00e9es<\/h3>\n\n\n\n<h4 class=\"wp-block-heading\">Cat\u00e9gories de destinataires<\/h4>\n\n\n\n<p>En fonction de leurs besoins respectifs, sont destinataires de tout ou partie des donn\u00e9es :<\/p>\n\n\n\n<ul class=\"wp-block-list\">\n<li>le partenaire de Oneytrust aupr\u00e8s de qui le client a r\u00e9alis\u00e9 l\u2019op\u00e9ration ;<\/li>\n\n\n\n<li>le personnel autoris\u00e9 de Oneytrust ;<\/li>\n\n\n\n<li>les sous-traitants et prestataires de services de Oneytrust pour l\u2019h\u00e9bergement et la fourniture de donn\u00e9es enrichies.<\/li>\n<\/ul>\n\n\n\n<h4 class=\"wp-block-heading\">Transferts de donn\u00e9es hors UE<\/h4>\n\n\n\n<p>Aucun transfert de donn\u00e9es hors de l\u2019Union Europ\u00e9enne n\u2019est r\u00e9alis\u00e9.<\/p>\n\n\n\n<h3 class=\"wp-block-heading\">Dur\u00e9e de conservation des donn\u00e9es<\/h3>\n\n\n\n<p>Les donn\u00e9es seront conserv\u00e9es pendant une dur\u00e9e de 15 mois. Les donn\u00e9es relatives aux transactions pour lesquelles des fraudes av\u00e9r\u00e9es ont \u00e9t\u00e9 d\u00e9tect\u00e9es font l\u2019objet d\u2019une inscription au sein d\u2019un fichier d\u2019incidents pendant une dur\u00e9e de 2 ans ou jusqu\u2019\u00e0 la r\u00e9gularisation de l\u2019incident de paiement si celle-ci intervient avant l\u2019expiration du d\u00e9lai de 2 ans.<\/p>\n\n\n\n<h3 class=\"wp-block-heading\">Vos droits sur les donn\u00e9es vous concernant<\/h3>\n\n\n\n<p>Vous pouvez acc\u00e9der et obtenir copie des donn\u00e9es vous concernant, vous opposer au traitement de ces donn\u00e9es, les faire rectifier ou les faire effacer. Vous disposez \u00e9galement d\u2019un droit \u00e0 la limitation du traitement de vos donn\u00e9es et du droit de formuler des directives post-mortem sp\u00e9cifiques et g\u00e9n\u00e9rales concernant la conservation, l\u2019effacement et la communication de vos donn\u00e9es.<\/p>\n\n\n\n<h4 class=\"wp-block-heading\">Exercer ses droits<\/h4>\n\n\n\n<p>Le d\u00e9l\u00e9gu\u00e9 \u00e0 la protection des donn\u00e9es (DPO) de Oneytrust est votre interlocuteur pour toute demande d\u2019exercice de vos droits sur ce traitement.<\/p>\n\n\n\n<ul class=\"wp-block-list\">\n<li>Contacter le DPO par voie \u00e9lectronique en \u00e9crivant \u00e0 dpo[at]oneytrust.com* *(remplacer [at] par @ lors de l\u2019envoi)<\/li>\n\n\n\n<li>Contacter le DPO par courrier postal<\/li>\n<\/ul>\n\n\n\n<p>Le d\u00e9l\u00e9gu\u00e9 \u00e0 la protection des donn\u00e9es<br>Oneytrust<br>34 avenue de Flandre<br>59170 Croix<br>FRANCE<\/p>\n\n\n\n<h4 class=\"wp-block-heading\">R\u00e9clamation<\/h4>\n\n\n\n<p>Vous pouvez adresser toute r\u00e9clamation relative au traitement de vos demandes par Oneytrust en \u00e9crivant au DPO. Celui-ci fournira ses meilleurs efforts pour r\u00e9pondre \u00e0 toute r\u00e9clamation et tenter de r\u00e9soudre le diff\u00e9rend.<br>Si vous estimez, apr\u00e8s nous avoir contact\u00e9s, que vos droits sur vos donn\u00e9es ne sont pas respect\u00e9s, vous pouvez adresser une r\u00e9clamation (plainte) \u00e0 votre autorit\u00e9 locale de protection des donn\u00e9es personnelles ou \u00e0 l\u2019autorit\u00e9 de protection des donn\u00e9es personnelles de Oneytrust, \u00e0 savoir la CNIL \u2013 3 place de Fontenoy \u2013 TSA 80715 \u2013 75334 Paris cedex 07.<\/p>\n<\/div><\/div>\n\n<\/div><\/div>","protected":false},"excerpt":{"rendered":"<p>Personal data \u2013 To fight fraud The information relating to your transaction is processed on an automated level by Oneytrust as data controller to increase the level of security of transactions made on the partner\u2019s Internet site and protect the latter and its customers from identity fraud or attempted fraud phenomena. Purpose of the processing&#8230;<\/p>","protected":false},"author":4,"featured_media":0,"parent":0,"menu_order":0,"comment_status":"closed","ping_status":"closed","template":"","meta":{"_acf_changed":false,"inline_featured_image":false,"_kad_blocks_custom_css":"","_kad_blocks_head_custom_js":"","_kad_blocks_body_custom_js":"","_kad_blocks_footer_custom_js":"","_kad_post_transparent":"disable","_kad_post_title":"hide","_kad_post_layout":"normal","_kad_post_sidebar_id":"","_kad_post_content_style":"","_kad_post_vertical_padding":"","_kad_post_feature":"","_kad_post_feature_position":"","_kad_post_header":true,"_kad_post_footer":true,"footnotes":""},"class_list":["post-1206","page","type-page","status-publish","hentry"],"acf":[],"yoast_head":"<!-- This site is optimized with the Yoast SEO plugin v25.9 - https:\/\/yoast.com\/wordpress\/plugins\/seo\/ -->\n<title>Mention d&#039;information Score - Oneytrust<\/title>\n<meta name=\"robots\" content=\"noindex, nofollow\" \/>\n<meta property=\"og:locale\" content=\"fr_FR\" \/>\n<meta property=\"og:type\" content=\"article\" \/>\n<meta property=\"og:title\" content=\"Mention d&#039;information Score - Oneytrust\" \/>\n<meta property=\"og:description\" content=\"Personal data \u2013 To fight fraud The information relating to your transaction is processed on an automated level by Oneytrust as data controller to increase the level of security of transactions made on the partner\u2019s Internet site and protect the latter and its customers from identity fraud or attempted fraud phenomena. Purpose of the processing...\" \/>\n<meta property=\"og:url\" content=\"https:\/\/www.oneytrust.com\/fr\/mention-information-score\/\" \/>\n<meta property=\"og:site_name\" content=\"Oneytrust\" \/>\n<meta property=\"article:modified_time\" content=\"2024-09-11T14:41:14+00:00\" \/>\n<meta property=\"og:image\" content=\"https:\/\/www.oneytrust.com\/wp-content\/uploads\/2025\/07\/Snip20250711_230.png\" \/>\n\t<meta property=\"og:image:width\" content=\"1200\" \/>\n\t<meta property=\"og:image:height\" content=\"675\" \/>\n\t<meta property=\"og:image:type\" content=\"image\/png\" \/>\n<meta name=\"twitter:card\" content=\"summary_large_image\" \/>\n<meta name=\"twitter:label1\" content=\"Dur\u00e9e de lecture estim\u00e9e\" \/>\n\t<meta name=\"twitter:data1\" content=\"4 minutes\" \/>\n<script type=\"application\/ld+json\" class=\"yoast-schema-graph\">{\"@context\":\"https:\/\/schema.org\",\"@graph\":[{\"@type\":\"WebPage\",\"@id\":\"https:\/\/www.oneytrust.com\/mention-information-score\/\",\"url\":\"https:\/\/www.oneytrust.com\/mention-information-score\/\",\"name\":\"Mention d'information Score - Oneytrust\",\"isPartOf\":{\"@id\":\"https:\/\/www.oneytrust.com\/#website\"},\"datePublished\":\"2024-09-11T14:41:13+00:00\",\"dateModified\":\"2024-09-11T14:41:14+00:00\",\"breadcrumb\":{\"@id\":\"https:\/\/www.oneytrust.com\/mention-information-score\/#breadcrumb\"},\"inLanguage\":\"fr-FR\",\"potentialAction\":[{\"@type\":\"ReadAction\",\"target\":[\"https:\/\/www.oneytrust.com\/mention-information-score\/\"]}]},{\"@type\":\"BreadcrumbList\",\"@id\":\"https:\/\/www.oneytrust.com\/mention-information-score\/#breadcrumb\",\"itemListElement\":[{\"@type\":\"ListItem\",\"position\":1,\"name\":\"Home\",\"item\":\"https:\/\/www.oneytrust.com\/\"},{\"@type\":\"ListItem\",\"position\":2,\"name\":\"Mention d&#8217;information Score\"}]},{\"@type\":\"WebSite\",\"@id\":\"https:\/\/www.oneytrust.com\/#website\",\"url\":\"https:\/\/www.oneytrust.com\/\",\"name\":\"Oneytrust\",\"description\":\"Only Trusted Customers. Oneytrust provides fraud detection and identity validation for merchants and banks. Unique consortia data, unbeatable fraud scoring.\",\"publisher\":{\"@id\":\"https:\/\/www.oneytrust.com\/#organization\"},\"potentialAction\":[{\"@type\":\"SearchAction\",\"target\":{\"@type\":\"EntryPoint\",\"urlTemplate\":\"https:\/\/www.oneytrust.com\/?s={search_term_string}\"},\"query-input\":{\"@type\":\"PropertyValueSpecification\",\"valueRequired\":true,\"valueName\":\"search_term_string\"}}],\"inLanguage\":\"fr-FR\"},{\"@type\":\"Organization\",\"@id\":\"https:\/\/www.oneytrust.com\/#organization\",\"name\":\"Oneytrust\",\"url\":\"https:\/\/www.oneytrust.com\/\",\"logo\":{\"@type\":\"ImageObject\",\"inLanguage\":\"fr-FR\",\"@id\":\"https:\/\/www.oneytrust.com\/#\/schema\/logo\/image\/\",\"url\":\"https:\/\/www.oneytrust.com\/wp-content\/uploads\/2025\/04\/oneytrust-logo.svg\",\"contentUrl\":\"https:\/\/www.oneytrust.com\/wp-content\/uploads\/2025\/04\/oneytrust-logo.svg\",\"width\":171,\"height\":40,\"caption\":\"Oneytrust\"},\"image\":{\"@id\":\"https:\/\/www.oneytrust.com\/#\/schema\/logo\/image\/\"}}]}<\/script>\n<!-- \/ Yoast SEO plugin. -->","yoast_head_json":{"title":"Mention d'information Score - Oneytrust","robots":{"index":"noindex","follow":"nofollow"},"og_locale":"fr_FR","og_type":"article","og_title":"Mention d'information Score - Oneytrust","og_description":"Personal data \u2013 To fight fraud The information relating to your transaction is processed on an automated level by Oneytrust as data controller to increase the level of security of transactions made on the partner\u2019s Internet site and protect the latter and its customers from identity fraud or attempted fraud phenomena. Purpose of the processing...","og_url":"https:\/\/www.oneytrust.com\/fr\/mention-information-score\/","og_site_name":"Oneytrust","article_modified_time":"2024-09-11T14:41:14+00:00","og_image":[{"width":1200,"height":675,"url":"https:\/\/www.oneytrust.com\/wp-content\/uploads\/2025\/07\/Snip20250711_230.png","type":"image\/png"}],"twitter_card":"summary_large_image","twitter_misc":{"Dur\u00e9e de lecture estim\u00e9e":"4 minutes"},"schema":{"@context":"https:\/\/schema.org","@graph":[{"@type":"WebPage","@id":"https:\/\/www.oneytrust.com\/mention-information-score\/","url":"https:\/\/www.oneytrust.com\/mention-information-score\/","name":"Mention d'information Score - Oneytrust","isPartOf":{"@id":"https:\/\/www.oneytrust.com\/#website"},"datePublished":"2024-09-11T14:41:13+00:00","dateModified":"2024-09-11T14:41:14+00:00","breadcrumb":{"@id":"https:\/\/www.oneytrust.com\/mention-information-score\/#breadcrumb"},"inLanguage":"fr-FR","potentialAction":[{"@type":"ReadAction","target":["https:\/\/www.oneytrust.com\/mention-information-score\/"]}]},{"@type":"BreadcrumbList","@id":"https:\/\/www.oneytrust.com\/mention-information-score\/#breadcrumb","itemListElement":[{"@type":"ListItem","position":1,"name":"Home","item":"https:\/\/www.oneytrust.com\/"},{"@type":"ListItem","position":2,"name":"Mention d&#8217;information Score"}]},{"@type":"WebSite","@id":"https:\/\/www.oneytrust.com\/#website","url":"https:\/\/www.oneytrust.com\/","name":"Oneytrust","description":"Only Trusted Customers. Oneytrust provides fraud detection and identity validation for merchants and banks. Unique consortia data, unbeatable fraud scoring.","publisher":{"@id":"https:\/\/www.oneytrust.com\/#organization"},"potentialAction":[{"@type":"SearchAction","target":{"@type":"EntryPoint","urlTemplate":"https:\/\/www.oneytrust.com\/?s={search_term_string}"},"query-input":{"@type":"PropertyValueSpecification","valueRequired":true,"valueName":"search_term_string"}}],"inLanguage":"fr-FR"},{"@type":"Organization","@id":"https:\/\/www.oneytrust.com\/#organization","name":"Oneytrust","url":"https:\/\/www.oneytrust.com\/","logo":{"@type":"ImageObject","inLanguage":"fr-FR","@id":"https:\/\/www.oneytrust.com\/#\/schema\/logo\/image\/","url":"https:\/\/www.oneytrust.com\/wp-content\/uploads\/2025\/04\/oneytrust-logo.svg","contentUrl":"https:\/\/www.oneytrust.com\/wp-content\/uploads\/2025\/04\/oneytrust-logo.svg","width":171,"height":40,"caption":"Oneytrust"},"image":{"@id":"https:\/\/www.oneytrust.com\/#\/schema\/logo\/image\/"}}]}},"taxonomy_info":[],"featured_image_src_large":false,"author_info":{"display_name":"Audrey Defaix","author_link":"https:\/\/www.oneytrust.com\/fr\/author\/audrey-defaix\/"},"comment_info":0,"_links":{"self":[{"href":"https:\/\/www.oneytrust.com\/fr\/wp-json\/wp\/v2\/pages\/1206","targetHints":{"allow":["GET"]}}],"collection":[{"href":"https:\/\/www.oneytrust.com\/fr\/wp-json\/wp\/v2\/pages"}],"about":[{"href":"https:\/\/www.oneytrust.com\/fr\/wp-json\/wp\/v2\/types\/page"}],"author":[{"embeddable":true,"href":"https:\/\/www.oneytrust.com\/fr\/wp-json\/wp\/v2\/users\/4"}],"replies":[{"embeddable":true,"href":"https:\/\/www.oneytrust.com\/fr\/wp-json\/wp\/v2\/comments?post=1206"}],"version-history":[{"count":2,"href":"https:\/\/www.oneytrust.com\/fr\/wp-json\/wp\/v2\/pages\/1206\/revisions"}],"predecessor-version":[{"id":1218,"href":"https:\/\/www.oneytrust.com\/fr\/wp-json\/wp\/v2\/pages\/1206\/revisions\/1218"}],"wp:attachment":[{"href":"https:\/\/www.oneytrust.com\/fr\/wp-json\/wp\/v2\/media?parent=1206"}],"curies":[{"name":"wp","href":"https:\/\/api.w.org\/{rel}","templated":true}]}}