{"id":3716,"date":"2026-01-30T12:00:09","date_gmt":"2026-01-30T11:00:09","guid":{"rendered":"https:\/\/www.oneytrust.com\/?page_id=3716"},"modified":"2026-02-05T23:56:16","modified_gmt":"2026-02-05T22:56:16","slug":"accessibility-commitments","status":"publish","type":"page","link":"https:\/\/www.oneytrust.com\/fr\/accessibility-commitments\/","title":{"rendered":"Digital accessibility commitments"},"content":{"rendered":"<style>.kb-row-layout-wrap.wp-block-kadence-rowlayout.kb-row-layout-id3716_2aba70-43{margin-bottom:var(--global-kb-spacing-md, 2rem);}.kb-row-layout-id3716_2aba70-43 > .kt-row-column-wrap{align-content:start;}:where(.kb-row-layout-id3716_2aba70-43 > .kt-row-column-wrap) > .wp-block-kadence-column{justify-content:start;}.kb-row-layout-id3716_2aba70-43 > .kt-row-column-wrap{column-gap:var(--global-kb-gap-md, 2rem);row-gap:var(--global-kb-gap-md, 2rem);padding-top:var(--global-kb-spacing-sm, 1.5rem);padding-bottom:var(--global-kb-spacing-sm, 1.5rem);grid-template-columns:minmax(0, 1fr);}.kb-row-layout-id3716_2aba70-43{border-top-left-radius:10px;border-top-right-radius:10px;border-bottom-right-radius:10px;border-bottom-left-radius:10px;overflow:clip;isolation:isolate;}.kb-row-layout-id3716_2aba70-43 > .kt-row-layout-overlay{border-top-left-radius:10px;border-top-right-radius:10px;border-bottom-right-radius:10px;border-bottom-left-radius:10px;}.kb-row-layout-id3716_2aba70-43{box-shadow:0px 0px 14px 0px rgba(0, 0, 0, 0.08);}.kb-row-layout-id3716_2aba70-43 > .kt-row-layout-overlay{opacity:0.30;}@media all and (max-width: 1024px){.kb-row-layout-id3716_2aba70-43 > .kt-row-column-wrap{grid-template-columns:minmax(0, 1fr);}}@media all and (max-width: 767px){.kb-row-layout-id3716_2aba70-43 > .kt-row-column-wrap{grid-template-columns:minmax(0, 1fr);}}<\/style><div class=\"kb-row-layout-wrap kb-row-layout-id3716_2aba70-43 alignnone has-theme-palette9-background-color kt-row-has-bg wp-block-kadence-rowlayout\"><div class=\"kt-row-column-wrap kt-has-1-columns kt-row-layout-equal kt-tab-layout-inherit kt-mobile-layout-row kt-row-valign-top\">\n<style>.kadence-column3716_bada85-8c > .kt-inside-inner-col,.kadence-column3716_bada85-8c > .kt-inside-inner-col:before{border-top-left-radius:0px;border-top-right-radius:0px;border-bottom-right-radius:0px;border-bottom-left-radius:0px;}.kadence-column3716_bada85-8c > .kt-inside-inner-col{column-gap:var(--global-kb-gap-sm, 1rem);}.kadence-column3716_bada85-8c > .kt-inside-inner-col{flex-direction:column;}.kadence-column3716_bada85-8c > .kt-inside-inner-col > .aligncenter{width:100%;}.kadence-column3716_bada85-8c > .kt-inside-inner-col:before{opacity:0.3;}.kadence-column3716_bada85-8c{position:relative;}@media all and (max-width: 1024px){.kadence-column3716_bada85-8c > .kt-inside-inner-col{flex-direction:column;justify-content:center;}}@media all and (max-width: 767px){.kadence-column3716_bada85-8c > .kt-inside-inner-col{flex-direction:column;justify-content:center;}}<\/style>\n<div class=\"wp-block-kadence-column kadence-column3716_bada85-8c\"><div class=\"kt-inside-inner-col\"><style>.wp-block-kadence-advancedheading.kt-adv-heading3716_6e1add-2c, .wp-block-kadence-advancedheading.kt-adv-heading3716_6e1add-2c[data-kb-block=\"kb-adv-heading3716_6e1add-2c\"]{font-size:var(--global-kb-font-size-lg, 2rem);font-style:normal;}.wp-block-kadence-advancedheading.kt-adv-heading3716_6e1add-2c mark.kt-highlight, .wp-block-kadence-advancedheading.kt-adv-heading3716_6e1add-2c[data-kb-block=\"kb-adv-heading3716_6e1add-2c\"] mark.kt-highlight{font-style:normal;color:#f76a0c;-webkit-box-decoration-break:clone;box-decoration-break:clone;padding-top:0px;padding-right:0px;padding-bottom:0px;padding-left:0px;}<\/style>\n<h1 class=\"kt-adv-heading3716_6e1add-2c wp-block-kadence-advancedheading\" data-kb-block=\"kb-adv-heading3716_6e1add-2c\"><br>Digital accessibility commitments<\/h1>\n\n\n\n<p>Oneytrust s\u2019engage \u00e0 rendre accessibles ses sites web (internet, intranet et extranet) conform\u00e9ment \u00e0 l\u2019article 47 de la loi n\u00b02005-102 du 11 f\u00e9vrier 2005 et en accord avec les ambitions et les engagements du groupe BPCE auquel il appartient.<\/p>\n\n\n\n<p>Actuellement, le Groupe BPCE met en \u0153uvre un programme visant \u00e0 renforcer l'accessibilit\u00e9 num\u00e9rique, dont l'un des \u00e9l\u00e9ments cl\u00e9s est l'\u00e9laboration d'un sch\u00e9ma pluriannuel 2025-2027 commun \u00e0 l\u2019ensemble de ses entit\u00e9s.<\/p>\n\n\n\n<h3 class=\"wp-block-heading\">D\u00e9claration de non-conformit\u00e9 au RGAA<\/h3>\n\n\n\n<p>Cette d\u00e9claration temporaire s\u2019applique au site www.oneytrust.com.<\/p>\n\n\n\n<h4 class=\"wp-block-heading\"><strong>\u00c9tat de conformit\u00e9<\/strong><\/h4>\n\n\n\n<p>Ce pr\u00e9sent site est non conforme au RGAA (R\u00e9f\u00e9rentiel G\u00e9n\u00e9ral d\u2019Am\u00e9lioration de l\u2019Accessibilit\u00e9) - version 4.1.2 en raison de l\u2019absence d\u2019un audit permettant d\u2019\u00e9valuer sa conformit\u00e9.<br>En cas de refonte ou de d\u00e9commissionnement pr\u00e9vu du site, aucune action ne sera entreprise.<\/p>\n\n\n\n<h5 class=\"wp-block-heading\"><strong>\u00c9tablissement de cette d\u00e9claration<\/strong><\/h5>\n\n\n\n<p>Cette d\u00e9claration a \u00e9t\u00e9 \u00e9tablie le 04\/02\/2026.<br><br>Dans une d\u00e9marche d\u2019am\u00e9lioration continue de l\u2019accessibilit\u00e9 num\u00e9rique, Oneytrust assure un suivi de la conformit\u00e9 de ses services num\u00e9riques aux obligations r\u00e9glementaires de transparence.<br>En cas d\u2019expiration de la validit\u00e9 de la pr\u00e9sente d\u00e9claration d\u2019accessibilit\u00e9, un audit de conformit\u00e9 au RGAA sera programm\u00e9 pour la renouveler dans les meilleurs d\u00e9lais.<\/p>\n\n\n\n<h3 class=\"wp-block-heading\">Retour d\u2019information et contact<\/h3>\n\n\n\n<p>Si vous n\u2019arrivez pas \u00e0 acc\u00e9der \u00e0 un contenu ou \u00e0 un service de ce site, vous pouvez nous contacter via un des moyens ci-apr\u00e8s en d\u00e9crivant votre probl\u00e8me:<\/p>\n\n\n\n<ul class=\"wp-block-list\">\n<li>\u00c9crivez-nous \u00e0 l\u2019adresse email suivante: <strong>contact.accessibilite@oneytrust.com<\/strong><\/li>\n<\/ul>\n\n\n\n<h3 class=\"wp-block-heading\"><strong>Voies de recours<\/strong><\/h3>\n\n\n\n<ol class=\"wp-block-list\">\n<li>Vous avez identifi\u00e9 sur ce site web un ou plusieurs manquement(s) \u00e0 la r\u00e9glementation relative \u00e0 l\u2019accessibilit\u00e9 num\u00e9rique (pr\u00e9sence de d\u00e9fauts d'accessibilit\u00e9, absence des obligations d\u00e9claratives, etc.).<\/li>\n\n\n\n<li>Vous nous avez contact\u00e9 pour nous en informer. <\/li>\n\n\n\n<li>Vous n'avez pas re\u00e7u de r\u00e9ponse satisfaisante.<\/li>\n<\/ol>\n\n\n\n<p>Alors vous avez la possibilit\u00e9 de:<\/p>\n\n\n\n<p><strong>Contacter l'Arcom<\/strong><\/p>\n\n\n\n<p>Afin de signaler un ou plusieurs manquement(s) \u00e0 la r\u00e9glementation relative \u00e0 l\u2019accessibilit\u00e9 num\u00e9rique, rendez-vous sur le formulaire <a href=\"\/fr\/www.arcom.fr\/\">de contact du site web de l'Arcom.<\/a><\/p>\n\n\n\n<p><strong>Saisir le D\u00e9fenseur des droits<\/strong><\/p>\n\n\n\n<p>Pour faire valoir vos droits relatifs \u00e0 des d\u00e9fauts d'accessibilit\u00e9 que vous avez rencontr\u00e9s:<\/p>\n\n\n\n<ul class=\"wp-block-list\">\n<li>Soit contactez le d\u00e9l\u00e9gu\u00e9 de votre r\u00e9gion en passant par l'annuaire des d\u00e9l\u00e9gu\u00e9s du D\u00e9fenseur des droits.<\/li>\n\n\n\n<li>Soit remplissez le formulaire de r\u00e9clamation du D\u00e9fenseur des droits en choisissant les th\u00e9matiques \u00ab Je suis victime de discrimination\" puis \u00ab Biens et services priv\u00e9s \u00bb et enfin \u00ab Handicap \u00bb.<\/li>\n\n\n\n<li>Soit envoyez un courrier gratuit (sans mettre de timbre) par la poste \u00e0 l'adresse suivante:<\/li>\n<\/ul>\n\n\n\n<p>D\u00e9fenseur des droits<br>Libre r\u00e9ponse 71120<br>75342 Paris CEDEX 07<\/p>\n<\/div><\/div>\n\n<\/div><\/div>","protected":false},"excerpt":{"rendered":"<p>Digital accessibility commitments Oneytrust is committed to making its websites (internet, intranet and extranet) accessible in accordance with Article 47 of Law No. 2005-102 of 11 February 2005 and in accordance with the ambitions and commitments of the BPCE Group to which it belongs. Currently, the BPCE Group is implementing a programme aimed at strengthening&#8230;<\/p>","protected":false},"author":16,"featured_media":0,"parent":0,"menu_order":0,"comment_status":"closed","ping_status":"closed","template":"","meta":{"_acf_changed":false,"inline_featured_image":false,"_kad_blocks_custom_css":"","_kad_blocks_head_custom_js":"","_kad_blocks_body_custom_js":"","_kad_blocks_footer_custom_js":"","_kad_post_transparent":"disable","_kad_post_title":"","_kad_post_layout":"normal","_kad_post_sidebar_id":"","_kad_post_content_style":"","_kad_post_vertical_padding":"","_kad_post_feature":"","_kad_post_feature_position":"","_kad_post_header":false,"_kad_post_footer":false,"footnotes":""},"class_list":["post-3716","page","type-page","status-publish","hentry"],"acf":[],"yoast_head":"<!-- This site is optimized with the Yoast SEO plugin v25.9 - https:\/\/yoast.com\/wordpress\/plugins\/seo\/ -->\n<title>Digital accessibility commitments - Oneytrust<\/title>\n<meta name=\"robots\" content=\"index, follow, max-snippet:-1, max-image-preview:large, max-video-preview:-1\" \/>\n<link rel=\"canonical\" href=\"https:\/\/www.oneytrust.com\/fr\/accessibility-commitments\/\" \/>\n<meta property=\"og:locale\" content=\"fr_FR\" \/>\n<meta property=\"og:type\" content=\"article\" \/>\n<meta property=\"og:title\" content=\"Digital accessibility commitments - Oneytrust\" \/>\n<meta property=\"og:description\" content=\"Digital accessibility commitments Oneytrust is committed to making its websites (internet, intranet and extranet) accessible in accordance with Article 47 of Law No. 2005-102 of 11 February 2005 and in accordance with the ambitions and commitments of the BPCE Group to which it belongs. Currently, the BPCE Group is implementing a programme aimed at strengthening...\" \/>\n<meta property=\"og:url\" content=\"https:\/\/www.oneytrust.com\/fr\/accessibility-commitments\/\" \/>\n<meta property=\"og:site_name\" content=\"Oneytrust\" \/>\n<meta property=\"article:modified_time\" content=\"2026-02-05T22:56:16+00:00\" \/>\n<meta property=\"og:image\" content=\"https:\/\/www.oneytrust.com\/wp-content\/uploads\/2025\/07\/Snip20250711_230.png\" \/>\n\t<meta property=\"og:image:width\" content=\"1200\" \/>\n\t<meta property=\"og:image:height\" content=\"675\" \/>\n\t<meta property=\"og:image:type\" content=\"image\/png\" \/>\n<meta name=\"twitter:card\" content=\"summary_large_image\" \/>\n<meta name=\"twitter:label1\" content=\"Dur\u00e9e de lecture estim\u00e9e\" \/>\n\t<meta name=\"twitter:data1\" content=\"2 minutes\" \/>\n<script type=\"application\/ld+json\" class=\"yoast-schema-graph\">{\"@context\":\"https:\/\/schema.org\",\"@graph\":[{\"@type\":\"WebPage\",\"@id\":\"https:\/\/www.oneytrust.com\/accessibility-commitments\/\",\"url\":\"https:\/\/www.oneytrust.com\/accessibility-commitments\/\",\"name\":\"Digital accessibility commitments - Oneytrust\",\"isPartOf\":{\"@id\":\"https:\/\/www.oneytrust.com\/#website\"},\"datePublished\":\"2026-01-30T11:00:09+00:00\",\"dateModified\":\"2026-02-05T22:56:16+00:00\",\"breadcrumb\":{\"@id\":\"https:\/\/www.oneytrust.com\/accessibility-commitments\/#breadcrumb\"},\"inLanguage\":\"fr-FR\",\"potentialAction\":[{\"@type\":\"ReadAction\",\"target\":[\"https:\/\/www.oneytrust.com\/accessibility-commitments\/\"]}]},{\"@type\":\"BreadcrumbList\",\"@id\":\"https:\/\/www.oneytrust.com\/accessibility-commitments\/#breadcrumb\",\"itemListElement\":[{\"@type\":\"ListItem\",\"position\":1,\"name\":\"Home\",\"item\":\"https:\/\/www.oneytrust.com\/\"},{\"@type\":\"ListItem\",\"position\":2,\"name\":\"Digital accessibility commitments\"}]},{\"@type\":\"WebSite\",\"@id\":\"https:\/\/www.oneytrust.com\/#website\",\"url\":\"https:\/\/www.oneytrust.com\/\",\"name\":\"Oneytrust\",\"description\":\"Only Trusted Customers. Oneytrust provides fraud detection and identity validation for merchants and banks. Unique consortia data, unbeatable fraud scoring.\",\"publisher\":{\"@id\":\"https:\/\/www.oneytrust.com\/#organization\"},\"potentialAction\":[{\"@type\":\"SearchAction\",\"target\":{\"@type\":\"EntryPoint\",\"urlTemplate\":\"https:\/\/www.oneytrust.com\/?s={search_term_string}\"},\"query-input\":{\"@type\":\"PropertyValueSpecification\",\"valueRequired\":true,\"valueName\":\"search_term_string\"}}],\"inLanguage\":\"fr-FR\"},{\"@type\":\"Organization\",\"@id\":\"https:\/\/www.oneytrust.com\/#organization\",\"name\":\"Oneytrust\",\"url\":\"https:\/\/www.oneytrust.com\/\",\"logo\":{\"@type\":\"ImageObject\",\"inLanguage\":\"fr-FR\",\"@id\":\"https:\/\/www.oneytrust.com\/#\/schema\/logo\/image\/\",\"url\":\"https:\/\/www.oneytrust.com\/wp-content\/uploads\/2025\/04\/oneytrust-logo.svg\",\"contentUrl\":\"https:\/\/www.oneytrust.com\/wp-content\/uploads\/2025\/04\/oneytrust-logo.svg\",\"width\":171,\"height\":40,\"caption\":\"Oneytrust\"},\"image\":{\"@id\":\"https:\/\/www.oneytrust.com\/#\/schema\/logo\/image\/\"}}]}<\/script>\n<!-- \/ Yoast SEO plugin. -->","yoast_head_json":{"title":"Engagements d'accessibilit\u00e9 num\u00e9rique","robots":{"index":"index","follow":"follow","max-snippet":"max-snippet:-1","max-image-preview":"max-image-preview:large","max-video-preview":"max-video-preview:-1"},"canonical":"https:\/\/www.oneytrust.com\/fr\/accessibility-commitments\/","og_locale":"fr_FR","og_type":"article","og_title":"Digital accessibility commitments - Oneytrust","og_description":"Digital accessibility commitments Oneytrust is committed to making its websites (internet, intranet and extranet) accessible in accordance with Article 47 of Law No. 2005-102 of 11 February 2005 and in accordance with the ambitions and commitments of the BPCE Group to which it belongs. Currently, the BPCE Group is implementing a programme aimed at strengthening...","og_url":"https:\/\/www.oneytrust.com\/fr\/accessibility-commitments\/","og_site_name":"Oneytrust","article_modified_time":"2026-02-05T22:56:16+00:00","og_image":[{"width":1200,"height":675,"url":"https:\/\/www.oneytrust.com\/wp-content\/uploads\/2025\/07\/Snip20250711_230.png","type":"image\/png"}],"twitter_card":"summary_large_image","twitter_misc":{"Dur\u00e9e de lecture estim\u00e9e":"2 minutes"},"schema":{"@context":"https:\/\/schema.org","@graph":[{"@type":"WebPage","@id":"https:\/\/www.oneytrust.com\/accessibility-commitments\/","url":"https:\/\/www.oneytrust.com\/accessibility-commitments\/","name":"Engagements d'accessibilit\u00e9 num\u00e9rique","isPartOf":{"@id":"https:\/\/www.oneytrust.com\/#website"},"datePublished":"2026-01-30T11:00:09+00:00","dateModified":"2026-02-05T22:56:16+00:00","breadcrumb":{"@id":"https:\/\/www.oneytrust.com\/accessibility-commitments\/#breadcrumb"},"inLanguage":"fr-FR","potentialAction":[{"@type":"ReadAction","target":["https:\/\/www.oneytrust.com\/accessibility-commitments\/"]}]},{"@type":"BreadcrumbList","@id":"https:\/\/www.oneytrust.com\/accessibility-commitments\/#breadcrumb","itemListElement":[{"@type":"ListItem","position":1,"name":"Home","item":"https:\/\/www.oneytrust.com\/"},{"@type":"ListItem","position":2,"name":"Digital accessibility commitments"}]},{"@type":"WebSite","@id":"https:\/\/www.oneytrust.com\/#website","url":"https:\/\/www.oneytrust.com\/","name":"Oneytrust","description":"Only Trusted Customers. Oneytrust provides fraud detection and identity validation for merchants and banks. Unique consortia data, unbeatable fraud scoring.","publisher":{"@id":"https:\/\/www.oneytrust.com\/#organization"},"potentialAction":[{"@type":"SearchAction","target":{"@type":"EntryPoint","urlTemplate":"https:\/\/www.oneytrust.com\/?s={search_term_string}"},"query-input":{"@type":"PropertyValueSpecification","valueRequired":true,"valueName":"search_term_string"}}],"inLanguage":"fr-FR"},{"@type":"Organization","@id":"https:\/\/www.oneytrust.com\/#organization","name":"Oneytrust","url":"https:\/\/www.oneytrust.com\/","logo":{"@type":"ImageObject","inLanguage":"fr-FR","@id":"https:\/\/www.oneytrust.com\/#\/schema\/logo\/image\/","url":"https:\/\/www.oneytrust.com\/wp-content\/uploads\/2025\/04\/oneytrust-logo.svg","contentUrl":"https:\/\/www.oneytrust.com\/wp-content\/uploads\/2025\/04\/oneytrust-logo.svg","width":171,"height":40,"caption":"Oneytrust"},"image":{"@id":"https:\/\/www.oneytrust.com\/#\/schema\/logo\/image\/"}}]}},"taxonomy_info":[],"featured_image_src_large":false,"author_info":{"display_name":"Gripped Developer","author_link":"https:\/\/www.oneytrust.com\/fr\/author\/gripped-developer\/"},"comment_info":0,"_links":{"self":[{"href":"https:\/\/www.oneytrust.com\/fr\/wp-json\/wp\/v2\/pages\/3716","targetHints":{"allow":["GET"]}}],"collection":[{"href":"https:\/\/www.oneytrust.com\/fr\/wp-json\/wp\/v2\/pages"}],"about":[{"href":"https:\/\/www.oneytrust.com\/fr\/wp-json\/wp\/v2\/types\/page"}],"author":[{"embeddable":true,"href":"https:\/\/www.oneytrust.com\/fr\/wp-json\/wp\/v2\/users\/16"}],"replies":[{"embeddable":true,"href":"https:\/\/www.oneytrust.com\/fr\/wp-json\/wp\/v2\/comments?post=3716"}],"version-history":[{"count":5,"href":"https:\/\/www.oneytrust.com\/fr\/wp-json\/wp\/v2\/pages\/3716\/revisions"}],"predecessor-version":[{"id":3730,"href":"https:\/\/www.oneytrust.com\/fr\/wp-json\/wp\/v2\/pages\/3716\/revisions\/3730"}],"wp:attachment":[{"href":"https:\/\/www.oneytrust.com\/fr\/wp-json\/wp\/v2\/media?parent=3716"}],"curies":[{"name":"wp","href":"https:\/\/api.w.org\/{rel}","templated":true}]}}