{"id":1203,"date":"2024-09-11T08:49:04","date_gmt":"2024-09-11T07:49:04","guid":{"rendered":"https:\/\/www.oneytrust.com\/?page_id=1203"},"modified":"2025-06-24T16:18:51","modified_gmt":"2025-06-24T14:18:51","slug":"mention-information-review","status":"publish","type":"page","link":"https:\/\/www.oneytrust.com\/it\/mention-information-review\/","title":{"rendered":"Mention d&#8217;information Digital Review"},"content":{"rendered":"<style>.kb-row-layout-wrap.wp-block-kadence-rowlayout.kb-row-layout-id1203_ddda77-40{margin-bottom:var(--global-kb-spacing-md, 2rem);}.kb-row-layout-id1203_ddda77-40 > .kt-row-column-wrap{align-content:start;}:where(.kb-row-layout-id1203_ddda77-40 > .kt-row-column-wrap) > .wp-block-kadence-column{justify-content:start;}.kb-row-layout-id1203_ddda77-40 > .kt-row-column-wrap{column-gap:var(--global-kb-gap-md, 2rem);row-gap:var(--global-kb-gap-md, 2rem);padding-top:var(--global-kb-spacing-sm, 1.5rem);padding-bottom:var(--global-kb-spacing-sm, 1.5rem);grid-template-columns:minmax(0, 1fr);}.kb-row-layout-id1203_ddda77-40{border-top-left-radius:10px;border-top-right-radius:10px;border-bottom-right-radius:10px;border-bottom-left-radius:10px;overflow:clip;isolation:isolate;}.kb-row-layout-id1203_ddda77-40 > .kt-row-layout-overlay{border-top-left-radius:10px;border-top-right-radius:10px;border-bottom-right-radius:10px;border-bottom-left-radius:10px;}.kb-row-layout-id1203_ddda77-40{box-shadow:0px 0px 14px 0px rgba(0, 0, 0, 0.08);}.kb-row-layout-id1203_ddda77-40 > .kt-row-layout-overlay{opacity:0.30;}@media all and (max-width: 1024px){.kb-row-layout-id1203_ddda77-40 > .kt-row-column-wrap{grid-template-columns:minmax(0, 1fr);}}@media all and (max-width: 767px){.kb-row-layout-id1203_ddda77-40 > .kt-row-column-wrap{grid-template-columns:minmax(0, 1fr);}}<\/style><div class=\"kb-row-layout-wrap kb-row-layout-id1203_ddda77-40 alignnone has-theme-palette9-background-color kt-row-has-bg wp-block-kadence-rowlayout\"><div class=\"kt-row-column-wrap kt-has-1-columns kt-row-layout-equal kt-tab-layout-inherit kt-mobile-layout-row kt-row-valign-top\">\n<style>.kadence-column1203_fd3e99-09 > .kt-inside-inner-col,.kadence-column1203_fd3e99-09 > .kt-inside-inner-col:before{border-top-left-radius:0px;border-top-right-radius:0px;border-bottom-right-radius:0px;border-bottom-left-radius:0px;}.kadence-column1203_fd3e99-09 > .kt-inside-inner-col{column-gap:var(--global-kb-gap-sm, 1rem);}.kadence-column1203_fd3e99-09 > .kt-inside-inner-col{flex-direction:column;}.kadence-column1203_fd3e99-09 > .kt-inside-inner-col > .aligncenter{width:100%;}.kadence-column1203_fd3e99-09 > .kt-inside-inner-col:before{opacity:0.3;}.kadence-column1203_fd3e99-09{text-align:left;}.kadence-column1203_fd3e99-09{position:relative;}@media all and (max-width: 1024px){.kadence-column1203_fd3e99-09 > .kt-inside-inner-col{flex-direction:column;justify-content:center;}}@media all and (max-width: 767px){.kadence-column1203_fd3e99-09 > .kt-inside-inner-col{flex-direction:column;justify-content:center;}}<\/style>\n<div class=\"wp-block-kadence-column kadence-column1203_fd3e99-09\"><div class=\"kt-inside-inner-col\">\n<h2 class=\"wp-block-heading\">Dati personali \u2013 Lotta contro la frode<\/h2>\n\n\n\n<p>Le informazioni relative alla vostra transazione sono soggette a un trattamento automatizzato dei dati da parte di Oneytrust, il titolare del trattamento, con l'obiettivo di rafforzare il livello di sicurezza delle transazioni registrate dal partner e di proteggere il partner e i suoi clienti da possibili furti di identit\u00e0 o tentativi di frode.<\/p>\n\n\n\n<h3 class=\"wp-block-heading\">Oggetto dell\u2019elaborazione dati<\/h3>\n\n\n\n<h4 class=\"wp-block-heading\">Finalit\u00e0<\/h4>\n\n\n\n<p>Lo scopo del trattamento attuato da Oneytrust \u00e8 quello di combattere le frodi di identit\u00e0 e di pagamento\/rimborso in relazione alle transazioni effettuate a distanza via Internet o in un negozio fisico utilizzando un metodo di pagamento che presenta un rischio di frode simile a quello di una transazione online.<br>Consente a Oneytrust :<\/p>\n\n\n\n<ul class=\"wp-block-list\">\n<li>recuperare informazioni aggiuntive dai fornitori di servizi di Oneytrust per migliorare e qualificare alcuni dati relativi all'operazione (indirizzo e-mail, telefono, indirizzo postale, indirizzo IP, BIN 6 se applicabile);<\/li>\n\n\n\n<li>in base a regole prestabilite, riducono le revisioni manuali convalidando automaticamente le transazioni che non hanno potuto essere convalidate da un dispositivo di analisi automatica (punteggio automatico);<\/li>\n\n\n\n<li>svolgere fasi di ricerca o sperimentazione per migliorare e potenziare le proprie soluzioni in modo che siano sempre pi\u00f9 pertinenti e adeguate, al fine di tutelare i consumatori migliorando continuamente il sistema di contrasto alle frodi; a tal fine, i dati potranno essere riutilizzati per addestrare modelli di intelligenza artificiale.<\/li>\n<\/ul>\n\n\n\n<p>I vostri dati possono essere annotati (assegnati a una o pi\u00f9 caratteristiche) da Oneytrust per identificare le categorie di dati nel dataset.<\/p>\n\n\n\n<h4 class=\"wp-block-heading\">Base legale<\/h4>\n\n\n\n<p>Articolo 6 (1) f del regolamento generale sulla protezione dei dati.<br>Il trattamento \u00e8 necessario ai fini dei legittimi interessi perseguiti da Oneytrust, ossia la lotta contro le frodi di identit\u00e0 e di pagamento\/rimborso durante le transazioni a distanza effettuate via Internet o in un negozio fisico con un metodo di pagamento che presenta un rischio di frode simile a quello di una transazione online.<\/p>\n\n\n\n<h3 class=\"wp-block-heading\">Dati elaborati<\/h3>\n\n\n\n<h4 class=\"wp-block-heading\">Categorie di dati elaborati<\/h4>\n\n\n\n<ul class=\"wp-block-list\">\n<li>Dati di identificazione: cognome, nome, ragione sociale, indirizzo e-mail, indirizzo postale, numero di telefono, riferimento interno del partner (numero cliente, riferimento ordine, ecc.).<\/li>\n\n\n\n<li>Informazioni economiche e finanziarie: le prime 6 cifre della carta di credito.<\/li>\n\n\n\n<li>Dati di connessione: indirizzo IP.<\/li>\n\n\n\n<li>Altre categorie di dati: indice di fiducia, sottoelementi tecnici per la convalida dei dati di identificazione, indirizzo IP e BIN6 per correlazione (validit\u00e0, identit\u00e0 associata, fornitore, operatore, ecc.)<\/li>\n<\/ul>\n\n\n\n<h4 class=\"wp-block-heading\">Fonte dei dati<\/h4>\n\n\n\n<p>Le informazioni vengono raccolte dalla persona interessata tramite il partner, ma anche dai fornitori di servizi di Oneytrust per ottenere dati aggiuntivi e da database accessibili al pubblico.<\/p>\n\n\n\n<h4 class=\"wp-block-heading\">Carattere obbligatorio della raccolta dati<\/h4>\n\n\n\n<p>La mancata trasmissione dei dati relativi alla transazione impedisce la loro analisi da parte di Oneytrust. L'esecuzione della transazione \u00e8 esclusivamente a discrezione del partner di Oneytrust.<\/p>\n\n\n\n<h4 class=\"wp-block-heading\">Decisioni automatizzate<\/h4>\n\n\n\n<p>L'operazione di trattamento prevede che la decisione venga presa da un sistema automatizzato solo se tale decisione \u00e8 positiva. Il trattamento attuato da Oneytrust non prevede decisioni di rifiuto basate esclusivamente su analisi automatizzate.<\/p>\n\n\n\n<h3 class=\"wp-block-heading\">Persone interessate<\/h3>\n\n\n\n<p>L\u2019elaborazione dati riguarda:<\/p>\n\n\n\n<ul class=\"wp-block-list\">\n<li>persone fisiche e giuridiche che effettuano transazioni presso punti vendita fisici o a distanza con i partner di Oneytrust;<\/li>\n\n\n\n<li>il personale autorizzato da Oneytrust incaricato della messa in atto dell\u2019elaborazione.<\/li>\n<\/ul>\n\n\n\n<h3 class=\"wp-block-heading\">Destinatari dei dati<\/h3>\n\n\n\n<h4 class=\"wp-block-heading\">Categorie di destinatari<\/h4>\n\n\n\n<p>In funzione dei loro rispettivi bisogni, sono destinatari di tutti i dati o di una parte di essi:<\/p>\n\n\n\n<ul class=\"wp-block-list\">\n<li>personale autorizzato di Oneytrust ;<\/li>\n\n\n\n<li>il partner di Oneytrust con cui il cliente ha effettuato l'operazione; quest'ultimo riceve, in particolare, i risultati del trattamento effettuato da Oneytrust in conformit\u00e0 al presente documento.<\/li>\n\n\n\n<li>I subappaltatori e i fornitori di servizi di Oneytrust; in particolare, coloro ai quali Oneytrust invia tutti o parte dei dati per la verifica, l'hosting e la fornitura di dati aggiuntivi. Resta inteso che tali fornitori di servizi sono contrattualmente tenuti a proteggere i dati personali loro trasmessi in questo contesto.<\/li>\n<\/ul>\n\n\n\n<h4 class=\"wp-block-heading\">Trasferimenti di dati fuori dall\u2019UE<\/h4>\n\n\n\n<p>Non viene effettuato alcun trasferimento di dati al di fuori dell\u2019Unione Europea.<\/p>\n\n\n\n<h3 class=\"wp-block-heading\">Durata di conservazione dei dati<\/h3>\n\n\n\n<p>I dati di carattere personale saranno conservati per una durata di 15 giorni.<\/p>\n\n\n\n<h3 class=\"wp-block-heading\">I diritti dell\u2019utente sui dati che lo riguardano<\/h3>\n\n\n\n<p>In conformit\u00e0 alla Normativa applicabile, l'utente pu\u00f2 esercitare i diritti di seguito indicati:<\/p>\n\n\n\n<ul class=\"wp-block-list\">\n<li>Diritto di accesso per ottenere una copia di tutti i dati trattati da Oneytrust, nonch\u00e9 informazioni relative alle caratteristiche del trattamento effettuato sui vostri dati.<\/li>\n\n\n\n<li>Diritto di rettifica per aggiornare i dati errati e\/o incompleti.<\/li>\n\n\n\n<li>Diritto alla cancellazione se i dati (i) non sono pi\u00f9 necessari per le finalit\u00e0 per cui sono stati raccolti, (ii) sono trattati illegalmente o (iii) se si esercita il diritto di opposizione al trattamento in questione. Tuttavia, questo diritto non si applica nel caso in cui la conservazione dei vostri dati sia necessaria a Oneytrust per adempiere a un obbligo legale o per l'esercizio di pretese legali.<\/li>\n\n\n\n<li>Diritto di limitare il trattamento nel caso in cui (i) l'utente contesti l'accuratezza dei dati, (ii) l'utente eserciti il proprio diritto di opposizione. Oneytrust limiter\u00e0 l'elaborazione dei vostri dati per il tempo necessario a Oneytrust per effettuare le opportune verifiche.<\/li>\n\n\n\n<li>Il diritto di opporsi all'utilizzo dei vostri dati da parte di Oneytrust per i suoi legittimi interessi. Oneytrust interromper\u00e0 tale trattamento a meno che non possa giustificare che i suoi interessi legittimi e prevalenti prevalgano sui diritti e le libert\u00e0 dell'utente.<\/li>\n\n\n\n<li>Il diritto di definire direttive generali e specifiche che definiscano le modalit\u00e0 di esercizio dei diritti di cui sopra dopo la vostra morte.<\/li>\n<\/ul>\n\n\n\n<h4 class=\"wp-block-heading\">Esercitare i propri diritti<\/h4>\n\n\n\n<p>Il delegato alla protezione dei dati (DPO) di Oneytrust \u00e8 l\u2019interlocutore degli utenti per qualsiasi richiesta di esercizio dei propri diritti su quest\u2019elaborazione.<\/p>\n\n\n\n<ul class=\"wp-block-list\">\n<li>Contattare il DPO tramite posta elettronica scrivendo a dpo[at]oneytrust.com* *(sostituire [at] con @ in fase d\u2019invio)<\/li>\n\n\n\n<li>Contattare il DPO per lettera<\/li>\n<\/ul>\n\n\n\n<p>Le d\u00e9l\u00e9gu\u00e9 \u00e0 la protection des donn\u00e9es<br>Oneytrust<br>34 avenue de Flandre<br>59170 Croix<br>FRANCE<\/p>\n\n\n\n<h4 class=\"wp-block-heading\">Reclami<\/h4>\n\n\n\n<p>L\u2019utente pu\u00f2 inviare qualsiasi reclamo relativo all\u2019elaborazione delle sue richieste da parte di Oneytrust scrivendo al DPO. Il DPO far\u00e0 tutto il possibile per rispondere a qualsiasi reclamo e tentare di risolvere la controversia.<br>Se dopo averci contattato, l\u2019utente stima che i suoi diritti sui suoi dati personali non siano stati rispettati, egli pu\u00f2 inviare un reclamo (denuncia) alla sua autorit\u00e0 locale di protezione dei dati personali o all\u2019autorit\u00e0 di protezione dei dati personali di Oneytrust, ossia la CNIL \u2013 3 place de Fontenoy \u2013 TSA 80715 \u2013 75334 Paris cedex 07 (FRANCE).<\/p>\n<\/div><\/div>\n\n<\/div><\/div>","protected":false},"excerpt":{"rendered":"<p>Personal data \u2013 To fight fraud Information relating to your transaction is subject to automated data processing by Oneytrust, the data controller, with the aim of reinforcing the level of security of transactions recorded by the partner and protecting the partner and its customers against possible identity theft or attempted fraud. Purpose of the processing&#8230;<\/p>","protected":false},"author":4,"featured_media":0,"parent":0,"menu_order":0,"comment_status":"closed","ping_status":"closed","template":"","meta":{"_acf_changed":false,"inline_featured_image":false,"_kad_blocks_custom_css":"","_kad_blocks_head_custom_js":"","_kad_blocks_body_custom_js":"","_kad_blocks_footer_custom_js":"","_kad_post_transparent":"disable","_kad_post_title":"hide","_kad_post_layout":"normal","_kad_post_sidebar_id":"","_kad_post_content_style":"","_kad_post_vertical_padding":"","_kad_post_feature":"","_kad_post_feature_position":"","_kad_post_header":true,"_kad_post_footer":true,"footnotes":""},"class_list":["post-1203","page","type-page","status-publish","hentry"],"acf":[],"yoast_head":"<!-- This site is optimized with the Yoast SEO plugin v25.9 - https:\/\/yoast.com\/wordpress\/plugins\/seo\/ -->\n<title>Mention d&#039;information Digital Review - Oneytrust<\/title>\n<meta name=\"robots\" content=\"noindex, nofollow\" \/>\n<meta property=\"og:locale\" content=\"it_IT\" \/>\n<meta property=\"og:type\" content=\"article\" \/>\n<meta property=\"og:title\" content=\"Mention d&#039;information Digital Review - Oneytrust\" \/>\n<meta property=\"og:description\" content=\"Personal data \u2013 To fight fraud Information relating to your transaction is subject to automated data processing by Oneytrust, the data controller, with the aim of reinforcing the level of security of transactions recorded by the partner and protecting the partner and its customers against possible identity theft or attempted fraud. Purpose of the processing...\" \/>\n<meta property=\"og:url\" content=\"https:\/\/www.oneytrust.com\/it\/mention-information-review\/\" \/>\n<meta property=\"og:site_name\" content=\"Oneytrust\" \/>\n<meta property=\"article:modified_time\" content=\"2025-06-24T14:18:51+00:00\" \/>\n<meta property=\"og:image\" content=\"https:\/\/www.oneytrust.com\/wp-content\/uploads\/2025\/07\/Snip20250711_230.png\" \/>\n\t<meta property=\"og:image:width\" content=\"1200\" \/>\n\t<meta property=\"og:image:height\" content=\"675\" \/>\n\t<meta property=\"og:image:type\" content=\"image\/png\" \/>\n<meta name=\"twitter:card\" content=\"summary_large_image\" \/>\n<meta name=\"twitter:label1\" content=\"Tempo di lettura stimato\" \/>\n\t<meta name=\"twitter:data1\" content=\"5 minuti\" \/>\n<script type=\"application\/ld+json\" class=\"yoast-schema-graph\">{\"@context\":\"https:\/\/schema.org\",\"@graph\":[{\"@type\":\"WebPage\",\"@id\":\"https:\/\/www.oneytrust.com\/mention-information-review\/\",\"url\":\"https:\/\/www.oneytrust.com\/mention-information-review\/\",\"name\":\"Mention d'information Digital Review - Oneytrust\",\"isPartOf\":{\"@id\":\"https:\/\/www.oneytrust.com\/#website\"},\"datePublished\":\"2024-09-11T07:49:04+00:00\",\"dateModified\":\"2025-06-24T14:18:51+00:00\",\"breadcrumb\":{\"@id\":\"https:\/\/www.oneytrust.com\/mention-information-review\/#breadcrumb\"},\"inLanguage\":\"it-IT\",\"potentialAction\":[{\"@type\":\"ReadAction\",\"target\":[\"https:\/\/www.oneytrust.com\/mention-information-review\/\"]}]},{\"@type\":\"BreadcrumbList\",\"@id\":\"https:\/\/www.oneytrust.com\/mention-information-review\/#breadcrumb\",\"itemListElement\":[{\"@type\":\"ListItem\",\"position\":1,\"name\":\"Home\",\"item\":\"https:\/\/www.oneytrust.com\/\"},{\"@type\":\"ListItem\",\"position\":2,\"name\":\"Mention d&#8217;information Digital Review\"}]},{\"@type\":\"WebSite\",\"@id\":\"https:\/\/www.oneytrust.com\/#website\",\"url\":\"https:\/\/www.oneytrust.com\/\",\"name\":\"Oneytrust\",\"description\":\"Only Trusted Customers. Oneytrust provides fraud detection and identity validation for merchants and banks. Unique consortia data, unbeatable fraud scoring.\",\"publisher\":{\"@id\":\"https:\/\/www.oneytrust.com\/#organization\"},\"potentialAction\":[{\"@type\":\"SearchAction\",\"target\":{\"@type\":\"EntryPoint\",\"urlTemplate\":\"https:\/\/www.oneytrust.com\/?s={search_term_string}\"},\"query-input\":{\"@type\":\"PropertyValueSpecification\",\"valueRequired\":true,\"valueName\":\"search_term_string\"}}],\"inLanguage\":\"it-IT\"},{\"@type\":\"Organization\",\"@id\":\"https:\/\/www.oneytrust.com\/#organization\",\"name\":\"Oneytrust\",\"url\":\"https:\/\/www.oneytrust.com\/\",\"logo\":{\"@type\":\"ImageObject\",\"inLanguage\":\"it-IT\",\"@id\":\"https:\/\/www.oneytrust.com\/#\/schema\/logo\/image\/\",\"url\":\"https:\/\/www.oneytrust.com\/wp-content\/uploads\/2025\/04\/oneytrust-logo.svg\",\"contentUrl\":\"https:\/\/www.oneytrust.com\/wp-content\/uploads\/2025\/04\/oneytrust-logo.svg\",\"width\":171,\"height\":40,\"caption\":\"Oneytrust\"},\"image\":{\"@id\":\"https:\/\/www.oneytrust.com\/#\/schema\/logo\/image\/\"}}]}<\/script>\n<!-- \/ Yoast SEO plugin. -->","yoast_head_json":{"title":"Mention d'information Digital Review - Oneytrust","robots":{"index":"noindex","follow":"nofollow"},"og_locale":"it_IT","og_type":"article","og_title":"Mention d'information Digital Review - Oneytrust","og_description":"Personal data \u2013 To fight fraud Information relating to your transaction is subject to automated data processing by Oneytrust, the data controller, with the aim of reinforcing the level of security of transactions recorded by the partner and protecting the partner and its customers against possible identity theft or attempted fraud. Purpose of the processing...","og_url":"https:\/\/www.oneytrust.com\/it\/mention-information-review\/","og_site_name":"Oneytrust","article_modified_time":"2025-06-24T14:18:51+00:00","og_image":[{"width":1200,"height":675,"url":"https:\/\/www.oneytrust.com\/wp-content\/uploads\/2025\/07\/Snip20250711_230.png","type":"image\/png"}],"twitter_card":"summary_large_image","twitter_misc":{"Tempo di lettura stimato":"5 minuti"},"schema":{"@context":"https:\/\/schema.org","@graph":[{"@type":"WebPage","@id":"https:\/\/www.oneytrust.com\/mention-information-review\/","url":"https:\/\/www.oneytrust.com\/mention-information-review\/","name":"Mention d'information Digital Review - Oneytrust","isPartOf":{"@id":"https:\/\/www.oneytrust.com\/#website"},"datePublished":"2024-09-11T07:49:04+00:00","dateModified":"2025-06-24T14:18:51+00:00","breadcrumb":{"@id":"https:\/\/www.oneytrust.com\/mention-information-review\/#breadcrumb"},"inLanguage":"it-IT","potentialAction":[{"@type":"ReadAction","target":["https:\/\/www.oneytrust.com\/mention-information-review\/"]}]},{"@type":"BreadcrumbList","@id":"https:\/\/www.oneytrust.com\/mention-information-review\/#breadcrumb","itemListElement":[{"@type":"ListItem","position":1,"name":"Home","item":"https:\/\/www.oneytrust.com\/"},{"@type":"ListItem","position":2,"name":"Mention d&#8217;information Digital Review"}]},{"@type":"WebSite","@id":"https:\/\/www.oneytrust.com\/#website","url":"https:\/\/www.oneytrust.com\/","name":"Oneytrust","description":"Only Trusted Customers. Oneytrust provides fraud detection and identity validation for merchants and banks. Unique consortia data, unbeatable fraud scoring.","publisher":{"@id":"https:\/\/www.oneytrust.com\/#organization"},"potentialAction":[{"@type":"SearchAction","target":{"@type":"EntryPoint","urlTemplate":"https:\/\/www.oneytrust.com\/?s={search_term_string}"},"query-input":{"@type":"PropertyValueSpecification","valueRequired":true,"valueName":"search_term_string"}}],"inLanguage":"it-IT"},{"@type":"Organization","@id":"https:\/\/www.oneytrust.com\/#organization","name":"Oneytrust","url":"https:\/\/www.oneytrust.com\/","logo":{"@type":"ImageObject","inLanguage":"it-IT","@id":"https:\/\/www.oneytrust.com\/#\/schema\/logo\/image\/","url":"https:\/\/www.oneytrust.com\/wp-content\/uploads\/2025\/04\/oneytrust-logo.svg","contentUrl":"https:\/\/www.oneytrust.com\/wp-content\/uploads\/2025\/04\/oneytrust-logo.svg","width":171,"height":40,"caption":"Oneytrust"},"image":{"@id":"https:\/\/www.oneytrust.com\/#\/schema\/logo\/image\/"}}]}},"taxonomy_info":[],"featured_image_src_large":false,"author_info":{"display_name":"Audrey Defaix","author_link":"https:\/\/www.oneytrust.com\/it\/author\/audrey-defaix\/"},"comment_info":0,"_links":{"self":[{"href":"https:\/\/www.oneytrust.com\/it\/wp-json\/wp\/v2\/pages\/1203","targetHints":{"allow":["GET"]}}],"collection":[{"href":"https:\/\/www.oneytrust.com\/it\/wp-json\/wp\/v2\/pages"}],"about":[{"href":"https:\/\/www.oneytrust.com\/it\/wp-json\/wp\/v2\/types\/page"}],"author":[{"embeddable":true,"href":"https:\/\/www.oneytrust.com\/it\/wp-json\/wp\/v2\/users\/4"}],"replies":[{"embeddable":true,"href":"https:\/\/www.oneytrust.com\/it\/wp-json\/wp\/v2\/comments?post=1203"}],"version-history":[{"count":3,"href":"https:\/\/www.oneytrust.com\/it\/wp-json\/wp\/v2\/pages\/1203\/revisions"}],"predecessor-version":[{"id":1628,"href":"https:\/\/www.oneytrust.com\/it\/wp-json\/wp\/v2\/pages\/1203\/revisions\/1628"}],"wp:attachment":[{"href":"https:\/\/www.oneytrust.com\/it\/wp-json\/wp\/v2\/media?parent=1203"}],"curies":[{"name":"wp","href":"https:\/\/api.w.org\/{rel}","templated":true}]}}