{"id":1206,"date":"2024-09-11T15:41:13","date_gmt":"2024-09-11T14:41:13","guid":{"rendered":"https:\/\/www.oneytrust.com\/?page_id=1206"},"modified":"2024-09-11T15:41:14","modified_gmt":"2024-09-11T14:41:14","slug":"mention-information-score","status":"publish","type":"page","link":"https:\/\/www.oneytrust.com\/it\/mention-information-score\/","title":{"rendered":"Mention d&#8217;information Score"},"content":{"rendered":"<style>.kb-row-layout-wrap.wp-block-kadence-rowlayout.kb-row-layout-id1206_a676f2-14{margin-bottom:var(--global-kb-spacing-md, 2rem);}.kb-row-layout-id1206_a676f2-14 > .kt-row-column-wrap{align-content:start;}:where(.kb-row-layout-id1206_a676f2-14 > .kt-row-column-wrap) > .wp-block-kadence-column{justify-content:start;}.kb-row-layout-id1206_a676f2-14 > .kt-row-column-wrap{column-gap:var(--global-kb-gap-md, 2rem);row-gap:var(--global-kb-gap-md, 2rem);padding-top:var(--global-kb-spacing-sm, 1.5rem);padding-bottom:var(--global-kb-spacing-sm, 1.5rem);grid-template-columns:minmax(0, 1fr);}.kb-row-layout-id1206_a676f2-14{border-top-left-radius:10px;border-top-right-radius:10px;border-bottom-right-radius:10px;border-bottom-left-radius:10px;overflow:clip;isolation:isolate;}.kb-row-layout-id1206_a676f2-14 > .kt-row-layout-overlay{border-top-left-radius:10px;border-top-right-radius:10px;border-bottom-right-radius:10px;border-bottom-left-radius:10px;}.kb-row-layout-id1206_a676f2-14{box-shadow:0px 0px 14px 0px rgba(0, 0, 0, 0.08);}.kb-row-layout-id1206_a676f2-14 > .kt-row-layout-overlay{opacity:0.30;}@media all and (max-width: 1024px){.kb-row-layout-id1206_a676f2-14 > .kt-row-column-wrap{grid-template-columns:minmax(0, 1fr);}}@media all and (max-width: 767px){.kb-row-layout-id1206_a676f2-14 > .kt-row-column-wrap{grid-template-columns:minmax(0, 1fr);}}<\/style><div class=\"kb-row-layout-wrap kb-row-layout-id1206_a676f2-14 alignnone has-theme-palette9-background-color kt-row-has-bg wp-block-kadence-rowlayout\"><div class=\"kt-row-column-wrap kt-has-1-columns kt-row-layout-equal kt-tab-layout-inherit kt-mobile-layout-row kt-row-valign-top\">\n<style>.kadence-column1206_6c69f5-07 > .kt-inside-inner-col,.kadence-column1206_6c69f5-07 > .kt-inside-inner-col:before{border-top-left-radius:0px;border-top-right-radius:0px;border-bottom-right-radius:0px;border-bottom-left-radius:0px;}.kadence-column1206_6c69f5-07 > .kt-inside-inner-col{column-gap:var(--global-kb-gap-sm, 1rem);}.kadence-column1206_6c69f5-07 > .kt-inside-inner-col{flex-direction:column;}.kadence-column1206_6c69f5-07 > .kt-inside-inner-col > .aligncenter{width:100%;}.kadence-column1206_6c69f5-07 > .kt-inside-inner-col:before{opacity:0.3;}.kadence-column1206_6c69f5-07{text-align:left;}.kadence-column1206_6c69f5-07{position:relative;}@media all and (max-width: 1024px){.kadence-column1206_6c69f5-07 > .kt-inside-inner-col{flex-direction:column;justify-content:center;}}@media all and (max-width: 767px){.kadence-column1206_6c69f5-07 > .kt-inside-inner-col{flex-direction:column;justify-content:center;}}<\/style>\n<div class=\"wp-block-kadence-column kadence-column1206_6c69f5-07\"><div class=\"kt-inside-inner-col\">\n<h2 class=\"wp-block-heading\">Dati personali \u2013 Lotta contro la frode<\/h2>\n\n\n\n<p>Le informazioni in relazione con l\u2019operazione dell\u2019utente sono oggetto di un\u2019elaborazione automatica di dati da parte di Oneytrust, responsabile del trattamento dati, allo scopo di potenziare il livello di sicurezza delle operazioni realizzate sul sito internet del partner e proteggere quest\u2019ultimo e i suoi clienti da eventuali fenomeni di usurpazione di identit\u00e0 o di tentativo di frode.<\/p>\n\n\n\n<h3 class=\"wp-block-heading\">Oggetto dell\u2019elaborazione dati<\/h3>\n\n\n\n<h4 class=\"wp-block-heading\">Finalit\u00e0<\/h4>\n\n\n\n<p class=\"translation-block\">Lo scopo dell\u2019elaborazione dati \u00e8 la lotta contro le frodi d\u2019identit\u00e0 e di pagamento per le operazioni effettuate a distanza tramite la rete internet.\nEssa consente a Oneytrust:<\/p>\n\n\n\n<ul class=\"wp-block-list\">\n<li>di analizzare i dati della transazione;<\/li>\n\n\n\n<li>in base a regole prestabilite, di assegnare una valutazione (punteggio) ad ogni operazione realizzata sulle piattaforme partner;<\/li>\n\n\n\n<li>di determinare l\u2019ID macchina del PC usato da una persona per navigare sul\/sui sito\/i del partner, in particolare per verificare che uno stesso PC non sia stato usato per realizzare diverse transazioni con diverse identit\u00e0;<\/li>\n\n\n\n<li>di rilasciare un primo livello di fiducia durante la navigazione sul\/sui sito\/i del partner, per orientare di conseguenza il seguito del percorso del cliente finale;<\/li>\n\n\n\n<li>di paragonare le informazioni della transazione analizzata con le informazioni presenti nelle transazioni effettuate presso diversi partner di Oneytrust e di rilevare eventuali incoerenze;<\/li>\n\n\n\n<li>dopo che la transazione \u00e8 stata convalidata dal cliente e trasmessa per analisi, di comunicare al partner, un indice di fiducia della transazione sotto forma di un voto compreso tra zero (o) e cento (100) in base al livello di rischio valutato;<\/li>\n\n\n\n<li>di rilevare eventuali tentativi di frode durante la realizzazione di operazioni tramite la rete internet e di inserire nel file delle persone a rischio, i clienti che avranno commesso una frode accertata;<\/li>\n\n\n\n<li>di gestire le richieste delle persone interessate.<\/li>\n<\/ul>\n\n\n\n<p>Il sopraggiungere di un insoluto in seguito ad un uso fraudolento di un metodo di pagamento potr\u00e0 comportare la registrazione dei dati in relazione con la transazione associata a quest\u2019insoluto, in un file di incidenti di pagamento creato da Oneytrust. Una dichiarazione irregolare o un\u2019anomalia potr\u00e0 anche essere oggetto di un\u2019elaborazione specifica.<\/p>\n\n\n\n<h4 class=\"wp-block-heading\">Base legale<\/h4>\n\n\n\n<p>Articolo 6 (1) f del regolamento generale sulla protezione dei dati.<br>L\u2019elaborazione dati \u00e8 necessaria per gli interessi legittimi di Oneytrust; ossia la lotta contro la frode d\u2019identit\u00e0 e di pagamento durante le transazioni a distanza realizzate tramite la rete internet.<\/p>\n\n\n\n<h3 class=\"wp-block-heading\">Dati elaborati<\/h3>\n\n\n\n<h4 class=\"wp-block-heading\">Categorie di dati elaborati<\/h4>\n\n\n\n<ul class=\"wp-block-list\">\n<li>Dati identificativi, recapiti di fatturazione e di consegna, numero di telefono, indirizzo di posta elettronica, indirizzo IP, prime 6 cifre della carta di credito; i dati delle coordinate bancarie in forma criptata, in caso di pagamento tramite bonifico o prelievo; hash del numero di identificazione della carta di credito (PAN);<\/li>\n\n\n\n<li>Dati relativi ai giustificativi d\u2019identit\u00e0, bancaria e di domicilio, nell\u2019ambito delle verifiche complementari;<\/li>\n\n\n\n<li>Dati d\u2019identificazione elettronica (indirizzo IP), impronta calcolata a partire dai dati tecnici raccolti e dati tecnici del terminale utilizzato (sistema operativo, lingua, CPU, risoluzione, tipo di browser e versione\u2026);<\/li>\n\n\n\n<li>Dati relativi alla transazione.<\/li>\n<\/ul>\n\n\n\n<h4 class=\"wp-block-heading\">Fonte dei dati<\/h4>\n\n\n\n<p>Le informazioni sono raccolte presso il cliente tramite il partner.<\/p>\n\n\n\n<h4 class=\"wp-block-heading\">Carattere obbligatorio della raccolta dati<\/h4>\n\n\n\n<p>La mancata trasmissione dei dati in relazione con l\u2019operazione dell\u2019utente impedisce la realizzazione e l\u2019analisi della transazione.<\/p>\n\n\n\n<h4 class=\"wp-block-heading\">Decisioni automatizzate<\/h4>\n\n\n\n<p>L\u2019elaborazione non prevede decisioni automatizzate. In compenso, l\u2019elaborazione potrebbe escludere, anche temporaneamente, alcuni recapiti di una persona dal beneficio di un contratto. Pertanto, non viene presa nessuna decisione di rifiuto sulla base di un\u2019elaborazione automatica. Prima di prendere qualsiasi decisione di rifiuto, verranno effettuate verifiche complementari presso la persona interessata per consentirle di far valere le sue osservazioni e di far riesaminare la sua situazione. In ogni caso, la persona interessata ha il diritto di richiedere un intervento umano, di esprimere il suo punto di vista e di contestare la decisione.<\/p>\n\n\n\n<h3 class=\"wp-block-heading\">Persone interessate<\/h3>\n\n\n\n<p>L\u2019elaborazione dati riguarda:<\/p>\n\n\n\n<ul class=\"wp-block-list\">\n<li>le persone fisiche e morali che realizzano operazioni sui siti dei partner di Oneytrust;<\/li>\n\n\n\n<li>il personale autorizzato da Oneytrust incaricato della messa in atto dell\u2019elaborazione.<\/li>\n<\/ul>\n\n\n\n<h3 class=\"wp-block-heading\">Destinatari dei dati<\/h3>\n\n\n\n<h4 class=\"wp-block-heading\">Categorie di destinatari<\/h4>\n\n\n\n<p>In funzione dei loro rispettivi bisogni, sono destinatari di tutti i dati o di una parte di essi:<\/p>\n\n\n\n<ul class=\"wp-block-list\">\n<li>il partner di Oneytrust presso cui il cliente ha realizzato l\u2019operazione;<\/li>\n\n\n\n<li>il personale autorizzato da Oneytrust;<\/li>\n\n\n\n<li>i subappaltatori e prestatori di servizi di Oneytrust per l\u2019hosting e la fornitura di prestazioni tecniche specifiche.<\/li>\n<\/ul>\n\n\n\n<h4 class=\"wp-block-heading\">Trasferimenti di dati fuori dall\u2019UE<\/h4>\n\n\n\n<p>Non viene realizzato nessun trasferimento di dati fuori dall\u2019Unione europea.<\/p>\n\n\n\n<h3 class=\"wp-block-heading\">Durata di conservazione dei dati<\/h3>\n\n\n\n<p>I dati saranno conservati per una durata di 15 mesi. I dati relativi alle transazioni per cui sono state rilevate delle frodi accertate sono oggetto di una registrazione in un file di incidenti per una durata di 2 anni o fino alla regolarizzazione dell\u2019incidente di pagamento se questa avviene prima della scadenza del termine di 2 anni.<\/p>\n\n\n\n<h3 class=\"wp-block-heading\">I diritti dell\u2019utente sui dati che lo riguardano<\/h3>\n\n\n\n<p>L\u2019utente pu\u00f2 accedere e ottenere una copia dei dati che lo riguardano, opporsi all\u2019elaborazione di questi dati, farli rettificare o farli cancellare. L\u2019utente dispone inoltre di un diritto alla limitazione dell\u2019elaborazione dei suoi dati e del diritto di formulare direttive post-mortem specifiche e generali sulla conservazione, cancellazione e comunicazione dei suoi dati.<\/p>\n\n\n\n<h4 class=\"wp-block-heading\">Esercitare i propri diritti<\/h4>\n\n\n\n<p>Il delegato alla protezione dei dati (DPO) di Oneytrust \u00e8 l\u2019interlocutore degli utenti per qualsiasi richiesta di esercizio dei propri diritti su quest\u2019elaborazione.<\/p>\n\n\n\n<ul class=\"wp-block-list\">\n<li>Contattare il DPO tramite posta elettronica scrivendo a dpo[at]oneytrust.com* *(sostituire [at] con @ in fase d\u2019invio)<\/li>\n\n\n\n<li>Contattare il DPO per lettera<\/li>\n<\/ul>\n\n\n\n<p>Le d\u00e9l\u00e9gu\u00e9 \u00e0 la protection des donn\u00e9es<br>Oneytrust<br>34 avenue de Flandre<br>59170 Croix<br>FRANCE<\/p>\n\n\n\n<h4 class=\"wp-block-heading\">Reclami<\/h4>\n\n\n\n<p>L\u2019utente pu\u00f2 inviare qualsiasi reclamo relativo all\u2019elaborazione delle sue richieste da parte di Oneytrust scrivendo al DPO. Il DPO far\u00e0 tutto il possibile per rispondere a qualsiasi reclamo e tentare di risolvere la controversia.<br>Se dopo averci contattato, l\u2019utente stima che i suoi diritti sui suoi dati personali non siano stati rispettati, egli pu\u00f2 inviare un reclamo (denuncia) alla sua autorit\u00e0 locale di protezione dei dati personali o all\u2019autorit\u00e0 di protezione dei dati personali di Oneytrust, ossia la CNIL \u2013 3 place de Fontenoy \u2013 TSA 80715 \u2013 75334 Paris cedex 07 (FRANCE).<\/p>\n<\/div><\/div>\n\n<\/div><\/div>","protected":false},"excerpt":{"rendered":"<p>Personal data \u2013 To fight fraud The information relating to your transaction is processed on an automated level by Oneytrust as data controller to increase the level of security of transactions made on the partner\u2019s Internet site and protect the latter and its customers from identity fraud or attempted fraud phenomena. Purpose of the processing&#8230;<\/p>","protected":false},"author":4,"featured_media":0,"parent":0,"menu_order":0,"comment_status":"closed","ping_status":"closed","template":"","meta":{"_acf_changed":false,"inline_featured_image":false,"_kad_blocks_custom_css":"","_kad_blocks_head_custom_js":"","_kad_blocks_body_custom_js":"","_kad_blocks_footer_custom_js":"","_kad_post_transparent":"disable","_kad_post_title":"hide","_kad_post_layout":"normal","_kad_post_sidebar_id":"","_kad_post_content_style":"","_kad_post_vertical_padding":"","_kad_post_feature":"","_kad_post_feature_position":"","_kad_post_header":true,"_kad_post_footer":true,"footnotes":""},"class_list":["post-1206","page","type-page","status-publish","hentry"],"acf":[],"yoast_head":"<!-- This site is optimized with the Yoast SEO plugin v25.9 - https:\/\/yoast.com\/wordpress\/plugins\/seo\/ -->\n<title>Mention d&#039;information Score - Oneytrust<\/title>\n<meta name=\"robots\" content=\"noindex, nofollow\" \/>\n<meta property=\"og:locale\" content=\"it_IT\" \/>\n<meta property=\"og:type\" content=\"article\" \/>\n<meta property=\"og:title\" content=\"Mention d&#039;information Score - Oneytrust\" \/>\n<meta property=\"og:description\" content=\"Personal data \u2013 To fight fraud The information relating to your transaction is processed on an automated level by Oneytrust as data controller to increase the level of security of transactions made on the partner\u2019s Internet site and protect the latter and its customers from identity fraud or attempted fraud phenomena. Purpose of the processing...\" \/>\n<meta property=\"og:url\" content=\"https:\/\/www.oneytrust.com\/it\/mention-information-score\/\" \/>\n<meta property=\"og:site_name\" content=\"Oneytrust\" \/>\n<meta property=\"article:modified_time\" content=\"2024-09-11T14:41:14+00:00\" \/>\n<meta property=\"og:image\" content=\"https:\/\/www.oneytrust.com\/wp-content\/uploads\/2025\/07\/Snip20250711_230.png\" \/>\n\t<meta property=\"og:image:width\" content=\"1200\" \/>\n\t<meta property=\"og:image:height\" content=\"675\" \/>\n\t<meta property=\"og:image:type\" content=\"image\/png\" \/>\n<meta name=\"twitter:card\" content=\"summary_large_image\" \/>\n<meta name=\"twitter:label1\" content=\"Tempo di lettura stimato\" \/>\n\t<meta name=\"twitter:data1\" content=\"4 minuti\" \/>\n<script type=\"application\/ld+json\" class=\"yoast-schema-graph\">{\"@context\":\"https:\/\/schema.org\",\"@graph\":[{\"@type\":\"WebPage\",\"@id\":\"https:\/\/www.oneytrust.com\/mention-information-score\/\",\"url\":\"https:\/\/www.oneytrust.com\/mention-information-score\/\",\"name\":\"Mention d'information Score - Oneytrust\",\"isPartOf\":{\"@id\":\"https:\/\/www.oneytrust.com\/#website\"},\"datePublished\":\"2024-09-11T14:41:13+00:00\",\"dateModified\":\"2024-09-11T14:41:14+00:00\",\"breadcrumb\":{\"@id\":\"https:\/\/www.oneytrust.com\/mention-information-score\/#breadcrumb\"},\"inLanguage\":\"it-IT\",\"potentialAction\":[{\"@type\":\"ReadAction\",\"target\":[\"https:\/\/www.oneytrust.com\/mention-information-score\/\"]}]},{\"@type\":\"BreadcrumbList\",\"@id\":\"https:\/\/www.oneytrust.com\/mention-information-score\/#breadcrumb\",\"itemListElement\":[{\"@type\":\"ListItem\",\"position\":1,\"name\":\"Home\",\"item\":\"https:\/\/www.oneytrust.com\/\"},{\"@type\":\"ListItem\",\"position\":2,\"name\":\"Mention d&#8217;information Score\"}]},{\"@type\":\"WebSite\",\"@id\":\"https:\/\/www.oneytrust.com\/#website\",\"url\":\"https:\/\/www.oneytrust.com\/\",\"name\":\"Oneytrust\",\"description\":\"Only Trusted Customers. Oneytrust provides fraud detection and identity validation for merchants and banks. Unique consortia data, unbeatable fraud scoring.\",\"publisher\":{\"@id\":\"https:\/\/www.oneytrust.com\/#organization\"},\"potentialAction\":[{\"@type\":\"SearchAction\",\"target\":{\"@type\":\"EntryPoint\",\"urlTemplate\":\"https:\/\/www.oneytrust.com\/?s={search_term_string}\"},\"query-input\":{\"@type\":\"PropertyValueSpecification\",\"valueRequired\":true,\"valueName\":\"search_term_string\"}}],\"inLanguage\":\"it-IT\"},{\"@type\":\"Organization\",\"@id\":\"https:\/\/www.oneytrust.com\/#organization\",\"name\":\"Oneytrust\",\"url\":\"https:\/\/www.oneytrust.com\/\",\"logo\":{\"@type\":\"ImageObject\",\"inLanguage\":\"it-IT\",\"@id\":\"https:\/\/www.oneytrust.com\/#\/schema\/logo\/image\/\",\"url\":\"https:\/\/www.oneytrust.com\/wp-content\/uploads\/2025\/04\/oneytrust-logo.svg\",\"contentUrl\":\"https:\/\/www.oneytrust.com\/wp-content\/uploads\/2025\/04\/oneytrust-logo.svg\",\"width\":171,\"height\":40,\"caption\":\"Oneytrust\"},\"image\":{\"@id\":\"https:\/\/www.oneytrust.com\/#\/schema\/logo\/image\/\"}}]}<\/script>\n<!-- \/ Yoast SEO plugin. -->","yoast_head_json":{"title":"Mention d'information Score - Oneytrust","robots":{"index":"noindex","follow":"nofollow"},"og_locale":"it_IT","og_type":"article","og_title":"Mention d'information Score - Oneytrust","og_description":"Personal data \u2013 To fight fraud The information relating to your transaction is processed on an automated level by Oneytrust as data controller to increase the level of security of transactions made on the partner\u2019s Internet site and protect the latter and its customers from identity fraud or attempted fraud phenomena. Purpose of the processing...","og_url":"https:\/\/www.oneytrust.com\/it\/mention-information-score\/","og_site_name":"Oneytrust","article_modified_time":"2024-09-11T14:41:14+00:00","og_image":[{"width":1200,"height":675,"url":"https:\/\/www.oneytrust.com\/wp-content\/uploads\/2025\/07\/Snip20250711_230.png","type":"image\/png"}],"twitter_card":"summary_large_image","twitter_misc":{"Tempo di lettura stimato":"4 minuti"},"schema":{"@context":"https:\/\/schema.org","@graph":[{"@type":"WebPage","@id":"https:\/\/www.oneytrust.com\/mention-information-score\/","url":"https:\/\/www.oneytrust.com\/mention-information-score\/","name":"Mention d'information Score - Oneytrust","isPartOf":{"@id":"https:\/\/www.oneytrust.com\/#website"},"datePublished":"2024-09-11T14:41:13+00:00","dateModified":"2024-09-11T14:41:14+00:00","breadcrumb":{"@id":"https:\/\/www.oneytrust.com\/mention-information-score\/#breadcrumb"},"inLanguage":"it-IT","potentialAction":[{"@type":"ReadAction","target":["https:\/\/www.oneytrust.com\/mention-information-score\/"]}]},{"@type":"BreadcrumbList","@id":"https:\/\/www.oneytrust.com\/mention-information-score\/#breadcrumb","itemListElement":[{"@type":"ListItem","position":1,"name":"Home","item":"https:\/\/www.oneytrust.com\/"},{"@type":"ListItem","position":2,"name":"Mention d&#8217;information Score"}]},{"@type":"WebSite","@id":"https:\/\/www.oneytrust.com\/#website","url":"https:\/\/www.oneytrust.com\/","name":"Oneytrust","description":"Only Trusted Customers. Oneytrust provides fraud detection and identity validation for merchants and banks. Unique consortia data, unbeatable fraud scoring.","publisher":{"@id":"https:\/\/www.oneytrust.com\/#organization"},"potentialAction":[{"@type":"SearchAction","target":{"@type":"EntryPoint","urlTemplate":"https:\/\/www.oneytrust.com\/?s={search_term_string}"},"query-input":{"@type":"PropertyValueSpecification","valueRequired":true,"valueName":"search_term_string"}}],"inLanguage":"it-IT"},{"@type":"Organization","@id":"https:\/\/www.oneytrust.com\/#organization","name":"Oneytrust","url":"https:\/\/www.oneytrust.com\/","logo":{"@type":"ImageObject","inLanguage":"it-IT","@id":"https:\/\/www.oneytrust.com\/#\/schema\/logo\/image\/","url":"https:\/\/www.oneytrust.com\/wp-content\/uploads\/2025\/04\/oneytrust-logo.svg","contentUrl":"https:\/\/www.oneytrust.com\/wp-content\/uploads\/2025\/04\/oneytrust-logo.svg","width":171,"height":40,"caption":"Oneytrust"},"image":{"@id":"https:\/\/www.oneytrust.com\/#\/schema\/logo\/image\/"}}]}},"taxonomy_info":[],"featured_image_src_large":false,"author_info":{"display_name":"Audrey Defaix","author_link":"https:\/\/www.oneytrust.com\/it\/author\/audrey-defaix\/"},"comment_info":0,"_links":{"self":[{"href":"https:\/\/www.oneytrust.com\/it\/wp-json\/wp\/v2\/pages\/1206","targetHints":{"allow":["GET"]}}],"collection":[{"href":"https:\/\/www.oneytrust.com\/it\/wp-json\/wp\/v2\/pages"}],"about":[{"href":"https:\/\/www.oneytrust.com\/it\/wp-json\/wp\/v2\/types\/page"}],"author":[{"embeddable":true,"href":"https:\/\/www.oneytrust.com\/it\/wp-json\/wp\/v2\/users\/4"}],"replies":[{"embeddable":true,"href":"https:\/\/www.oneytrust.com\/it\/wp-json\/wp\/v2\/comments?post=1206"}],"version-history":[{"count":2,"href":"https:\/\/www.oneytrust.com\/it\/wp-json\/wp\/v2\/pages\/1206\/revisions"}],"predecessor-version":[{"id":1218,"href":"https:\/\/www.oneytrust.com\/it\/wp-json\/wp\/v2\/pages\/1206\/revisions\/1218"}],"wp:attachment":[{"href":"https:\/\/www.oneytrust.com\/it\/wp-json\/wp\/v2\/media?parent=1206"}],"curies":[{"name":"wp","href":"https:\/\/api.w.org\/{rel}","templated":true}]}}