{"id":1206,"date":"2024-09-11T15:41:13","date_gmt":"2024-09-11T14:41:13","guid":{"rendered":"https:\/\/www.oneytrust.com\/?page_id=1206"},"modified":"2024-09-11T15:41:14","modified_gmt":"2024-09-11T14:41:14","slug":"mention-information-score","status":"publish","type":"page","link":"https:\/\/www.oneytrust.com\/nl\/mention-information-score\/","title":{"rendered":"Mention d&#8217;information Score"},"content":{"rendered":"<style>.kb-row-layout-wrap.wp-block-kadence-rowlayout.kb-row-layout-id1206_a676f2-14{margin-bottom:var(--global-kb-spacing-md, 2rem);}.kb-row-layout-id1206_a676f2-14 > .kt-row-column-wrap{align-content:start;}:where(.kb-row-layout-id1206_a676f2-14 > .kt-row-column-wrap) > .wp-block-kadence-column{justify-content:start;}.kb-row-layout-id1206_a676f2-14 > .kt-row-column-wrap{column-gap:var(--global-kb-gap-md, 2rem);row-gap:var(--global-kb-gap-md, 2rem);padding-top:var(--global-kb-spacing-sm, 1.5rem);padding-bottom:var(--global-kb-spacing-sm, 1.5rem);grid-template-columns:minmax(0, 1fr);}.kb-row-layout-id1206_a676f2-14{border-top-left-radius:10px;border-top-right-radius:10px;border-bottom-right-radius:10px;border-bottom-left-radius:10px;overflow:clip;isolation:isolate;}.kb-row-layout-id1206_a676f2-14 > .kt-row-layout-overlay{border-top-left-radius:10px;border-top-right-radius:10px;border-bottom-right-radius:10px;border-bottom-left-radius:10px;}.kb-row-layout-id1206_a676f2-14{box-shadow:0px 0px 14px 0px rgba(0, 0, 0, 0.08);}.kb-row-layout-id1206_a676f2-14 > .kt-row-layout-overlay{opacity:0.30;}@media all and (max-width: 1024px){.kb-row-layout-id1206_a676f2-14 > .kt-row-column-wrap{grid-template-columns:minmax(0, 1fr);}}@media all and (max-width: 767px){.kb-row-layout-id1206_a676f2-14 > .kt-row-column-wrap{grid-template-columns:minmax(0, 1fr);}}<\/style><div class=\"kb-row-layout-wrap kb-row-layout-id1206_a676f2-14 alignnone has-theme-palette9-background-color kt-row-has-bg wp-block-kadence-rowlayout\"><div class=\"kt-row-column-wrap kt-has-1-columns kt-row-layout-equal kt-tab-layout-inherit kt-mobile-layout-row kt-row-valign-top\">\n<style>.kadence-column1206_6c69f5-07 > .kt-inside-inner-col,.kadence-column1206_6c69f5-07 > .kt-inside-inner-col:before{border-top-left-radius:0px;border-top-right-radius:0px;border-bottom-right-radius:0px;border-bottom-left-radius:0px;}.kadence-column1206_6c69f5-07 > .kt-inside-inner-col{column-gap:var(--global-kb-gap-sm, 1rem);}.kadence-column1206_6c69f5-07 > .kt-inside-inner-col{flex-direction:column;}.kadence-column1206_6c69f5-07 > .kt-inside-inner-col > .aligncenter{width:100%;}.kadence-column1206_6c69f5-07 > .kt-inside-inner-col:before{opacity:0.3;}.kadence-column1206_6c69f5-07{text-align:left;}.kadence-column1206_6c69f5-07{position:relative;}@media all and (max-width: 1024px){.kadence-column1206_6c69f5-07 > .kt-inside-inner-col{flex-direction:column;justify-content:center;}}@media all and (max-width: 767px){.kadence-column1206_6c69f5-07 > .kt-inside-inner-col{flex-direction:column;justify-content:center;}}<\/style>\n<div class=\"wp-block-kadence-column kadence-column1206_6c69f5-07\"><div class=\"kt-inside-inner-col\">\n<h2 class=\"wp-block-heading\">Persoonsgegevens \u2013 Fraudebestrijding<\/h2>\n\n\n\n<p>De gegevens met betrekking tot uw verrichting worden automatisch verwerkt door Oneytrust, de verwerkingsverantwoordelijke, om de veiligheid van de verrichtingen op de website van de partner te verhogen en om de partner en zijn klanten te beschermen tegen mogelijke identiteitsdiefstal of poging tot fraude.<\/p>\n\n\n\n<h3 class=\"wp-block-heading\">Doel van de gegevensverwerking<\/h3>\n\n\n\n<h4 class=\"wp-block-heading\">Doelstellingen<\/h4>\n\n\n\n<p class=\"translation-block\">Het doel van de verwerking is het bestrijden van identiteits- en betalingsfraude bij transacties op afstand via het internet.\nHierdoor is Oneytrust in staat:<\/p>\n\n\n\n<ul class=\"wp-block-list\">\n<li>de transactiegegevens te analyseren;<\/li>\n\n\n\n<li>volgens vooraf vastgestelde regels een evaluatie (score) toe te kennen aan elke verrichting die op de partnerplatforms wordt uitgevoerd;<\/li>\n\n\n\n<li>het bepalen van het ID van de terminal die door een persoon wordt gebruikt om op de site(s) van de Partner te navigeren, met name om na te gaan of dezelfde computer niet is gebruikt om verschillende transacties uit te voeren op basis van verschillende identiteiten;<\/li>\n\n\n\n<li>het leveren van een eerste niveau van vertrouwen tijdens het navigeren op de site(s) van de Partner, om zo de eindklant te gidsen bij het vervolg van zijn traject;<\/li>\n\n\n\n<li>de informatie van de geanalyseerde transactie te vergelijken met de informatie die aanwezig is in de transacties met de verschillende partners van Oneytrust en zo eventuele inconsistenties op te sporen;<\/li>\n\n\n\n<li>zodra de transactie door de klant is gevalideerd en ter analyse is doorgestuurd, aan de Partner een vertrouwensindex van de transactie mee te delen in de vorm van een score tussen nul (0) en honderd (100), afhankelijk van het niveau van het aldus beoordeelde risico;<\/li>\n\n\n\n<li>het opsporen van pogingen tot fraude bij het uitvoeren van transacties via het internet en het registreren van personen die risico lopen, klanten die fraude hebben gepleegd; aanvullende informatie te verstrekken om bepaalde gegevens van de transactie te kwalificeren (e-mailadres, telefoon, postadres, IP-adres, BIN 6);\nvolgens vooraf vastgestelde regels, handmatige controles te verminderen door automatische validatie van transacties die niet op automatische wijze konden worden gevalideerd (automatische score);<\/li>\n\n\n\n<li>het afhandelen van de verzoeken van de betrokken personen.<\/li>\n<\/ul>\n\n\n\n<p>In geval van een onbetaalde schuld ten gevolge van frauduleus gebruik van een betaalmiddel, kunnen gegevens met betrekking tot de transactie in verband met deze onbetaalde schuld worden opgenomen in een betalingsincidentenbestand dat door Oneytrust wordt bijgehouden. Een onregelmatige aangifte of een afwijking kan ook onderworpen zijn aan een specifieke verwerking.<\/p>\n\n\n\n<h4 class=\"wp-block-heading\">Wettelijk kader<\/h4>\n\n\n\n<p>Artikel 6 (1) f van de algemene verordening gegevensbescherming.<br>De verwerking is noodzakelijk voor de gerechtvaardigde belangen die Oneytrust nastreeft, namelijk de strijd tegen identiteits- en betalingsfraude bij transacties op afstand via internet.<\/p>\n\n\n\n<h3 class=\"wp-block-heading\">Verwerkte gegevens<\/h3>\n\n\n\n<h4 class=\"wp-block-heading\">De verschillende categorie\u00ebn verwerkte gegevens zijn:<\/h4>\n\n\n\n<ul class=\"wp-block-list\">\n<li>Identificatiegegevens, factuur- en leveringsgegevens, telefoonnummer, e-mailadres, IP-adres, eerste 6 cijfers van de creditcard; bankrekeninggegevens (RIB) in verkorte vorm in geval van betaling per bankoverschrijving of automatische incasso; bankkaartidentificatienummer (PAN) gehasht;<\/li>\n\n\n\n<li>Gegevens met betrekking tot het identiteitsbewijs, bankrekeningnummer en de woonplaats in het kader van aanvullende controles;<\/li>\n\n\n\n<li>De elektronische identificatiegegevens (IP-adres), afdruk berekend op basis van de verzamelde technische gegevens en technische gegevens van de gebruikte terminal (zoals besturingssysteem, taal, CPU, resolutie, browsertype en versie).<\/li>\n\n\n\n<li>Transactiegegevens;<\/li>\n<\/ul>\n\n\n\n<h4 class=\"wp-block-heading\">Gegevensbron<\/h4>\n\n\n\n<p>De gegevens van de klant worden via de Partner verzameld, maar ook via de dienstverleners van Oneytrust voor verrijkte gegevens.<\/p>\n\n\n\n<h4 class=\"wp-block-heading\">Verplicht karakter van de gegevensverzameling<\/h4>\n\n\n\n<p>Het niet doorgeven van gegevens met betrekking tot uw transactie verhindert de voltooiing en analyse van uw transactie<\/p>\n\n\n\n<h4 class=\"wp-block-heading\">Geautomatiseerde besluitvorming<\/h4>\n\n\n\n<p>De verwerking voorziet niet in geautomatiseerde besluitvorming. Anderzijds kan als gevolg van de verwerking van zijn persoonsgegevens een persoon uitgesloten worden van contractuele voordelen, zelfs tijdelijk. Er wordt echter geen enkel besluit tot weigering genomen op basis van geautomatiseerde verwerking. Alvorens een beslissing tot weigering wordt genomen, zullen verdere controles worden uitgevoerd bij de betrokken persoon om hem\/haar in staat te stellen zijn\/haar opmerkingen in te dienen en zijn\/haar situatie opnieuw te laten onderzoeken. In ieder geval heeft de betrokkene het recht om menselijk ingrijpen te vragen, zijn of haar standpunt kenbaar te maken en de beslissing aan te vechten.<\/p>\n\n\n\n<h3 class=\"wp-block-heading\">Betrokken personen<\/h3>\n\n\n\n<p>De gegevensverwerking betreft:<\/p>\n\n\n\n<ul class=\"wp-block-list\">\n<li>natuurlijke en rechtspersonen die activiteiten uitvoeren op de sites van partners van Oneytrust;<\/li>\n\n\n\n<li>het bevoegde personeel van Oneytrust, belast met de uitvoering van de verwerking.<\/li>\n<\/ul>\n\n\n\n<h3 class=\"wp-block-heading\">Ontvangers van de gegevens<\/h3>\n\n\n\n<h4 class=\"wp-block-heading\">Categorie\u00ebn van ontvangers<\/h4>\n\n\n\n<p>Afhankelijk van hun respectieve behoeften zijn de ontvangers van alle of een deel van de gegevens:<\/p>\n\n\n\n<ul class=\"wp-block-list\">\n<li>de Partner van Oneytrust met wie de klant de transactie heeft uitgevoerd;<\/li>\n\n\n\n<li>het bevoegde personeel van Oneytrust;<\/li>\n\n\n\n<li>de onderaannemers en dienstverleners van Oneytrust voor het hosten en leveren van verrijkte data.<\/li>\n<\/ul>\n\n\n\n<h4 class=\"wp-block-heading\">Doorgifte van gegevens buiten de EU<\/h4>\n\n\n\n<p>Er worden geen persoonsgegevens buiten de EU doorgegeven.<\/p>\n\n\n\n<h3 class=\"wp-block-heading\">Bewaartermijn van de gegevens<\/h3>\n\n\n\n<p>De gegevens worden gedurende 15 maanden bewaard. Gegevens met betrekking tot transacties waarvoor fraude is aangetoond, worden gedurende een periode 2 jaar in een incidentendossier opgenomen of totdat het betalingsincident is opgelost indien dit gebeurt v\u00f3\u00f3r het verstrijken van de periode van 2 jaar.<\/p>\n\n\n\n<h3 class=\"wp-block-heading\">Uw rechten inzake gegevens die op u betrekking hebben<\/h3>\n\n\n\n<p>U hebt het recht om toegang te vragen tot uw persoonlijke gegevens en hier een kopie van te vragen, om bezwaar te maken tegen de verwerking ervan, om ze te laten corrigeren of verwijderen. U hebt ook het recht om de verwerking van uw gegevens te beperken en algemene richtlijnen te formuleren met betrekking tot de opslag, het wissen en de communicatie van uw gegevens na uw overlijden.<\/p>\n\n\n\n<h4 class=\"wp-block-heading\">Uw rechten uitoefenen<\/h4>\n\n\n\n<p>De Data Protection Officer (DPO) van Oneytrust is uw contactpersoon voor verzoeken om uw rechten uit te oefenen over de verwerkingsactiviteiten die Oneytrust als verwerkingsverantwoordelijke uitvoert.<\/p>\n\n\n\n<ul class=\"wp-block-list\">\n<li>Neem elektronisch contact op met de DPO door te schrijven naar dpo[at]oneytrust.com* (vervangen * door @ bij verzending)<\/li>\n\n\n\n<li>Contact opnemen met de DPO per post<\/li>\n<\/ul>\n\n\n\n<p>Le d\u00e9l\u00e9gu\u00e9 \u00e0 la protection des donn\u00e9es<br>Oneytrust<br>34 avenue de Flandre<br>59170 Croix<br>FRANCE<\/p>\n\n\n\n<h4 class=\"wp-block-heading\">Klachten<\/h4>\n\n\n\n<p>Klachten met betrekking tot de verwerking van uw aanvragen door Oneytrust kunt u schriftelijk richten aan de DPO. Deze laatste zal uw klacht in behandeling nemen en trachten het geschil op te lossen.<br>Als u, na contact met ons op te hebben genomen, van mening bent dat uw rechten met betrekking tot uw gegevens niet worden gerespecteerd, kunt u een klacht indienen bij uw lokale autoriteit voor de bescherming van persoonsgegevens of bij de instantie voor de bescherming van persoonsgegevens van Oneytrust, zijnde de CNIL \u2013 3 place de Fontenoy \u2013 TSA 80715 \u2013 75334 Paris cedex 07 FRANCE.<\/p>\n<\/div><\/div>\n\n<\/div><\/div>","protected":false},"excerpt":{"rendered":"<p>Personal data \u2013 To fight fraud The information relating to your transaction is processed on an automated level by Oneytrust as data controller to increase the level of security of transactions made on the partner\u2019s Internet site and protect the latter and its customers from identity fraud or attempted fraud phenomena. Purpose of the processing&#8230;<\/p>","protected":false},"author":4,"featured_media":0,"parent":0,"menu_order":0,"comment_status":"closed","ping_status":"closed","template":"","meta":{"_acf_changed":false,"inline_featured_image":false,"_kad_blocks_custom_css":"","_kad_blocks_head_custom_js":"","_kad_blocks_body_custom_js":"","_kad_blocks_footer_custom_js":"","_kad_post_transparent":"disable","_kad_post_title":"hide","_kad_post_layout":"normal","_kad_post_sidebar_id":"","_kad_post_content_style":"","_kad_post_vertical_padding":"","_kad_post_feature":"","_kad_post_feature_position":"","_kad_post_header":true,"_kad_post_footer":true,"footnotes":""},"class_list":["post-1206","page","type-page","status-publish","hentry"],"acf":[],"yoast_head":"<!-- This site is optimized with the Yoast SEO plugin v25.9 - https:\/\/yoast.com\/wordpress\/plugins\/seo\/ -->\n<title>Mention d&#039;information Score - Oneytrust<\/title>\n<meta name=\"robots\" content=\"noindex, nofollow\" \/>\n<meta property=\"og:locale\" content=\"nl_NL\" \/>\n<meta property=\"og:type\" content=\"article\" \/>\n<meta property=\"og:title\" content=\"Mention d&#039;information Score - Oneytrust\" \/>\n<meta property=\"og:description\" content=\"Personal data \u2013 To fight fraud The information relating to your transaction is processed on an automated level by Oneytrust as data controller to increase the level of security of transactions made on the partner\u2019s Internet site and protect the latter and its customers from identity fraud or attempted fraud phenomena. Purpose of the processing...\" \/>\n<meta property=\"og:url\" content=\"https:\/\/www.oneytrust.com\/nl\/mention-information-score\/\" \/>\n<meta property=\"og:site_name\" content=\"Oneytrust\" \/>\n<meta property=\"article:modified_time\" content=\"2024-09-11T14:41:14+00:00\" \/>\n<meta property=\"og:image\" content=\"https:\/\/www.oneytrust.com\/wp-content\/uploads\/2025\/07\/Snip20250711_230.png\" \/>\n\t<meta property=\"og:image:width\" content=\"1200\" \/>\n\t<meta property=\"og:image:height\" content=\"675\" \/>\n\t<meta property=\"og:image:type\" content=\"image\/png\" \/>\n<meta name=\"twitter:card\" content=\"summary_large_image\" \/>\n<meta name=\"twitter:label1\" content=\"Geschatte leestijd\" \/>\n\t<meta name=\"twitter:data1\" content=\"4 minuten\" \/>\n<script type=\"application\/ld+json\" class=\"yoast-schema-graph\">{\"@context\":\"https:\/\/schema.org\",\"@graph\":[{\"@type\":\"WebPage\",\"@id\":\"https:\/\/www.oneytrust.com\/mention-information-score\/\",\"url\":\"https:\/\/www.oneytrust.com\/mention-information-score\/\",\"name\":\"Mention d'information Score - Oneytrust\",\"isPartOf\":{\"@id\":\"https:\/\/www.oneytrust.com\/#website\"},\"datePublished\":\"2024-09-11T14:41:13+00:00\",\"dateModified\":\"2024-09-11T14:41:14+00:00\",\"breadcrumb\":{\"@id\":\"https:\/\/www.oneytrust.com\/mention-information-score\/#breadcrumb\"},\"inLanguage\":\"nl-NL\",\"potentialAction\":[{\"@type\":\"ReadAction\",\"target\":[\"https:\/\/www.oneytrust.com\/mention-information-score\/\"]}]},{\"@type\":\"BreadcrumbList\",\"@id\":\"https:\/\/www.oneytrust.com\/mention-information-score\/#breadcrumb\",\"itemListElement\":[{\"@type\":\"ListItem\",\"position\":1,\"name\":\"Home\",\"item\":\"https:\/\/www.oneytrust.com\/\"},{\"@type\":\"ListItem\",\"position\":2,\"name\":\"Mention d&#8217;information Score\"}]},{\"@type\":\"WebSite\",\"@id\":\"https:\/\/www.oneytrust.com\/#website\",\"url\":\"https:\/\/www.oneytrust.com\/\",\"name\":\"Oneytrust\",\"description\":\"Only Trusted Customers. Oneytrust provides fraud detection and identity validation for merchants and banks. Unique consortia data, unbeatable fraud scoring.\",\"publisher\":{\"@id\":\"https:\/\/www.oneytrust.com\/#organization\"},\"potentialAction\":[{\"@type\":\"SearchAction\",\"target\":{\"@type\":\"EntryPoint\",\"urlTemplate\":\"https:\/\/www.oneytrust.com\/?s={search_term_string}\"},\"query-input\":{\"@type\":\"PropertyValueSpecification\",\"valueRequired\":true,\"valueName\":\"search_term_string\"}}],\"inLanguage\":\"nl-NL\"},{\"@type\":\"Organization\",\"@id\":\"https:\/\/www.oneytrust.com\/#organization\",\"name\":\"Oneytrust\",\"url\":\"https:\/\/www.oneytrust.com\/\",\"logo\":{\"@type\":\"ImageObject\",\"inLanguage\":\"nl-NL\",\"@id\":\"https:\/\/www.oneytrust.com\/#\/schema\/logo\/image\/\",\"url\":\"https:\/\/www.oneytrust.com\/wp-content\/uploads\/2025\/04\/oneytrust-logo.svg\",\"contentUrl\":\"https:\/\/www.oneytrust.com\/wp-content\/uploads\/2025\/04\/oneytrust-logo.svg\",\"width\":171,\"height\":40,\"caption\":\"Oneytrust\"},\"image\":{\"@id\":\"https:\/\/www.oneytrust.com\/#\/schema\/logo\/image\/\"}}]}<\/script>\n<!-- \/ Yoast SEO plugin. -->","yoast_head_json":{"title":"Mention d'information Score - Oneytrust","robots":{"index":"noindex","follow":"nofollow"},"og_locale":"nl_NL","og_type":"article","og_title":"Mention d'information Score - Oneytrust","og_description":"Personal data \u2013 To fight fraud The information relating to your transaction is processed on an automated level by Oneytrust as data controller to increase the level of security of transactions made on the partner\u2019s Internet site and protect the latter and its customers from identity fraud or attempted fraud phenomena. Purpose of the processing...","og_url":"https:\/\/www.oneytrust.com\/nl\/mention-information-score\/","og_site_name":"Oneytrust","article_modified_time":"2024-09-11T14:41:14+00:00","og_image":[{"width":1200,"height":675,"url":"https:\/\/www.oneytrust.com\/wp-content\/uploads\/2025\/07\/Snip20250711_230.png","type":"image\/png"}],"twitter_card":"summary_large_image","twitter_misc":{"Geschatte leestijd":"4 minuten"},"schema":{"@context":"https:\/\/schema.org","@graph":[{"@type":"WebPage","@id":"https:\/\/www.oneytrust.com\/mention-information-score\/","url":"https:\/\/www.oneytrust.com\/mention-information-score\/","name":"Mention d'information Score - Oneytrust","isPartOf":{"@id":"https:\/\/www.oneytrust.com\/#website"},"datePublished":"2024-09-11T14:41:13+00:00","dateModified":"2024-09-11T14:41:14+00:00","breadcrumb":{"@id":"https:\/\/www.oneytrust.com\/mention-information-score\/#breadcrumb"},"inLanguage":"nl-NL","potentialAction":[{"@type":"ReadAction","target":["https:\/\/www.oneytrust.com\/mention-information-score\/"]}]},{"@type":"BreadcrumbList","@id":"https:\/\/www.oneytrust.com\/mention-information-score\/#breadcrumb","itemListElement":[{"@type":"ListItem","position":1,"name":"Home","item":"https:\/\/www.oneytrust.com\/"},{"@type":"ListItem","position":2,"name":"Mention d&#8217;information Score"}]},{"@type":"WebSite","@id":"https:\/\/www.oneytrust.com\/#website","url":"https:\/\/www.oneytrust.com\/","name":"Oneytrust","description":"Only Trusted Customers. Oneytrust provides fraud detection and identity validation for merchants and banks. Unique consortia data, unbeatable fraud scoring.","publisher":{"@id":"https:\/\/www.oneytrust.com\/#organization"},"potentialAction":[{"@type":"SearchAction","target":{"@type":"EntryPoint","urlTemplate":"https:\/\/www.oneytrust.com\/?s={search_term_string}"},"query-input":{"@type":"PropertyValueSpecification","valueRequired":true,"valueName":"search_term_string"}}],"inLanguage":"nl-NL"},{"@type":"Organization","@id":"https:\/\/www.oneytrust.com\/#organization","name":"Oneytrust","url":"https:\/\/www.oneytrust.com\/","logo":{"@type":"ImageObject","inLanguage":"nl-NL","@id":"https:\/\/www.oneytrust.com\/#\/schema\/logo\/image\/","url":"https:\/\/www.oneytrust.com\/wp-content\/uploads\/2025\/04\/oneytrust-logo.svg","contentUrl":"https:\/\/www.oneytrust.com\/wp-content\/uploads\/2025\/04\/oneytrust-logo.svg","width":171,"height":40,"caption":"Oneytrust"},"image":{"@id":"https:\/\/www.oneytrust.com\/#\/schema\/logo\/image\/"}}]}},"taxonomy_info":[],"featured_image_src_large":false,"author_info":{"display_name":"Audrey Defaix","author_link":"https:\/\/www.oneytrust.com\/nl\/author\/audrey-defaix\/"},"comment_info":0,"_links":{"self":[{"href":"https:\/\/www.oneytrust.com\/nl\/wp-json\/wp\/v2\/pages\/1206","targetHints":{"allow":["GET"]}}],"collection":[{"href":"https:\/\/www.oneytrust.com\/nl\/wp-json\/wp\/v2\/pages"}],"about":[{"href":"https:\/\/www.oneytrust.com\/nl\/wp-json\/wp\/v2\/types\/page"}],"author":[{"embeddable":true,"href":"https:\/\/www.oneytrust.com\/nl\/wp-json\/wp\/v2\/users\/4"}],"replies":[{"embeddable":true,"href":"https:\/\/www.oneytrust.com\/nl\/wp-json\/wp\/v2\/comments?post=1206"}],"version-history":[{"count":2,"href":"https:\/\/www.oneytrust.com\/nl\/wp-json\/wp\/v2\/pages\/1206\/revisions"}],"predecessor-version":[{"id":1218,"href":"https:\/\/www.oneytrust.com\/nl\/wp-json\/wp\/v2\/pages\/1206\/revisions\/1218"}],"wp:attachment":[{"href":"https:\/\/www.oneytrust.com\/nl\/wp-json\/wp\/v2\/media?parent=1206"}],"curies":[{"name":"wp","href":"https:\/\/api.w.org\/{rel}","templated":true}]}}