{"id":1203,"date":"2024-09-11T08:49:04","date_gmt":"2024-09-11T07:49:04","guid":{"rendered":"https:\/\/www.oneytrust.com\/?page_id=1203"},"modified":"2025-06-24T16:18:51","modified_gmt":"2025-06-24T14:18:51","slug":"mention-information-review","status":"publish","type":"page","link":"https:\/\/www.oneytrust.com\/pt\/mention-information-review\/","title":{"rendered":"Mention d&#8217;information Digital Review"},"content":{"rendered":"<style>.kb-row-layout-wrap.wp-block-kadence-rowlayout.kb-row-layout-id1203_ddda77-40{margin-bottom:var(--global-kb-spacing-md, 2rem);}.kb-row-layout-id1203_ddda77-40 > .kt-row-column-wrap{align-content:start;}:where(.kb-row-layout-id1203_ddda77-40 > .kt-row-column-wrap) > .wp-block-kadence-column{justify-content:start;}.kb-row-layout-id1203_ddda77-40 > .kt-row-column-wrap{column-gap:var(--global-kb-gap-md, 2rem);row-gap:var(--global-kb-gap-md, 2rem);padding-top:var(--global-kb-spacing-sm, 1.5rem);padding-bottom:var(--global-kb-spacing-sm, 1.5rem);grid-template-columns:minmax(0, 1fr);}.kb-row-layout-id1203_ddda77-40{border-top-left-radius:10px;border-top-right-radius:10px;border-bottom-right-radius:10px;border-bottom-left-radius:10px;overflow:clip;isolation:isolate;}.kb-row-layout-id1203_ddda77-40 > .kt-row-layout-overlay{border-top-left-radius:10px;border-top-right-radius:10px;border-bottom-right-radius:10px;border-bottom-left-radius:10px;}.kb-row-layout-id1203_ddda77-40{box-shadow:0px 0px 14px 0px rgba(0, 0, 0, 0.08);}.kb-row-layout-id1203_ddda77-40 > .kt-row-layout-overlay{opacity:0.30;}@media all and (max-width: 1024px){.kb-row-layout-id1203_ddda77-40 > .kt-row-column-wrap{grid-template-columns:minmax(0, 1fr);}}@media all and (max-width: 767px){.kb-row-layout-id1203_ddda77-40 > .kt-row-column-wrap{grid-template-columns:minmax(0, 1fr);}}<\/style><div class=\"kb-row-layout-wrap kb-row-layout-id1203_ddda77-40 alignnone has-theme-palette9-background-color kt-row-has-bg wp-block-kadence-rowlayout\"><div class=\"kt-row-column-wrap kt-has-1-columns kt-row-layout-equal kt-tab-layout-inherit kt-mobile-layout-row kt-row-valign-top\">\n<style>.kadence-column1203_fd3e99-09 > .kt-inside-inner-col,.kadence-column1203_fd3e99-09 > .kt-inside-inner-col:before{border-top-left-radius:0px;border-top-right-radius:0px;border-bottom-right-radius:0px;border-bottom-left-radius:0px;}.kadence-column1203_fd3e99-09 > .kt-inside-inner-col{column-gap:var(--global-kb-gap-sm, 1rem);}.kadence-column1203_fd3e99-09 > .kt-inside-inner-col{flex-direction:column;}.kadence-column1203_fd3e99-09 > .kt-inside-inner-col > .aligncenter{width:100%;}.kadence-column1203_fd3e99-09 > .kt-inside-inner-col:before{opacity:0.3;}.kadence-column1203_fd3e99-09{text-align:left;}.kadence-column1203_fd3e99-09{position:relative;}@media all and (max-width: 1024px){.kadence-column1203_fd3e99-09 > .kt-inside-inner-col{flex-direction:column;justify-content:center;}}@media all and (max-width: 767px){.kadence-column1203_fd3e99-09 > .kt-inside-inner-col{flex-direction:column;justify-content:center;}}<\/style>\n<div class=\"wp-block-kadence-column kadence-column1203_fd3e99-09\"><div class=\"kt-inside-inner-col\">\n<h2 class=\"wp-block-heading\">Dados pessoais \u2013 Luta contra a fraude<\/h2>\n\n\n\n<p>As informa\u00e7\u00f5es relativas \u00e0 sua transa\u00e7\u00e3o s\u00e3o objeto de um tratamento automatizado pela Oneytrust, respons\u00e1vel pelo tratamento dos dados, com o objetivo de refor\u00e7ar o n\u00edvel de seguran\u00e7a das transac\u00e7\u00f5es registadas pelo parceiro e de proteger o parceiro e os seus clientes contra eventuais roubos de identidade ou tentativas de fraude.<\/p>\n\n\n\n<h3 class=\"wp-block-heading\">Objeto do tratamento de dados<\/h3>\n\n\n\n<h4 class=\"wp-block-heading\">Finalidade<\/h4>\n\n\n\n<p>A finalidade do tratamento de dados implementado pela Oneytrust \u00e9 combater a fraude de identidade e de pagamento\/reembolso nas transac\u00e7\u00f5es efectuadas \u00e0 dist\u00e2ncia atrav\u00e9s da Internet ou numa loja f\u00edsica com um m\u00e9todo de pagamento que apresente um risco de fraude semelhante ao de uma transa\u00e7\u00e3o em linha.<br>Permite \u00e0 Oneytrust :<\/p>\n\n\n\n<ul class=\"wp-block-list\">\n<li>obter informa\u00e7\u00f5es adicionais dos prestadores de servi\u00e7os da Oneytrust para melhorar e qualificar determinados dados da transa\u00e7\u00e3o (endere\u00e7o eletr\u00f3nico, telefone, endere\u00e7o postal, endere\u00e7o IP, BIN 6, quando aplic\u00e1vel);<\/li>\n\n\n\n<li>de acordo com regras pr\u00e9-estabelecidas, reduzir as revis\u00f5es manuais atrav\u00e9s da valida\u00e7\u00e3o autom\u00e1tica das transac\u00e7\u00f5es que n\u00e3o puderam ser validadas por um dispositivo de an\u00e1lise autom\u00e1tica (pontua\u00e7\u00e3o autom\u00e1tica);<\/li>\n\n\n\n<li>realizar fases de investiga\u00e7\u00e3o ou experimentais para melhorar e aperfei\u00e7oar as suas solu\u00e7\u00f5es de modo a torn\u00e1-las cada vez mais pertinentes e adequadas, a fim de proteger os consumidores atrav\u00e9s da melhoria cont\u00ednua do sistema de luta contra a fraude; para o efeito, os dados podem ser reutilizados para treinar modelos de IA.<\/li>\n<\/ul>\n\n\n\n<p>Os seus dados podem ser anotados (atribu\u00eddos a uma ou mais carater\u00edsticas) pela Oneytrust, a fim de identificar as categorias de dados no conjunto de dados.<\/p>\n\n\n\n<h4 class=\"wp-block-heading\">Base jur\u00eddica<\/h4>\n\n\n\n<p>Artigo 6\u00ba (1) f do regulamento geral sobre a prote\u00e7\u00e3o de dados.<br>O tratamento \u00e9 necess\u00e1rio para efeitos dos interesses leg\u00edtimos prosseguidos pela Oneytrust, nomeadamente, a luta contra a fraude de identidade e de pagamento\/reembolso durante as transac\u00e7\u00f5es \u00e0 dist\u00e2ncia efectuadas atrav\u00e9s da Internet ou numa loja f\u00edsica com um m\u00e9todo de pagamento que apresente um risco de fraude semelhante ao de uma transa\u00e7\u00e3o em linha.<\/p>\n\n\n\n<h3 class=\"wp-block-heading\">Dados tratados<\/h3>\n\n\n\n<h4 class=\"wp-block-heading\">Categorias de dados tratados<\/h4>\n\n\n\n<ul class=\"wp-block-list\">\n<li>Dados de identifica\u00e7\u00e3o: Apelido, nome pr\u00f3prio, nome da empresa, endere\u00e7o eletr\u00f3nico, endere\u00e7o postal, n\u00famero de telefone, refer\u00eancia interna do parceiro (n\u00famero de cliente, refer\u00eancia da encomenda, etc.).<\/li>\n\n\n\n<li>Informa\u00e7\u00f5es econ\u00f3micas e financeiras: 6 primeiros d\u00edgitos do n\u00famero do cart\u00e3o banc\u00e1rio.<\/li>\n\n\n\n<li>Dados de liga\u00e7\u00e3o: endere\u00e7o IP.<\/li>\n\n\n\n<li>Outras categorias de dados: \u00cdndice de confian\u00e7a, subelementos t\u00e9cnicos de valida\u00e7\u00e3o dos dados de identifica\u00e7\u00e3o, endere\u00e7o IP e BIN6 por correla\u00e7\u00e3o (validade, identidade associada, fornecedor, operador, etc.).<\/li>\n<\/ul>\n\n\n\n<h4 class=\"wp-block-heading\">Fonte dos dados<\/h4>\n\n\n\n<p>As informa\u00e7\u00f5es s\u00e3o recolhidas junto da pessoa em causa atrav\u00e9s do parceiro, mas tamb\u00e9m junto dos prestadores de servi\u00e7os da Oneytrust para dados adicionais e de bases de dados acess\u00edveis ao p\u00fablico.<\/p>\n\n\n\n<h4 class=\"wp-block-heading\">Car\u00e1cter obrigat\u00f3rio da recolha de dados<\/h4>\n\n\n\n<p>A n\u00e3o transmiss\u00e3o dos dados relativos \u00e0 sua opera\u00e7\u00e3o impede a Oneytrust de os analisar. A execu\u00e7\u00e3o da sua transa\u00e7\u00e3o fica exclusivamente ao crit\u00e9rio do parceiro da Oneytrust.<\/p>\n\n\n\n<h4 class=\"wp-block-heading\">Tomada de decis\u00e3o automatizada<\/h4>\n\n\n\n<p>O tratamento s\u00f3 implica uma tomada de decis\u00e3o automatizada se a decis\u00e3o for positiva. O tratamento efectuado pela Oneytrust n\u00e3o prev\u00ea decis\u00f5es de recusa baseadas exclusivamente em an\u00e1lises automatizadas.<\/p>\n\n\n\n<h3 class=\"wp-block-heading\">Pessoas em quest\u00e3o<\/h3>\n\n\n\n<p>O tratamento de dados refere-se:<\/p>\n\n\n\n<ul class=\"wp-block-list\">\n<li>pessoas singulares e colectivas que efectuam transac\u00e7\u00f5es em pontos de venda f\u00edsicos e remotos, com os parceiros da Oneytrust;<\/li>\n\n\n\n<li>ao pessoal autorizado da Oneytrust respons\u00e1vel pela implementa\u00e7\u00e3o do tratamento.<\/li>\n<\/ul>\n\n\n\n<h3 class=\"wp-block-heading\">Destinat\u00e1rios dos dados<\/h3>\n\n\n\n<h4 class=\"wp-block-heading\">Categorias de destinat\u00e1rios<\/h4>\n\n\n\n<p>Em fun\u00e7\u00e3o das suas respetivas necessidades, s\u00e3o destinat\u00e1rios da totalidade ou de parte dos dados:<\/p>\n\n\n\n<ul class=\"wp-block-list\">\n<li>pessoal autorizado da Oneytrust ;<\/li>\n\n\n\n<li>O parceiro da Oneytrust com o qual o cliente efectuou a opera\u00e7\u00e3o; este \u00faltimo recebe, nomeadamente, os resultados do tratamento efectuado pela Oneytrust em conformidade com o presente documento.<\/li>\n\n\n\n<li>Os subcontratantes e prestadores de servi\u00e7os da Oneytrust; em particular, aqueles a quem a Oneytrust envia a totalidade ou parte dos dados para verifica\u00e7\u00e3o, alojamento e fornecimento de dados adicionais. Entende-se que estes prestadores de servi\u00e7os est\u00e3o contratualmente obrigados a proteger os dados pessoais que lhes s\u00e3o transmitidos neste contexto.<\/li>\n<\/ul>\n\n\n\n<h4 class=\"wp-block-heading\">Transfer\u00eancias de dados para fora da UE<\/h4>\n\n\n\n<p>Nenhuma transfer\u00eancia de dados \u00e9 feita fora da Uni\u00e3o Europeia.<\/p>\n\n\n\n<h3 class=\"wp-block-heading\">Dura\u00e7\u00e3o de conserva\u00e7\u00e3o dos dados<\/h3>\n\n\n\n<p>Os dados pessoais ser\u00e3o conservados durante um per\u00edodo de 15 dias.<\/p>\n\n\n\n<h3 class=\"wp-block-heading\">Os seus direitos sobre os dados que lhe dizem respeito<\/h3>\n\n\n\n<p>Em conformidade com a regulamenta\u00e7\u00e3o aplic\u00e1vel, o utilizador pode exercer os direitos a seguir indicados:<\/p>\n\n\n\n<ul class=\"wp-block-list\">\n<li>Direito de acesso para obter uma c\u00f3pia de todos os dados tratados pela Oneytrust, bem como informa\u00e7\u00f5es relativas \u00e0s carater\u00edsticas do tratamento efectuado sobre os seus dados.<\/li>\n\n\n\n<li>Direito de retifica\u00e7\u00e3o para atualizar os seus dados errados e\/ou incompletos.<\/li>\n\n\n\n<li>Direito ao apagamento se os dados (i) deixarem de ser necess\u00e1rios para os fins para que foram recolhidos, (ii) forem tratados ilicitamente ou (iii) se exercer o seu direito de se opor ao tratamento em causa. No entanto, este direito n\u00e3o se aplica quando a conserva\u00e7\u00e3o dos seus dados \u00e9 necess\u00e1ria para que a Oneytrust cumpra uma obriga\u00e7\u00e3o legal ou para o exerc\u00edcio de ac\u00e7\u00f5es judiciais.<\/li>\n\n\n\n<li>Direito de limitar o tratamento quando (i) contestar a exatid\u00e3o dos dados, (ii) exercer o seu direito de oposi\u00e7\u00e3o. A Oneytrust limitar\u00e1 o tratamento dos seus dados durante o tempo necess\u00e1rio para que a Oneytrust efectue as verifica\u00e7\u00f5es adequadas.<\/li>\n\n\n\n<li>O direito de se opor a que os seus dados sejam utilizados pela Oneytrust para os seus interesses leg\u00edtimos. A Oneytrust cessar\u00e1 ent\u00e3o esse tratamento, exceto se puder justificar que os seus interesses leg\u00edtimos e imperiosos prevalecem sobre os seus direitos e liberdades.<\/li>\n\n\n\n<li>O direito de definir diretivas gerais e espec\u00edficas que estabele\u00e7am a forma como pretende que os direitos acima referidos sejam exercidos ap\u00f3s a sua morte.<\/li>\n<\/ul>\n\n\n\n<h4 class=\"wp-block-heading\">Exercer os seus direitos<\/h4>\n\n\n\n<p>O delegado para a prote\u00e7\u00e3o de dados (DPO) da Oneytrust \u00e9 o seu interlocutor para qualquer pedido de exerc\u00edcio dos seus direitos sobre este tratamento.<\/p>\n\n\n\n<ul class=\"wp-block-list\">\n<li>Contactar o DPO por via eletr\u00f3nica escrevendo para dpo[at]oneytrust.com * * (substituir [at] por @ aquando do envio)<\/li>\n\n\n\n<li>Contactar o DPO por via postal<\/li>\n<\/ul>\n\n\n\n<p>Le d\u00e9l\u00e9gu\u00e9 \u00e0 la protection des donn\u00e9es<br>Oneytrust<br>34 avenue de Flandre<br>59170 Croix<br>FRANCE<\/p>\n\n\n\n<h4 class=\"wp-block-heading\">Reclama\u00e7\u00e3o<\/h4>\n\n\n\n<p>Pode enviar qualquer queixa relativa ao tratamento dos seus pedidos pela Oneytrust escrevendo ao DPO. Este envidar\u00e1 os seus melhores esfor\u00e7os para responder a qualquer queixa e tentar resolver o lit\u00edgio.<br>Se considerar, ap\u00f3s ter-nos contactado, que os seus direitos sobre os seus dados n\u00e3o s\u00e3o respeitados, pode enviar uma reclama\u00e7\u00e3o (queixa) \u00e0 sua autoridade local de prote\u00e7\u00e3o de dados pessoais ou \u00e0 autoridade de prote\u00e7\u00e3o de dados pessoais da Oneytrust, o CNIL \u2013 3 place de Fontenoy \u2013 TSA 80715 \u2013 75334 Paris cedex 07 FRANCE.<\/p>\n<\/div><\/div>\n\n<\/div><\/div>","protected":false},"excerpt":{"rendered":"<p>Personal data \u2013 To fight fraud Information relating to your transaction is subject to automated data processing by Oneytrust, the data controller, with the aim of reinforcing the level of security of transactions recorded by the partner and protecting the partner and its customers against possible identity theft or attempted fraud. Purpose of the processing&#8230;<\/p>","protected":false},"author":4,"featured_media":0,"parent":0,"menu_order":0,"comment_status":"closed","ping_status":"closed","template":"","meta":{"_acf_changed":false,"inline_featured_image":false,"_kad_blocks_custom_css":"","_kad_blocks_head_custom_js":"","_kad_blocks_body_custom_js":"","_kad_blocks_footer_custom_js":"","_kad_post_transparent":"disable","_kad_post_title":"hide","_kad_post_layout":"normal","_kad_post_sidebar_id":"","_kad_post_content_style":"","_kad_post_vertical_padding":"","_kad_post_feature":"","_kad_post_feature_position":"","_kad_post_header":true,"_kad_post_footer":true,"footnotes":""},"class_list":["post-1203","page","type-page","status-publish","hentry"],"acf":[],"yoast_head":"<!-- This site is optimized with the Yoast SEO plugin v25.9 - https:\/\/yoast.com\/wordpress\/plugins\/seo\/ -->\n<title>Mention d&#039;information Digital Review - Oneytrust<\/title>\n<meta name=\"robots\" content=\"noindex, nofollow\" \/>\n<meta property=\"og:locale\" content=\"pt_PT\" \/>\n<meta property=\"og:type\" content=\"article\" \/>\n<meta property=\"og:title\" content=\"Mention d&#039;information Digital Review - Oneytrust\" \/>\n<meta property=\"og:description\" content=\"Personal data \u2013 To fight fraud Information relating to your transaction is subject to automated data processing by Oneytrust, the data controller, with the aim of reinforcing the level of security of transactions recorded by the partner and protecting the partner and its customers against possible identity theft or attempted fraud. Purpose of the processing...\" \/>\n<meta property=\"og:url\" content=\"https:\/\/www.oneytrust.com\/pt\/mention-information-review\/\" \/>\n<meta property=\"og:site_name\" content=\"Oneytrust\" \/>\n<meta property=\"article:modified_time\" content=\"2025-06-24T14:18:51+00:00\" \/>\n<meta property=\"og:image\" content=\"https:\/\/www.oneytrust.com\/wp-content\/uploads\/2025\/07\/Snip20250711_230.png\" \/>\n\t<meta property=\"og:image:width\" content=\"1200\" \/>\n\t<meta property=\"og:image:height\" content=\"675\" \/>\n\t<meta property=\"og:image:type\" content=\"image\/png\" \/>\n<meta name=\"twitter:card\" content=\"summary_large_image\" \/>\n<meta name=\"twitter:label1\" content=\"Tempo estimado de leitura\" \/>\n\t<meta name=\"twitter:data1\" content=\"5 minutos\" \/>\n<script type=\"application\/ld+json\" class=\"yoast-schema-graph\">{\"@context\":\"https:\/\/schema.org\",\"@graph\":[{\"@type\":\"WebPage\",\"@id\":\"https:\/\/www.oneytrust.com\/mention-information-review\/\",\"url\":\"https:\/\/www.oneytrust.com\/mention-information-review\/\",\"name\":\"Mention d'information Digital Review - Oneytrust\",\"isPartOf\":{\"@id\":\"https:\/\/www.oneytrust.com\/#website\"},\"datePublished\":\"2024-09-11T07:49:04+00:00\",\"dateModified\":\"2025-06-24T14:18:51+00:00\",\"breadcrumb\":{\"@id\":\"https:\/\/www.oneytrust.com\/mention-information-review\/#breadcrumb\"},\"inLanguage\":\"pt-PT\",\"potentialAction\":[{\"@type\":\"ReadAction\",\"target\":[\"https:\/\/www.oneytrust.com\/mention-information-review\/\"]}]},{\"@type\":\"BreadcrumbList\",\"@id\":\"https:\/\/www.oneytrust.com\/mention-information-review\/#breadcrumb\",\"itemListElement\":[{\"@type\":\"ListItem\",\"position\":1,\"name\":\"Home\",\"item\":\"https:\/\/www.oneytrust.com\/\"},{\"@type\":\"ListItem\",\"position\":2,\"name\":\"Mention d&#8217;information Digital Review\"}]},{\"@type\":\"WebSite\",\"@id\":\"https:\/\/www.oneytrust.com\/#website\",\"url\":\"https:\/\/www.oneytrust.com\/\",\"name\":\"Oneytrust\",\"description\":\"Only Trusted Customers. Oneytrust provides fraud detection and identity validation for merchants and banks. Unique consortia data, unbeatable fraud scoring.\",\"publisher\":{\"@id\":\"https:\/\/www.oneytrust.com\/#organization\"},\"potentialAction\":[{\"@type\":\"SearchAction\",\"target\":{\"@type\":\"EntryPoint\",\"urlTemplate\":\"https:\/\/www.oneytrust.com\/?s={search_term_string}\"},\"query-input\":{\"@type\":\"PropertyValueSpecification\",\"valueRequired\":true,\"valueName\":\"search_term_string\"}}],\"inLanguage\":\"pt-PT\"},{\"@type\":\"Organization\",\"@id\":\"https:\/\/www.oneytrust.com\/#organization\",\"name\":\"Oneytrust\",\"url\":\"https:\/\/www.oneytrust.com\/\",\"logo\":{\"@type\":\"ImageObject\",\"inLanguage\":\"pt-PT\",\"@id\":\"https:\/\/www.oneytrust.com\/#\/schema\/logo\/image\/\",\"url\":\"https:\/\/www.oneytrust.com\/wp-content\/uploads\/2025\/04\/oneytrust-logo.svg\",\"contentUrl\":\"https:\/\/www.oneytrust.com\/wp-content\/uploads\/2025\/04\/oneytrust-logo.svg\",\"width\":171,\"height\":40,\"caption\":\"Oneytrust\"},\"image\":{\"@id\":\"https:\/\/www.oneytrust.com\/#\/schema\/logo\/image\/\"}}]}<\/script>\n<!-- \/ Yoast SEO plugin. -->","yoast_head_json":{"title":"Mention d'information Digital Review - Oneytrust","robots":{"index":"noindex","follow":"nofollow"},"og_locale":"pt_PT","og_type":"article","og_title":"Mention d'information Digital Review - Oneytrust","og_description":"Personal data \u2013 To fight fraud Information relating to your transaction is subject to automated data processing by Oneytrust, the data controller, with the aim of reinforcing the level of security of transactions recorded by the partner and protecting the partner and its customers against possible identity theft or attempted fraud. Purpose of the processing...","og_url":"https:\/\/www.oneytrust.com\/pt\/mention-information-review\/","og_site_name":"Oneytrust","article_modified_time":"2025-06-24T14:18:51+00:00","og_image":[{"width":1200,"height":675,"url":"https:\/\/www.oneytrust.com\/wp-content\/uploads\/2025\/07\/Snip20250711_230.png","type":"image\/png"}],"twitter_card":"summary_large_image","twitter_misc":{"Tempo estimado de leitura":"5 minutos"},"schema":{"@context":"https:\/\/schema.org","@graph":[{"@type":"WebPage","@id":"https:\/\/www.oneytrust.com\/mention-information-review\/","url":"https:\/\/www.oneytrust.com\/mention-information-review\/","name":"Mention d'information Digital Review - Oneytrust","isPartOf":{"@id":"https:\/\/www.oneytrust.com\/#website"},"datePublished":"2024-09-11T07:49:04+00:00","dateModified":"2025-06-24T14:18:51+00:00","breadcrumb":{"@id":"https:\/\/www.oneytrust.com\/mention-information-review\/#breadcrumb"},"inLanguage":"pt-PT","potentialAction":[{"@type":"ReadAction","target":["https:\/\/www.oneytrust.com\/mention-information-review\/"]}]},{"@type":"BreadcrumbList","@id":"https:\/\/www.oneytrust.com\/mention-information-review\/#breadcrumb","itemListElement":[{"@type":"ListItem","position":1,"name":"Home","item":"https:\/\/www.oneytrust.com\/"},{"@type":"ListItem","position":2,"name":"Mention d&#8217;information Digital Review"}]},{"@type":"WebSite","@id":"https:\/\/www.oneytrust.com\/#website","url":"https:\/\/www.oneytrust.com\/","name":"Oneytrust","description":"Only Trusted Customers. Oneytrust provides fraud detection and identity validation for merchants and banks. Unique consortia data, unbeatable fraud scoring.","publisher":{"@id":"https:\/\/www.oneytrust.com\/#organization"},"potentialAction":[{"@type":"SearchAction","target":{"@type":"EntryPoint","urlTemplate":"https:\/\/www.oneytrust.com\/?s={search_term_string}"},"query-input":{"@type":"PropertyValueSpecification","valueRequired":true,"valueName":"search_term_string"}}],"inLanguage":"pt-PT"},{"@type":"Organization","@id":"https:\/\/www.oneytrust.com\/#organization","name":"Oneytrust","url":"https:\/\/www.oneytrust.com\/","logo":{"@type":"ImageObject","inLanguage":"pt-PT","@id":"https:\/\/www.oneytrust.com\/#\/schema\/logo\/image\/","url":"https:\/\/www.oneytrust.com\/wp-content\/uploads\/2025\/04\/oneytrust-logo.svg","contentUrl":"https:\/\/www.oneytrust.com\/wp-content\/uploads\/2025\/04\/oneytrust-logo.svg","width":171,"height":40,"caption":"Oneytrust"},"image":{"@id":"https:\/\/www.oneytrust.com\/#\/schema\/logo\/image\/"}}]}},"taxonomy_info":[],"featured_image_src_large":false,"author_info":{"display_name":"Audrey Defaix","author_link":"https:\/\/www.oneytrust.com\/pt\/author\/audrey-defaix\/"},"comment_info":0,"_links":{"self":[{"href":"https:\/\/www.oneytrust.com\/pt\/wp-json\/wp\/v2\/pages\/1203","targetHints":{"allow":["GET"]}}],"collection":[{"href":"https:\/\/www.oneytrust.com\/pt\/wp-json\/wp\/v2\/pages"}],"about":[{"href":"https:\/\/www.oneytrust.com\/pt\/wp-json\/wp\/v2\/types\/page"}],"author":[{"embeddable":true,"href":"https:\/\/www.oneytrust.com\/pt\/wp-json\/wp\/v2\/users\/4"}],"replies":[{"embeddable":true,"href":"https:\/\/www.oneytrust.com\/pt\/wp-json\/wp\/v2\/comments?post=1203"}],"version-history":[{"count":3,"href":"https:\/\/www.oneytrust.com\/pt\/wp-json\/wp\/v2\/pages\/1203\/revisions"}],"predecessor-version":[{"id":1628,"href":"https:\/\/www.oneytrust.com\/pt\/wp-json\/wp\/v2\/pages\/1203\/revisions\/1628"}],"wp:attachment":[{"href":"https:\/\/www.oneytrust.com\/pt\/wp-json\/wp\/v2\/media?parent=1203"}],"curies":[{"name":"wp","href":"https:\/\/api.w.org\/{rel}","templated":true}]}}