{"id":1206,"date":"2024-09-11T15:41:13","date_gmt":"2024-09-11T14:41:13","guid":{"rendered":"https:\/\/www.oneytrust.com\/?page_id=1206"},"modified":"2024-09-11T15:41:14","modified_gmt":"2024-09-11T14:41:14","slug":"mention-information-score","status":"publish","type":"page","link":"https:\/\/www.oneytrust.com\/pt\/mention-information-score\/","title":{"rendered":"Mention d&#8217;information Score"},"content":{"rendered":"<style>.kb-row-layout-wrap.wp-block-kadence-rowlayout.kb-row-layout-id1206_a676f2-14{margin-bottom:var(--global-kb-spacing-md, 2rem);}.kb-row-layout-id1206_a676f2-14 > .kt-row-column-wrap{align-content:start;}:where(.kb-row-layout-id1206_a676f2-14 > .kt-row-column-wrap) > .wp-block-kadence-column{justify-content:start;}.kb-row-layout-id1206_a676f2-14 > .kt-row-column-wrap{column-gap:var(--global-kb-gap-md, 2rem);row-gap:var(--global-kb-gap-md, 2rem);padding-top:var(--global-kb-spacing-sm, 1.5rem);padding-bottom:var(--global-kb-spacing-sm, 1.5rem);grid-template-columns:minmax(0, 1fr);}.kb-row-layout-id1206_a676f2-14{border-top-left-radius:10px;border-top-right-radius:10px;border-bottom-right-radius:10px;border-bottom-left-radius:10px;overflow:clip;isolation:isolate;}.kb-row-layout-id1206_a676f2-14 > .kt-row-layout-overlay{border-top-left-radius:10px;border-top-right-radius:10px;border-bottom-right-radius:10px;border-bottom-left-radius:10px;}.kb-row-layout-id1206_a676f2-14{box-shadow:0px 0px 14px 0px rgba(0, 0, 0, 0.08);}.kb-row-layout-id1206_a676f2-14 > .kt-row-layout-overlay{opacity:0.30;}@media all and (max-width: 1024px){.kb-row-layout-id1206_a676f2-14 > .kt-row-column-wrap{grid-template-columns:minmax(0, 1fr);}}@media all and (max-width: 767px){.kb-row-layout-id1206_a676f2-14 > .kt-row-column-wrap{grid-template-columns:minmax(0, 1fr);}}<\/style><div class=\"kb-row-layout-wrap kb-row-layout-id1206_a676f2-14 alignnone has-theme-palette9-background-color kt-row-has-bg wp-block-kadence-rowlayout\"><div class=\"kt-row-column-wrap kt-has-1-columns kt-row-layout-equal kt-tab-layout-inherit kt-mobile-layout-row kt-row-valign-top\">\n<style>.kadence-column1206_6c69f5-07 > .kt-inside-inner-col,.kadence-column1206_6c69f5-07 > .kt-inside-inner-col:before{border-top-left-radius:0px;border-top-right-radius:0px;border-bottom-right-radius:0px;border-bottom-left-radius:0px;}.kadence-column1206_6c69f5-07 > .kt-inside-inner-col{column-gap:var(--global-kb-gap-sm, 1rem);}.kadence-column1206_6c69f5-07 > .kt-inside-inner-col{flex-direction:column;}.kadence-column1206_6c69f5-07 > .kt-inside-inner-col > .aligncenter{width:100%;}.kadence-column1206_6c69f5-07 > .kt-inside-inner-col:before{opacity:0.3;}.kadence-column1206_6c69f5-07{text-align:left;}.kadence-column1206_6c69f5-07{position:relative;}@media all and (max-width: 1024px){.kadence-column1206_6c69f5-07 > .kt-inside-inner-col{flex-direction:column;justify-content:center;}}@media all and (max-width: 767px){.kadence-column1206_6c69f5-07 > .kt-inside-inner-col{flex-direction:column;justify-content:center;}}<\/style>\n<div class=\"wp-block-kadence-column kadence-column1206_6c69f5-07\"><div class=\"kt-inside-inner-col\">\n<h2 class=\"wp-block-heading\">Dados pessoais \u2013 Luta contra a fraude<\/h2>\n\n\n\n<p>As informa\u00e7\u00f5es relacionadas com a sua opera\u00e7\u00e3o s\u00e3o objeto de um tratamento automatizado de dados pela Oneytrust, respons\u00e1vel pelo tratamento, com o objetivo de refor\u00e7ar o n\u00edvel de seguran\u00e7a das opera\u00e7\u00f5es realizadas no site de Internet do parceiro e de proteger este \u00faltimo e os seus clientes contra eventuais fen\u00f3menos de usurpa\u00e7\u00e3o de identidade ou de tentativa de fraude.<\/p>\n\n\n\n<h3 class=\"wp-block-heading\">Objeto do tratamento de dados<\/h3>\n\n\n\n<h4 class=\"wp-block-heading\">Finalidade<\/h4>\n\n\n\n<p class=\"translation-block\">O tratamento tem por objeto a luta contra a fraude de identidade e de pagamento sobre as opera\u00e7\u00f5es realizadas a dist\u00e2ncia pela Internet.\nPermite \u00e0 Oneytrust:<\/p>\n\n\n\n<ul class=\"wp-block-list\">\n<li>analisar os dados da transa\u00e7\u00e3o;<\/li>\n\n\n\n<li>em fun\u00e7\u00e3o de regras preestabelecidas, atribuir uma avalia\u00e7\u00e3o (pontua\u00e7\u00e3o) a cada opera\u00e7\u00e3o realizada nas plataformas parceiras;<\/li>\n\n\n\n<li>determinar o identificador \u00fanico do computador utilizado por uma pessoa para navegar no(s) site(s) do parceiro, em especial para verificar que um mesmo computador n\u00e3o foi utilizado para realizar v\u00e1rias transa\u00e7\u00f5es com base em identidades diferentes;<\/li>\n\n\n\n<li>transmitir um primeiro n\u00edvel de confian\u00e7a durante a navega\u00e7\u00e3o no(s) site(s) do parceiro, a fim de orientar, em conformidade, a continua\u00e7\u00e3o do percurso do cliente final;<\/li>\n\n\n\n<li>comparar as informa\u00e7\u00f5es da transa\u00e7\u00e3o analisada com as informa\u00e7\u00f5es presentes nas transa\u00e7\u00f5es efetuadas junto dos diferentes parceiros da Oneytrust e detetar assim eventuais incoer\u00eancias;<\/li>\n\n\n\n<li>comunicar ao parceiro, uma vez validada a transa\u00e7\u00e3o pelo cliente e transmitida para an\u00e1lise, um \u00edndice de confian\u00e7a da transa\u00e7\u00e3o sob forma de nota compreendida entre zero (0) e cem (100) de acordo com o n\u00edvel de risco assim avaliado;<\/li>\n\n\n\n<li>detetar tentativas de fraude aquando da realiza\u00e7\u00e3o de opera\u00e7\u00f5es pela Internet e registar num ficheiro as pessoas em risco, os clientes que ter\u00e3o cometido uma fraude provada;<\/li>\n\n\n\n<li>gerir os pedidos das pessoas em quest\u00e3o.<\/li>\n<\/ul>\n\n\n\n<p>A ocorr\u00eancia de uma falta de pagamento com base numa utiliza\u00e7\u00e3o fraudulenta de um meio de pagamento poder\u00e1 resultar no registo dos dados relacionados com a transa\u00e7\u00e3o associada a esta falta de pagamento num ficheiro de incidentes de pagamento efetuada pela Oneytrust. Uma declara\u00e7\u00e3o irregular ou uma anomalia poder\u00e1 igualmente ser objeto de um tratamento espec\u00edfico.<\/p>\n\n\n\n<h4 class=\"wp-block-heading\">Base jur\u00eddica<\/h4>\n\n\n\n<p>Artigo 6\u00ba (1) f do regulamento geral sobre a prote\u00e7\u00e3o de dados.<br>O tratamento \u00e9 necess\u00e1rio para efeitos dos interesses leg\u00edtimos prosseguidos pela Oneytrust; nomeadamente a luta contra a fraude de identidade e de pagamento aquando das transa\u00e7\u00f5es a dist\u00e2ncia realizadas pela Internet.<\/p>\n\n\n\n<h3 class=\"wp-block-heading\">Dados tratados<\/h3>\n\n\n\n<h4 class=\"wp-block-heading\">Categorias de dados tratados<\/h4>\n\n\n\n<ul class=\"wp-block-list\">\n<li>Dados de identifica\u00e7\u00e3o, dados de fatura\u00e7\u00e3o e entrega, n\u00famero de telefone, endere\u00e7o electr\u00f3nico, endere\u00e7o IP, 6 primeiros n\u00fameros do cart\u00e3o banc\u00e1rio; os dados do n\u00famero de identifica\u00e7\u00e3o banc\u00e1ria (NIB) sob forma de hash no caso de pagamento por transfer\u00eancia ou d\u00e9bito direto; n\u00famero de identifica\u00e7\u00e3o do cart\u00e3o banc\u00e1rio (PAN) com hash;<\/li>\n\n\n\n<li>Dados relativos aos comprovativos de identidade, banc\u00e1ria e de domic\u00edlio no \u00e2mbito das verifica\u00e7\u00f5es complementares;<\/li>\n\n\n\n<li>Dado de identifica\u00e7\u00e3o electr\u00f3nica (endere\u00e7o IP), pegada digital determinada a partir dos dados t\u00e9cnicos recolhidos e dados t\u00e9cnicos do terminal utilizado (sistema operativo, l\u00edngua, CPU, resolu\u00e7\u00e3o, tipo de navegador e vers\u00e3o\u2026);<\/li>\n\n\n\n<li>Dados relativos \u00e0 transa\u00e7\u00e3o.<\/li>\n<\/ul>\n\n\n\n<h4 class=\"wp-block-heading\">Fonte dos dados<\/h4>\n\n\n\n<p>Estas informa\u00e7\u00f5es s\u00e3o recolhidas junto do cliente por interm\u00e9dio do parceiro.<\/p>\n\n\n\n<h4 class=\"wp-block-heading\">Car\u00e1cter obrigat\u00f3rio da recolha de dados<\/h4>\n\n\n\n<p>A n\u00e3o transmiss\u00e3o de dados relacionados com a sua opera\u00e7\u00e3o impede a realiza\u00e7\u00e3o e a an\u00e1lise da sua transa\u00e7\u00e3o.<\/p>\n\n\n\n<h4 class=\"wp-block-heading\">Tomada de decis\u00e3o automatizada<\/h4>\n\n\n\n<p>O tratamento n\u00e3o prev\u00ea a tomada de decis\u00e3o automatizada. Em contrapartida, \u00e9 prov\u00e1vel que o tratamento exclua, mesmo que temporariamente, os dados de uma pessoa do benef\u00edcio de um contrato. No entanto, nenhuma decis\u00e3o de recusa \u00e9 tomada com base num tratamento automatizado. Antes de qualquer decis\u00e3o de recusa, ser\u00e3o efetuadas verifica\u00e7\u00f5es complementares junto da pessoa em quest\u00e3o para lhe permitir apresentar as suas observa\u00e7\u00f5es e ter a sua situa\u00e7\u00e3o reexaminada. Em qualquer caso, a pessoa em quest\u00e3o tem o direito de pedir uma interven\u00e7\u00e3o humana, de exprimir o seu ponto de vista e de contestar a decis\u00e3o.<\/p>\n\n\n\n<h3 class=\"wp-block-heading\">Pessoas em quest\u00e3o<\/h3>\n\n\n\n<p>O tratamento de dados refere-se:<\/p>\n\n\n\n<ul class=\"wp-block-list\">\n<li>a pessoas singulares e coletivas que realizam opera\u00e7\u00f5es nos sites dos parceiros da Oneytrust;<\/li>\n\n\n\n<li>ao pessoal autorizado da Oneytrust respons\u00e1vel pela implementa\u00e7\u00e3o do tratamento.<\/li>\n<\/ul>\n\n\n\n<h3 class=\"wp-block-heading\">Destinat\u00e1rios dos dados<\/h3>\n\n\n\n<h4 class=\"wp-block-heading\">Categorias de destinat\u00e1rios<\/h4>\n\n\n\n<p>Em fun\u00e7\u00e3o das suas respetivas necessidades, s\u00e3o destinat\u00e1rios da totalidade ou de parte dos dados:<\/p>\n\n\n\n<ul class=\"wp-block-list\">\n<li>o parceiro da Oneytrust junto de quem o cliente realizou a opera\u00e7\u00e3o;<\/li>\n\n\n\n<li>o pessoal autorizado da Oneytrust;<\/li>\n\n\n\n<li>os subcontratantes e prestadores de servi\u00e7os da Oneytrust para o alojamento e o fornecimento de servi\u00e7os t\u00e9cnicos espec\u00edficos.<\/li>\n<\/ul>\n\n\n\n<h4 class=\"wp-block-heading\">Transfer\u00eancias de dados para fora da UE<\/h4>\n\n\n\n<p>N\u00e3o \u00e9 realizada qualquer transfer\u00eancia de dados para fora da Uni\u00e3o Europeia no \u00e2mbito deste tratamento.<\/p>\n\n\n\n<h3 class=\"wp-block-heading\">Dura\u00e7\u00e3o de conserva\u00e7\u00e3o dos dados<\/h3>\n\n\n\n<p>Os dados ser\u00e3o conservados durante um per\u00edodo de 15 meses. Os dados relativos \u00e0s transa\u00e7\u00f5es para as quais foram detetadas fraudes provadas s\u00e3o objeto de um registo num ficheiro de incidentes durante um per\u00edodo de 2 anos ou at\u00e9 \u00e0 regulariza\u00e7\u00e3o do incidente de pagamento se este tiver lugar antes da expira\u00e7\u00e3o do prazo de 2 anos.<\/p>\n\n\n\n<h3 class=\"wp-block-heading\">Os seus direitos sobre os dados que lhe dizem respeito<\/h3>\n\n\n\n<p>Pode aceder e obter c\u00f3pia dos dados que lhe dizem respeito, opor-se ao tratamento destes dados, requerer a sua rectifica\u00e7\u00e3o ou elimina\u00e7\u00e3o. Disp\u00f5e igualmente de um direito \u00e0 limita\u00e7\u00e3o do tratamento dos seus dados e do direito de formular diretivas post mortem espec\u00edficas e gerais relativas \u00e0 conserva\u00e7\u00e3o, elimina\u00e7\u00e3o e \u00e0 comunica\u00e7\u00e3o dos seus dados.<\/p>\n\n\n\n<h4 class=\"wp-block-heading\">Exercer os seus direitos<\/h4>\n\n\n\n<p>O delegado para a prote\u00e7\u00e3o de dados (DPO) da Oneytrust \u00e9 o seu interlocutor para qualquer pedido de exerc\u00edcio dos seus direitos sobre este tratamento.<\/p>\n\n\n\n<ul class=\"wp-block-list\">\n<li>Contactar o DPO por via eletr\u00f3nica escrevendo para dpo[at]oneytrust.com * * (substituir [at] por @ aquando do envio)<\/li>\n\n\n\n<li>Contactar o DPO por via postal<\/li>\n<\/ul>\n\n\n\n<p>Le d\u00e9l\u00e9gu\u00e9 \u00e0 la protection des donn\u00e9es<br>Oneytrust<br>34 avenue de Flandre<br>59170 Croix<br>FRANCE<\/p>\n\n\n\n<h4 class=\"wp-block-heading\">Reclama\u00e7\u00e3o<\/h4>\n\n\n\n<p>Pode enviar qualquer queixa relativa ao tratamento dos seus pedidos pela Oneytrust escrevendo ao DPO. Este envidar\u00e1 os seus melhores esfor\u00e7os para responder a qualquer queixa e tentar resolver o lit\u00edgio.<br>Se considerar, ap\u00f3s ter-nos contactado, que os seus direitos sobre os seus dados n\u00e3o s\u00e3o respeitados, pode enviar uma reclama\u00e7\u00e3o (queixa) \u00e0 sua autoridade local de prote\u00e7\u00e3o de dados pessoais ou \u00e0 autoridade de prote\u00e7\u00e3o de dados pessoais da Oneytrust, o CNIL \u2013 3 place de Fontenoy \u2013 TSA 80715 \u2013 75334 Paris cedex 07 FRANCE.<\/p>\n<\/div><\/div>\n\n<\/div><\/div>","protected":false},"excerpt":{"rendered":"<p>Personal data \u2013 To fight fraud The information relating to your transaction is processed on an automated level by Oneytrust as data controller to increase the level of security of transactions made on the partner\u2019s Internet site and protect the latter and its customers from identity fraud or attempted fraud phenomena. Purpose of the processing&#8230;<\/p>","protected":false},"author":4,"featured_media":0,"parent":0,"menu_order":0,"comment_status":"closed","ping_status":"closed","template":"","meta":{"_acf_changed":false,"inline_featured_image":false,"_kad_blocks_custom_css":"","_kad_blocks_head_custom_js":"","_kad_blocks_body_custom_js":"","_kad_blocks_footer_custom_js":"","_kad_post_transparent":"disable","_kad_post_title":"hide","_kad_post_layout":"normal","_kad_post_sidebar_id":"","_kad_post_content_style":"","_kad_post_vertical_padding":"","_kad_post_feature":"","_kad_post_feature_position":"","_kad_post_header":true,"_kad_post_footer":true,"footnotes":""},"class_list":["post-1206","page","type-page","status-publish","hentry"],"acf":[],"yoast_head":"<!-- This site is optimized with the Yoast SEO plugin v25.9 - https:\/\/yoast.com\/wordpress\/plugins\/seo\/ -->\n<title>Mention d&#039;information Score - Oneytrust<\/title>\n<meta name=\"robots\" content=\"noindex, nofollow\" \/>\n<meta property=\"og:locale\" content=\"pt_PT\" \/>\n<meta property=\"og:type\" content=\"article\" \/>\n<meta property=\"og:title\" content=\"Mention d&#039;information Score - Oneytrust\" \/>\n<meta property=\"og:description\" content=\"Personal data \u2013 To fight fraud The information relating to your transaction is processed on an automated level by Oneytrust as data controller to increase the level of security of transactions made on the partner\u2019s Internet site and protect the latter and its customers from identity fraud or attempted fraud phenomena. Purpose of the processing...\" \/>\n<meta property=\"og:url\" content=\"https:\/\/www.oneytrust.com\/pt\/mention-information-score\/\" \/>\n<meta property=\"og:site_name\" content=\"Oneytrust\" \/>\n<meta property=\"article:modified_time\" content=\"2024-09-11T14:41:14+00:00\" \/>\n<meta property=\"og:image\" content=\"https:\/\/www.oneytrust.com\/wp-content\/uploads\/2025\/07\/Snip20250711_230.png\" \/>\n\t<meta property=\"og:image:width\" content=\"1200\" \/>\n\t<meta property=\"og:image:height\" content=\"675\" \/>\n\t<meta property=\"og:image:type\" content=\"image\/png\" \/>\n<meta name=\"twitter:card\" content=\"summary_large_image\" \/>\n<meta name=\"twitter:label1\" content=\"Tempo estimado de leitura\" \/>\n\t<meta name=\"twitter:data1\" content=\"4 minutos\" \/>\n<script type=\"application\/ld+json\" class=\"yoast-schema-graph\">{\"@context\":\"https:\/\/schema.org\",\"@graph\":[{\"@type\":\"WebPage\",\"@id\":\"https:\/\/www.oneytrust.com\/mention-information-score\/\",\"url\":\"https:\/\/www.oneytrust.com\/mention-information-score\/\",\"name\":\"Mention d'information Score - Oneytrust\",\"isPartOf\":{\"@id\":\"https:\/\/www.oneytrust.com\/#website\"},\"datePublished\":\"2024-09-11T14:41:13+00:00\",\"dateModified\":\"2024-09-11T14:41:14+00:00\",\"breadcrumb\":{\"@id\":\"https:\/\/www.oneytrust.com\/mention-information-score\/#breadcrumb\"},\"inLanguage\":\"pt-PT\",\"potentialAction\":[{\"@type\":\"ReadAction\",\"target\":[\"https:\/\/www.oneytrust.com\/mention-information-score\/\"]}]},{\"@type\":\"BreadcrumbList\",\"@id\":\"https:\/\/www.oneytrust.com\/mention-information-score\/#breadcrumb\",\"itemListElement\":[{\"@type\":\"ListItem\",\"position\":1,\"name\":\"Home\",\"item\":\"https:\/\/www.oneytrust.com\/\"},{\"@type\":\"ListItem\",\"position\":2,\"name\":\"Mention d&#8217;information Score\"}]},{\"@type\":\"WebSite\",\"@id\":\"https:\/\/www.oneytrust.com\/#website\",\"url\":\"https:\/\/www.oneytrust.com\/\",\"name\":\"Oneytrust\",\"description\":\"Only Trusted Customers. Oneytrust provides fraud detection and identity validation for merchants and banks. Unique consortia data, unbeatable fraud scoring.\",\"publisher\":{\"@id\":\"https:\/\/www.oneytrust.com\/#organization\"},\"potentialAction\":[{\"@type\":\"SearchAction\",\"target\":{\"@type\":\"EntryPoint\",\"urlTemplate\":\"https:\/\/www.oneytrust.com\/?s={search_term_string}\"},\"query-input\":{\"@type\":\"PropertyValueSpecification\",\"valueRequired\":true,\"valueName\":\"search_term_string\"}}],\"inLanguage\":\"pt-PT\"},{\"@type\":\"Organization\",\"@id\":\"https:\/\/www.oneytrust.com\/#organization\",\"name\":\"Oneytrust\",\"url\":\"https:\/\/www.oneytrust.com\/\",\"logo\":{\"@type\":\"ImageObject\",\"inLanguage\":\"pt-PT\",\"@id\":\"https:\/\/www.oneytrust.com\/#\/schema\/logo\/image\/\",\"url\":\"https:\/\/www.oneytrust.com\/wp-content\/uploads\/2025\/04\/oneytrust-logo.svg\",\"contentUrl\":\"https:\/\/www.oneytrust.com\/wp-content\/uploads\/2025\/04\/oneytrust-logo.svg\",\"width\":171,\"height\":40,\"caption\":\"Oneytrust\"},\"image\":{\"@id\":\"https:\/\/www.oneytrust.com\/#\/schema\/logo\/image\/\"}}]}<\/script>\n<!-- \/ Yoast SEO plugin. -->","yoast_head_json":{"title":"Mention d'information Score - Oneytrust","robots":{"index":"noindex","follow":"nofollow"},"og_locale":"pt_PT","og_type":"article","og_title":"Mention d'information Score - Oneytrust","og_description":"Personal data \u2013 To fight fraud The information relating to your transaction is processed on an automated level by Oneytrust as data controller to increase the level of security of transactions made on the partner\u2019s Internet site and protect the latter and its customers from identity fraud or attempted fraud phenomena. Purpose of the processing...","og_url":"https:\/\/www.oneytrust.com\/pt\/mention-information-score\/","og_site_name":"Oneytrust","article_modified_time":"2024-09-11T14:41:14+00:00","og_image":[{"width":1200,"height":675,"url":"https:\/\/www.oneytrust.com\/wp-content\/uploads\/2025\/07\/Snip20250711_230.png","type":"image\/png"}],"twitter_card":"summary_large_image","twitter_misc":{"Tempo estimado de leitura":"4 minutos"},"schema":{"@context":"https:\/\/schema.org","@graph":[{"@type":"WebPage","@id":"https:\/\/www.oneytrust.com\/mention-information-score\/","url":"https:\/\/www.oneytrust.com\/mention-information-score\/","name":"Mention d'information Score - Oneytrust","isPartOf":{"@id":"https:\/\/www.oneytrust.com\/#website"},"datePublished":"2024-09-11T14:41:13+00:00","dateModified":"2024-09-11T14:41:14+00:00","breadcrumb":{"@id":"https:\/\/www.oneytrust.com\/mention-information-score\/#breadcrumb"},"inLanguage":"pt-PT","potentialAction":[{"@type":"ReadAction","target":["https:\/\/www.oneytrust.com\/mention-information-score\/"]}]},{"@type":"BreadcrumbList","@id":"https:\/\/www.oneytrust.com\/mention-information-score\/#breadcrumb","itemListElement":[{"@type":"ListItem","position":1,"name":"Home","item":"https:\/\/www.oneytrust.com\/"},{"@type":"ListItem","position":2,"name":"Mention d&#8217;information Score"}]},{"@type":"WebSite","@id":"https:\/\/www.oneytrust.com\/#website","url":"https:\/\/www.oneytrust.com\/","name":"Oneytrust","description":"Only Trusted Customers. Oneytrust provides fraud detection and identity validation for merchants and banks. Unique consortia data, unbeatable fraud scoring.","publisher":{"@id":"https:\/\/www.oneytrust.com\/#organization"},"potentialAction":[{"@type":"SearchAction","target":{"@type":"EntryPoint","urlTemplate":"https:\/\/www.oneytrust.com\/?s={search_term_string}"},"query-input":{"@type":"PropertyValueSpecification","valueRequired":true,"valueName":"search_term_string"}}],"inLanguage":"pt-PT"},{"@type":"Organization","@id":"https:\/\/www.oneytrust.com\/#organization","name":"Oneytrust","url":"https:\/\/www.oneytrust.com\/","logo":{"@type":"ImageObject","inLanguage":"pt-PT","@id":"https:\/\/www.oneytrust.com\/#\/schema\/logo\/image\/","url":"https:\/\/www.oneytrust.com\/wp-content\/uploads\/2025\/04\/oneytrust-logo.svg","contentUrl":"https:\/\/www.oneytrust.com\/wp-content\/uploads\/2025\/04\/oneytrust-logo.svg","width":171,"height":40,"caption":"Oneytrust"},"image":{"@id":"https:\/\/www.oneytrust.com\/#\/schema\/logo\/image\/"}}]}},"taxonomy_info":[],"featured_image_src_large":false,"author_info":{"display_name":"Audrey Defaix","author_link":"https:\/\/www.oneytrust.com\/pt\/author\/audrey-defaix\/"},"comment_info":0,"_links":{"self":[{"href":"https:\/\/www.oneytrust.com\/pt\/wp-json\/wp\/v2\/pages\/1206","targetHints":{"allow":["GET"]}}],"collection":[{"href":"https:\/\/www.oneytrust.com\/pt\/wp-json\/wp\/v2\/pages"}],"about":[{"href":"https:\/\/www.oneytrust.com\/pt\/wp-json\/wp\/v2\/types\/page"}],"author":[{"embeddable":true,"href":"https:\/\/www.oneytrust.com\/pt\/wp-json\/wp\/v2\/users\/4"}],"replies":[{"embeddable":true,"href":"https:\/\/www.oneytrust.com\/pt\/wp-json\/wp\/v2\/comments?post=1206"}],"version-history":[{"count":2,"href":"https:\/\/www.oneytrust.com\/pt\/wp-json\/wp\/v2\/pages\/1206\/revisions"}],"predecessor-version":[{"id":1218,"href":"https:\/\/www.oneytrust.com\/pt\/wp-json\/wp\/v2\/pages\/1206\/revisions\/1218"}],"wp:attachment":[{"href":"https:\/\/www.oneytrust.com\/pt\/wp-json\/wp\/v2\/media?parent=1206"}],"curies":[{"name":"wp","href":"https:\/\/api.w.org\/{rel}","templated":true}]}}