{"id":1053,"date":"2024-09-05T14:46:39","date_gmt":"2024-09-05T13:46:39","guid":{"rendered":"https:\/\/www.oneytrust.com\/?page_id=1053"},"modified":"2024-09-18T16:27:21","modified_gmt":"2024-09-18T14:27:21","slug":"mentions-legales","status":"publish","type":"page","link":"https:\/\/www.oneytrust.com\/ro\/mentions-legales\/","title":{"rendered":"Legal Notice"},"content":{"rendered":"<style>.kb-row-layout-wrap.wp-block-kadence-rowlayout.kb-row-layout-id1053_e46d29-13{margin-bottom:var(--global-kb-spacing-md, 2rem);}.kb-row-layout-id1053_e46d29-13 > .kt-row-column-wrap{align-content:start;}:where(.kb-row-layout-id1053_e46d29-13 > .kt-row-column-wrap) > .wp-block-kadence-column{justify-content:start;}.kb-row-layout-id1053_e46d29-13 > .kt-row-column-wrap{column-gap:var(--global-kb-gap-md, 2rem);row-gap:var(--global-kb-gap-md, 2rem);padding-top:var(--global-kb-spacing-sm, 1.5rem);padding-bottom:var(--global-kb-spacing-sm, 1.5rem);grid-template-columns:minmax(0, 1fr);}.kb-row-layout-id1053_e46d29-13{border-top-left-radius:10px;border-top-right-radius:10px;border-bottom-right-radius:10px;border-bottom-left-radius:10px;overflow:clip;isolation:isolate;}.kb-row-layout-id1053_e46d29-13 > .kt-row-layout-overlay{border-top-left-radius:10px;border-top-right-radius:10px;border-bottom-right-radius:10px;border-bottom-left-radius:10px;}.kb-row-layout-id1053_e46d29-13{box-shadow:0px 0px 14px 0px rgba(0, 0, 0, 0.08);}.kb-row-layout-id1053_e46d29-13 > .kt-row-layout-overlay{opacity:0.30;}@media all and (max-width: 1024px){.kb-row-layout-id1053_e46d29-13 > .kt-row-column-wrap{grid-template-columns:minmax(0, 1fr);}}@media all and (max-width: 767px){.kb-row-layout-id1053_e46d29-13 > .kt-row-column-wrap{grid-template-columns:minmax(0, 1fr);}}<\/style><div class=\"kb-row-layout-wrap kb-row-layout-id1053_e46d29-13 alignnone has-theme-palette9-background-color kt-row-has-bg wp-block-kadence-rowlayout\"><div class=\"kt-row-column-wrap kt-has-1-columns kt-row-layout-equal kt-tab-layout-inherit kt-mobile-layout-row kt-row-valign-top\">\n<style>.kadence-column1053_849b90-0a > .kt-inside-inner-col,.kadence-column1053_849b90-0a > .kt-inside-inner-col:before{border-top-left-radius:0px;border-top-right-radius:0px;border-bottom-right-radius:0px;border-bottom-left-radius:0px;}.kadence-column1053_849b90-0a > .kt-inside-inner-col{column-gap:var(--global-kb-gap-sm, 1rem);}.kadence-column1053_849b90-0a > .kt-inside-inner-col{flex-direction:column;}.kadence-column1053_849b90-0a > .kt-inside-inner-col > .aligncenter{width:100%;}.kadence-column1053_849b90-0a > .kt-inside-inner-col:before{opacity:0.3;}.kadence-column1053_849b90-0a{position:relative;}@media all and (max-width: 1024px){.kadence-column1053_849b90-0a > .kt-inside-inner-col{flex-direction:column;justify-content:center;}}@media all and (max-width: 767px){.kadence-column1053_849b90-0a > .kt-inside-inner-col{flex-direction:column;justify-content:center;}}<\/style>\n<div class=\"wp-block-kadence-column kadence-column1053_849b90-0a\"><div class=\"kt-inside-inner-col\"><style>.wp-block-kadence-advancedheading.kt-adv-heading1053_3f14ac-c1, .wp-block-kadence-advancedheading.kt-adv-heading1053_3f14ac-c1[data-kb-block=\"kb-adv-heading1053_3f14ac-c1\"]{font-size:var(--global-kb-font-size-lg, 2rem);font-style:normal;}.wp-block-kadence-advancedheading.kt-adv-heading1053_3f14ac-c1 mark.kt-highlight, .wp-block-kadence-advancedheading.kt-adv-heading1053_3f14ac-c1[data-kb-block=\"kb-adv-heading1053_3f14ac-c1\"] mark.kt-highlight{font-style:normal;color:#f76a0c;-webkit-box-decoration-break:clone;box-decoration-break:clone;padding-top:0px;padding-right:0px;padding-bottom:0px;padding-left:0px;}<\/style>\n<h1 class=\"kt-adv-heading1053_3f14ac-c1 wp-block-kadence-advancedheading\" data-kb-block=\"kb-adv-heading1053_3f14ac-c1\">Legal Notice<\/h1>\n\n\n\n<h3 class=\"wp-block-heading\">Contact information<\/h3>\n\n\n\n<p>Oneytrust S.A.S.<br>34 Avenue de Flandre<br>59170 Croix<br>RCS Lille m\u00e9tropole 429 121 866<\/p>\n\n\n\n<h3 class=\"wp-block-heading\">Operator of the website<\/h3>\n\n\n\n<p>The website www.oneytrust.com is operated by the companie Oneytrust. Oneytrust is a Soci\u00e9t\u00e9 par Actions Simplifi\u00e9e with a capital of 250,000 Euros, registered under the number B 429 121 866 at the Register of Commerce and Companies of Lille M\u00e9tropole. Its registered office is at 34 Avenue de Flandre, 59170 Croix.<\/p>\n\n\n\n<p>Company registered with the Organization for the single register of insurance, banking and finance intermediaries \u201cORIAS\u201d under number 07008271.<\/p>\n\n\n\n<h3 class=\"wp-block-heading\">Direction of the website<\/h3>\n\n\n\n<p><strong>Director of publication<\/strong>&nbsp;: Laure Littler \u2013 CEO<\/p>\n\n\n\n<p><strong>Management and design<\/strong>&nbsp;:<br>Oneytrust<br>Marketing Service<br>2-8 rue Gaston Rebuffat<br>75019 PARIS<br>FRANCE<\/p>\n\n\n\n<h3 class=\"wp-block-heading\">Hosting provider<\/h3>\n\n\n\n<p>The hosting of the www.oneytrust.com website is provided by OVH, SAS with a share capital of 10,069,020 euros, whose head office is located at 2 rue Kellermann \u2013 59100 Roubaix \u2013 France, registered with the Trade and Companies Register of Lille M\u00e9tropole under the number 424 761 419 00045.<\/p>\n<\/div><\/div>\n\n<\/div><\/div>","protected":false},"excerpt":{"rendered":"<p>Legal Notice Contact information Oneytrust S.A.S.34 Avenue de Flandre59170 CroixRCS Lille m\u00e9tropole 429 121 866 Operator of the website The website www.oneytrust.com is operated by the companie Oneytrust. Oneytrust is a Soci\u00e9t\u00e9 par Actions Simplifi\u00e9e with a capital of 250,000 Euros, registered under the number B 429 121 866 at the Register of Commerce and&#8230;<\/p>","protected":false},"author":1,"featured_media":0,"parent":0,"menu_order":0,"comment_status":"closed","ping_status":"closed","template":"","meta":{"_acf_changed":false,"inline_featured_image":false,"_kad_blocks_custom_css":"","_kad_blocks_head_custom_js":"","_kad_blocks_body_custom_js":"","_kad_blocks_footer_custom_js":"","_kad_post_transparent":"disable","_kad_post_title":"","_kad_post_layout":"normal","_kad_post_sidebar_id":"","_kad_post_content_style":"","_kad_post_vertical_padding":"","_kad_post_feature":"","_kad_post_feature_position":"","_kad_post_header":false,"_kad_post_footer":false,"footnotes":""},"class_list":["post-1053","page","type-page","status-publish","hentry"],"acf":[],"yoast_head":"<!-- This site is optimized with the Yoast SEO plugin v25.9 - https:\/\/yoast.com\/wordpress\/plugins\/seo\/ -->\n<title>Legal Notice - Oneytrust<\/title>\n<meta name=\"robots\" content=\"index, follow, max-snippet:-1, max-image-preview:large, max-video-preview:-1\" \/>\n<link rel=\"canonical\" href=\"https:\/\/www.oneytrust.com\/ro\/mentions-legales\/\" \/>\n<meta property=\"og:locale\" content=\"ro_RO\" \/>\n<meta property=\"og:type\" content=\"article\" \/>\n<meta property=\"og:title\" content=\"Legal Notice - Oneytrust\" \/>\n<meta property=\"og:description\" content=\"Legal Notice Contact information Oneytrust S.A.S.34 Avenue de Flandre59170 CroixRCS Lille m\u00e9tropole 429 121 866 Operator of the website The website www.oneytrust.com is operated by the companie Oneytrust. Oneytrust is a Soci\u00e9t\u00e9 par Actions Simplifi\u00e9e with a capital of 250,000 Euros, registered under the number B 429 121 866 at the Register of Commerce and...\" \/>\n<meta property=\"og:url\" content=\"https:\/\/www.oneytrust.com\/ro\/mentions-legales\/\" \/>\n<meta property=\"og:site_name\" content=\"Oneytrust\" \/>\n<meta property=\"article:modified_time\" content=\"2024-09-18T14:27:21+00:00\" \/>\n<meta property=\"og:image\" content=\"https:\/\/www.oneytrust.com\/wp-content\/uploads\/2025\/07\/Snip20250711_230.png\" \/>\n\t<meta property=\"og:image:width\" content=\"1200\" \/>\n\t<meta property=\"og:image:height\" content=\"675\" \/>\n\t<meta property=\"og:image:type\" content=\"image\/png\" \/>\n<meta name=\"twitter:card\" content=\"summary_large_image\" \/>\n<meta name=\"twitter:label1\" content=\"Timp estimat pentru citire\" \/>\n\t<meta name=\"twitter:data1\" content=\"1 minut\" \/>\n<script type=\"application\/ld+json\" class=\"yoast-schema-graph\">{\"@context\":\"https:\/\/schema.org\",\"@graph\":[{\"@type\":\"WebPage\",\"@id\":\"https:\/\/www.oneytrust.com\/mentions-legales\/\",\"url\":\"https:\/\/www.oneytrust.com\/mentions-legales\/\",\"name\":\"Legal Notice - Oneytrust\",\"isPartOf\":{\"@id\":\"https:\/\/www.oneytrust.com\/#website\"},\"datePublished\":\"2024-09-05T13:46:39+00:00\",\"dateModified\":\"2024-09-18T14:27:21+00:00\",\"breadcrumb\":{\"@id\":\"https:\/\/www.oneytrust.com\/mentions-legales\/#breadcrumb\"},\"inLanguage\":\"ro-RO\",\"potentialAction\":[{\"@type\":\"ReadAction\",\"target\":[\"https:\/\/www.oneytrust.com\/mentions-legales\/\"]}]},{\"@type\":\"BreadcrumbList\",\"@id\":\"https:\/\/www.oneytrust.com\/mentions-legales\/#breadcrumb\",\"itemListElement\":[{\"@type\":\"ListItem\",\"position\":1,\"name\":\"Home\",\"item\":\"https:\/\/www.oneytrust.com\/\"},{\"@type\":\"ListItem\",\"position\":2,\"name\":\"Legal Notice\"}]},{\"@type\":\"WebSite\",\"@id\":\"https:\/\/www.oneytrust.com\/#website\",\"url\":\"https:\/\/www.oneytrust.com\/\",\"name\":\"Oneytrust\",\"description\":\"Only Trusted Customers. Oneytrust provides fraud detection and identity validation for merchants and banks. Unique consortia data, unbeatable fraud scoring.\",\"publisher\":{\"@id\":\"https:\/\/www.oneytrust.com\/#organization\"},\"potentialAction\":[{\"@type\":\"SearchAction\",\"target\":{\"@type\":\"EntryPoint\",\"urlTemplate\":\"https:\/\/www.oneytrust.com\/?s={search_term_string}\"},\"query-input\":{\"@type\":\"PropertyValueSpecification\",\"valueRequired\":true,\"valueName\":\"search_term_string\"}}],\"inLanguage\":\"ro-RO\"},{\"@type\":\"Organization\",\"@id\":\"https:\/\/www.oneytrust.com\/#organization\",\"name\":\"Oneytrust\",\"url\":\"https:\/\/www.oneytrust.com\/\",\"logo\":{\"@type\":\"ImageObject\",\"inLanguage\":\"ro-RO\",\"@id\":\"https:\/\/www.oneytrust.com\/#\/schema\/logo\/image\/\",\"url\":\"https:\/\/www.oneytrust.com\/wp-content\/uploads\/2025\/04\/oneytrust-logo.svg\",\"contentUrl\":\"https:\/\/www.oneytrust.com\/wp-content\/uploads\/2025\/04\/oneytrust-logo.svg\",\"width\":171,\"height\":40,\"caption\":\"Oneytrust\"},\"image\":{\"@id\":\"https:\/\/www.oneytrust.com\/#\/schema\/logo\/image\/\"}}]}<\/script>\n<!-- \/ Yoast SEO plugin. -->","yoast_head_json":{"title":"Legal Notice - Oneytrust","robots":{"index":"index","follow":"follow","max-snippet":"max-snippet:-1","max-image-preview":"max-image-preview:large","max-video-preview":"max-video-preview:-1"},"canonical":"https:\/\/www.oneytrust.com\/ro\/mentions-legales\/","og_locale":"ro_RO","og_type":"article","og_title":"Legal Notice - Oneytrust","og_description":"Legal Notice Contact information Oneytrust S.A.S.34 Avenue de Flandre59170 CroixRCS Lille m\u00e9tropole 429 121 866 Operator of the website The website www.oneytrust.com is operated by the companie Oneytrust. Oneytrust is a Soci\u00e9t\u00e9 par Actions Simplifi\u00e9e with a capital of 250,000 Euros, registered under the number B 429 121 866 at the Register of Commerce and...","og_url":"https:\/\/www.oneytrust.com\/ro\/mentions-legales\/","og_site_name":"Oneytrust","article_modified_time":"2024-09-18T14:27:21+00:00","og_image":[{"width":1200,"height":675,"url":"https:\/\/www.oneytrust.com\/wp-content\/uploads\/2025\/07\/Snip20250711_230.png","type":"image\/png"}],"twitter_card":"summary_large_image","twitter_misc":{"Timp estimat pentru citire":"1 minut"},"schema":{"@context":"https:\/\/schema.org","@graph":[{"@type":"WebPage","@id":"https:\/\/www.oneytrust.com\/mentions-legales\/","url":"https:\/\/www.oneytrust.com\/mentions-legales\/","name":"Legal Notice - Oneytrust","isPartOf":{"@id":"https:\/\/www.oneytrust.com\/#website"},"datePublished":"2024-09-05T13:46:39+00:00","dateModified":"2024-09-18T14:27:21+00:00","breadcrumb":{"@id":"https:\/\/www.oneytrust.com\/mentions-legales\/#breadcrumb"},"inLanguage":"ro-RO","potentialAction":[{"@type":"ReadAction","target":["https:\/\/www.oneytrust.com\/mentions-legales\/"]}]},{"@type":"BreadcrumbList","@id":"https:\/\/www.oneytrust.com\/mentions-legales\/#breadcrumb","itemListElement":[{"@type":"ListItem","position":1,"name":"Home","item":"https:\/\/www.oneytrust.com\/"},{"@type":"ListItem","position":2,"name":"Legal Notice"}]},{"@type":"WebSite","@id":"https:\/\/www.oneytrust.com\/#website","url":"https:\/\/www.oneytrust.com\/","name":"Oneytrust","description":"Only Trusted Customers. Oneytrust provides fraud detection and identity validation for merchants and banks. Unique consortia data, unbeatable fraud scoring.","publisher":{"@id":"https:\/\/www.oneytrust.com\/#organization"},"potentialAction":[{"@type":"SearchAction","target":{"@type":"EntryPoint","urlTemplate":"https:\/\/www.oneytrust.com\/?s={search_term_string}"},"query-input":{"@type":"PropertyValueSpecification","valueRequired":true,"valueName":"search_term_string"}}],"inLanguage":"ro-RO"},{"@type":"Organization","@id":"https:\/\/www.oneytrust.com\/#organization","name":"Oneytrust","url":"https:\/\/www.oneytrust.com\/","logo":{"@type":"ImageObject","inLanguage":"ro-RO","@id":"https:\/\/www.oneytrust.com\/#\/schema\/logo\/image\/","url":"https:\/\/www.oneytrust.com\/wp-content\/uploads\/2025\/04\/oneytrust-logo.svg","contentUrl":"https:\/\/www.oneytrust.com\/wp-content\/uploads\/2025\/04\/oneytrust-logo.svg","width":171,"height":40,"caption":"Oneytrust"},"image":{"@id":"https:\/\/www.oneytrust.com\/#\/schema\/logo\/image\/"}}]}},"taxonomy_info":[],"featured_image_src_large":false,"author_info":{"display_name":"Dave Clark","author_link":"https:\/\/www.oneytrust.com\/ro\/author\/dave-clark\/"},"comment_info":0,"_links":{"self":[{"href":"https:\/\/www.oneytrust.com\/ro\/wp-json\/wp\/v2\/pages\/1053","targetHints":{"allow":["GET"]}}],"collection":[{"href":"https:\/\/www.oneytrust.com\/ro\/wp-json\/wp\/v2\/pages"}],"about":[{"href":"https:\/\/www.oneytrust.com\/ro\/wp-json\/wp\/v2\/types\/page"}],"author":[{"embeddable":true,"href":"https:\/\/www.oneytrust.com\/ro\/wp-json\/wp\/v2\/users\/1"}],"replies":[{"embeddable":true,"href":"https:\/\/www.oneytrust.com\/ro\/wp-json\/wp\/v2\/comments?post=1053"}],"version-history":[{"count":7,"href":"https:\/\/www.oneytrust.com\/ro\/wp-json\/wp\/v2\/pages\/1053\/revisions"}],"predecessor-version":[{"id":1185,"href":"https:\/\/www.oneytrust.com\/ro\/wp-json\/wp\/v2\/pages\/1053\/revisions\/1185"}],"wp:attachment":[{"href":"https:\/\/www.oneytrust.com\/ro\/wp-json\/wp\/v2\/media?parent=1053"}],"curies":[{"name":"wp","href":"https:\/\/api.w.org\/{rel}","templated":true}]}}