{"id":1203,"date":"2024-09-11T08:49:04","date_gmt":"2024-09-11T07:49:04","guid":{"rendered":"https:\/\/www.oneytrust.com\/?page_id=1203"},"modified":"2025-06-24T16:18:51","modified_gmt":"2025-06-24T14:18:51","slug":"mention-information-review","status":"publish","type":"page","link":"https:\/\/www.oneytrust.com\/ro\/mention-information-review\/","title":{"rendered":"Mention d&#8217;information Digital Review"},"content":{"rendered":"<style>.kb-row-layout-wrap.wp-block-kadence-rowlayout.kb-row-layout-id1203_ddda77-40{margin-bottom:var(--global-kb-spacing-md, 2rem);}.kb-row-layout-id1203_ddda77-40 > .kt-row-column-wrap{align-content:start;}:where(.kb-row-layout-id1203_ddda77-40 > .kt-row-column-wrap) > .wp-block-kadence-column{justify-content:start;}.kb-row-layout-id1203_ddda77-40 > .kt-row-column-wrap{column-gap:var(--global-kb-gap-md, 2rem);row-gap:var(--global-kb-gap-md, 2rem);padding-top:var(--global-kb-spacing-sm, 1.5rem);padding-bottom:var(--global-kb-spacing-sm, 1.5rem);grid-template-columns:minmax(0, 1fr);}.kb-row-layout-id1203_ddda77-40{border-top-left-radius:10px;border-top-right-radius:10px;border-bottom-right-radius:10px;border-bottom-left-radius:10px;overflow:clip;isolation:isolate;}.kb-row-layout-id1203_ddda77-40 > .kt-row-layout-overlay{border-top-left-radius:10px;border-top-right-radius:10px;border-bottom-right-radius:10px;border-bottom-left-radius:10px;}.kb-row-layout-id1203_ddda77-40{box-shadow:0px 0px 14px 0px rgba(0, 0, 0, 0.08);}.kb-row-layout-id1203_ddda77-40 > .kt-row-layout-overlay{opacity:0.30;}@media all and (max-width: 1024px){.kb-row-layout-id1203_ddda77-40 > .kt-row-column-wrap{grid-template-columns:minmax(0, 1fr);}}@media all and (max-width: 767px){.kb-row-layout-id1203_ddda77-40 > .kt-row-column-wrap{grid-template-columns:minmax(0, 1fr);}}<\/style><div class=\"kb-row-layout-wrap kb-row-layout-id1203_ddda77-40 alignnone has-theme-palette9-background-color kt-row-has-bg wp-block-kadence-rowlayout\"><div class=\"kt-row-column-wrap kt-has-1-columns kt-row-layout-equal kt-tab-layout-inherit kt-mobile-layout-row kt-row-valign-top\">\n<style>.kadence-column1203_fd3e99-09 > .kt-inside-inner-col,.kadence-column1203_fd3e99-09 > .kt-inside-inner-col:before{border-top-left-radius:0px;border-top-right-radius:0px;border-bottom-right-radius:0px;border-bottom-left-radius:0px;}.kadence-column1203_fd3e99-09 > .kt-inside-inner-col{column-gap:var(--global-kb-gap-sm, 1rem);}.kadence-column1203_fd3e99-09 > .kt-inside-inner-col{flex-direction:column;}.kadence-column1203_fd3e99-09 > .kt-inside-inner-col > .aligncenter{width:100%;}.kadence-column1203_fd3e99-09 > .kt-inside-inner-col:before{opacity:0.3;}.kadence-column1203_fd3e99-09{text-align:left;}.kadence-column1203_fd3e99-09{position:relative;}@media all and (max-width: 1024px){.kadence-column1203_fd3e99-09 > .kt-inside-inner-col{flex-direction:column;justify-content:center;}}@media all and (max-width: 767px){.kadence-column1203_fd3e99-09 > .kt-inside-inner-col{flex-direction:column;justify-content:center;}}<\/style>\n<div class=\"wp-block-kadence-column kadence-column1203_fd3e99-09\"><div class=\"kt-inside-inner-col\">\n<h2 class=\"wp-block-heading\">Date personale \u2013 Combaterea fraudei<\/h2>\n\n\n\n<p>Informa\u021biile referitoare la tranzac\u021bia dvs. fac obiectul unei prelucr\u0103ri automatizate a datelor de c\u0103tre Oneytrust, operatorul de date, cu scopul de a consolida nivelul de securitate al tranzac\u021biilor \u00eenregistrate de partener \u0219i de a proteja partenerul \u0219i clien\u021bii s\u0103i \u00eempotriva unei posibile furturi de identitate sau tentative de fraud\u0103.<\/p>\n\n\n\n<h3 class=\"wp-block-heading\">Obiectul prelucr\u0103rii datelor<\/h3>\n\n\n\n<h4 class=\"wp-block-heading\">Scopuri<\/h4>\n\n\n\n<p>Scopul prelucr\u0103rii datelor puse \u00een aplicare de Oneytrust este de a combate frauda de identitate \u0219i de plat\u0103\/restituire \u00een cazul tranzac\u021biilor efectuate la distan\u021b\u0103 prin internet sau \u00eentr-un magazin fizic cu o metod\u0103 de plat\u0103 care prezint\u0103 un risc de fraud\u0103 similar unei tranzac\u021bii online.<br>Aceasta permite Oneytrust :<\/p>\n\n\n\n<ul class=\"wp-block-list\">\n<li>ob\u021binerea de informa\u021bii suplimentare de la furnizorii de servicii Oneytrust pentru a \u00eembun\u0103t\u0103\u021bi \u0219i a califica anumite date privind tranzac\u021biile (adresa de e-mail, telefonul, adresa po\u0219tal\u0103, adresa IP, BIN 6, dup\u0103 caz);<\/li>\n\n\n\n<li>\u00een conformitate cu reguli prestabilite, pentru a reduce revizuirile manuale prin validarea automat\u0103 a tranzac\u021biilor care nu au putut fi validate de un dispozitiv de analiz\u0103 automat\u0103 (scor automat);<\/li>\n\n\n\n<li>s\u0103 efectueze faze de cercetare sau experimentale pentru a-\u0219i \u00eembun\u0103t\u0103\u021bi \u0219i perfec\u021biona solu\u021biile astfel \u00eenc\u00e2t acestea s\u0103 fie din ce \u00een ce mai relevante \u0219i mai adecvate, pentru a proteja consumatorii prin \u00eembun\u0103t\u0103\u021birea continu\u0103 a sistemului de combatere a fraudei; \u00een acest scop, datele pot fi reutilizate pentru a antrena modele AI.<\/li>\n<\/ul>\n\n\n\n<p>Datele dumneavoastr\u0103 pot fi adnotate (li se pot atribui una sau mai multe caracteristici) de c\u0103tre Oneytrust pentru a identifica categoriile de date din setul de date.<\/p>\n\n\n\n<h4 class=\"wp-block-heading\">Baza legal\u0103<\/h4>\n\n\n\n<p>Articolul 6 (1) f din regulamentul general privind protec\u021bia datelor.<br>Prelucrarea este necesar\u0103 \u00een scopul intereselor legitime urm\u0103rite de Oneytrust, \u0219i anume lupta \u00eempotriva fraudei de identitate \u0219i de plat\u0103\/restituire \u00een timpul tranzac\u021biilor la distan\u021b\u0103 efectuate prin internet sau \u00eentr-un magazin fizic cu o metod\u0103 de plat\u0103 care prezint\u0103 un risc de fraud\u0103 similar unei tranzac\u021bii online.<\/p>\n\n\n\n<h3 class=\"wp-block-heading\">Date prelucrate<\/h3>\n\n\n\n<h4 class=\"wp-block-heading\">Categorii de date prelucrate<\/h4>\n\n\n\n<ul class=\"wp-block-list\">\n<li>Date de identificare: Numele, prenumele, denumirea societ\u0103\u021bii, adresa de e-mail, adresa po\u0219tal\u0103, num\u0103rul de telefon, referin\u021ba intern\u0103 a partenerului (num\u0103rul clientului, referin\u021ba comenzii etc.).<\/li>\n\n\n\n<li>Informa\u021bii economice \u0219i financiare: primele 6 cifre ale num\u0103rului cardului bancar.<\/li>\n\n\n\n<li>Date de conectare: adresa IP.<\/li>\n\n\n\n<li>Alte categorii de date: indice de \u00eencredere, subelemente tehnice pentru validarea datelor de identificare, adresa IP \u0219i BIN6 prin corelare (valabilitate, identitate asociat\u0103, furnizor, operator etc.).<\/li>\n<\/ul>\n\n\n\n<h4 class=\"wp-block-heading\">Sursa datelor<\/h4>\n\n\n\n<p>Informa\u021biile sunt colectate de la persoana \u00een cauz\u0103 prin intermediul partenerului, dar \u0219i de la furnizorii de servicii ai Oneytrust pentru date suplimentare \u0219i din baze de date accesibile publicului.<\/p>\n\n\n\n<h4 class=\"wp-block-heading\">Caracterul obligatoriu al culegerii datelor<\/h4>\n\n\n\n<p>Netransmiterea datelor referitoare la opera\u021biunea dumneavoastr\u0103 \u00eempiedic\u0103 Oneytrust s\u0103 le analizeze. Executarea opera\u021biunii dumneavoastr\u0103 este la discre\u021bia exclusiv\u0103 a partenerului Oneytrust.<\/p>\n\n\n\n<h4 class=\"wp-block-heading\">Proces decizional automatizat<\/h4>\n\n\n\n<p>Prelucrarea implic\u0103 luarea automat\u0103 a deciziilor numai dac\u0103 decizia este pozitiv\u0103. Prelucrarea pus\u0103 \u00een aplicare de Oneytrust nu prevede decizii de refuz bazate exclusiv pe analize automatizate.<\/p>\n\n\n\n<h3 class=\"wp-block-heading\">Persoane vizate<\/h3>\n\n\n\n<p>Prelucrarea datelor vizeaz\u0103:<\/p>\n\n\n\n<ul class=\"wp-block-list\">\n<li>persoanele fizice \u0219i juridice care efectueaz\u0103 tranzac\u021bii la punctele de v\u00e2nzare fizice \u0219i la distan\u021b\u0103, cu partenerii Oneytrust;<\/li>\n\n\n\n<li>personalul autorizat al Oneytrust responsabil cu realizarea prelucr\u0103rii.<\/li>\n<\/ul>\n\n\n\n<h3 class=\"wp-block-heading\">Destinatarii datelor<\/h3>\n\n\n\n<h4 class=\"wp-block-heading\">Categorii de destinatari<\/h4>\n\n\n\n<p>\u00cen func\u021bie de nevoile lor respective, sunt destinatari ai datelor \u00een totalitate sau \u00een parte:<\/p>\n\n\n\n<ul class=\"wp-block-list\">\n<li>personalul autorizat al Oneytrust ;<\/li>\n\n\n\n<li>partenerul Oneytrust cu care clientul a efectuat opera\u021biunea; acesta din urm\u0103 prime\u0219te \u00een special rezultatele prelucr\u0103rii efectuate de Oneytrust, \u00een conformitate cu prezentul document.<\/li>\n\n\n\n<li>subcontractan\u021bii \u0219i furnizorii de servicii ai Oneytrust; \u00een special, cei c\u0103rora Oneytrust le trimite toate sau o parte din date pentru verificare, g\u0103zduire \u0219i furnizarea de date suplimentare. Fiind de la sine \u00een\u021beles c\u0103 ace\u0219ti furnizori de servicii sunt obliga\u021bi prin contract s\u0103 protejeze datele cu caracter personal care le sunt transmise \u00een acest context.<\/li>\n<\/ul>\n\n\n\n<h4 class=\"wp-block-heading\">Transferurile de date \u00een afara UE<\/h4>\n\n\n\n<p>Nu se realizeaz\u0103 niciun transfer de date \u00een afara Uniunii Europene.<\/p>\n\n\n\n<h3 class=\"wp-block-heading\">Durata de p\u0103strare a datelor<\/h3>\n\n\n\n<p>Personal data will be kept for a period of 15 days.<\/p>\n\n\n\n<h3 class=\"wp-block-heading\">Drepturile dumneavoastr\u0103 asupra datelor care v\u0103 privesc<\/h3>\n\n\n\n<p>\u00cen conformitate cu regulamentele aplicabile, v\u0103 pute\u021bi exercita drepturile prev\u0103zute mai jos:<\/p>\n\n\n\n<ul class=\"wp-block-list\">\n<li>Dreptul de acces pentru a ob\u021bine o copie a tuturor datelor prelucrate de Oneytrust, precum \u0219i informa\u021bii referitoare la caracteristicile prelucr\u0103rii efectuate asupra datelor dumneavoastr\u0103.<\/li>\n\n\n\n<li>Dreptul de rectificare pentru a v\u0103 actualiza datele eronate \u0219i\/sau incomplete.<\/li>\n\n\n\n<li>Dreptul la \u0219tergere dac\u0103 datele (i) nu mai sunt necesare \u00een scopurile pentru care au fost colectate, (ii) sunt prelucrate ilegal sau (iii) dac\u0103 v\u0103 exercita\u021bi dreptul de a v\u0103 opune prelucr\u0103rii \u00een cauz\u0103. Cu toate acestea, acest drept nu se aplic\u0103 \u00een cazul \u00een care p\u0103strarea datelor dvs. este necesar\u0103 pentru ca Oneytrust s\u0103 respecte o obliga\u021bie legal\u0103 sau pentru exercitarea crean\u021belor legale.<\/li>\n\n\n\n<li>Dreptul de a limita prelucrarea \u00een cazul \u00een care (i) contesta\u021bi exactitatea datelor, (ii) v\u0103 exercita\u021bi dreptul de opozi\u021bie. Oneytrust va limita prelucrarea datelor dvs. pentru perioada de timp necesar\u0103 pentru ca Oneytrust s\u0103 efectueze verific\u0103rile corespunz\u0103toare.<\/li>\n\n\n\n<li>Dreptul de a v\u0103 opune ca datele dumneavoastr\u0103 s\u0103 fie utilizate de Oneytrust pentru interesele sale legitime. Oneytrust va \u00eenceta atunci aceast\u0103 prelucrare, cu excep\u021bia cazului \u00een care poate justifica c\u0103 interesele sale legitime \u0219i prioritare prevaleaz\u0103 asupra drepturilor \u0219i libert\u0103\u021bilor dumneavoastr\u0103.<\/li>\n\n\n\n<li>Dreptul de a defini directive generale \u0219i specifice care s\u0103 stabileasc\u0103 modul \u00een care dori\u021bi ca drepturile de mai sus s\u0103 fie exercitate dup\u0103 decesul dumneavoastr\u0103.<\/li>\n<\/ul>\n\n\n\n<h4 class=\"wp-block-heading\">Exercitarea drepturilor dumneavoastr\u0103<\/h4>\n\n\n\n<p>Responsabilul cu protec\u021bia datelor (DPO) de la Oneytrust este interlocutorul dumneavoastr\u0103 pentru orice cerere de exercitare a drepturilor dumneavoastr\u0103 legate de aceast\u0103 prelucrare.<\/p>\n\n\n\n<ul class=\"wp-block-list\">\n<li>Contacta\u021bi DPO pe cale electronic\u0103 scriind la dpo[at]oneytrust.com* *(\u00eenlocui\u021bi [at] cu @ c\u00e2nd trimite\u021bi e-mailul)<\/li>\n\n\n\n<li>Contacta\u021bi DPO prin po\u0219t\u0103<\/li>\n<\/ul>\n\n\n\n<p>Le d\u00e9l\u00e9gu\u00e9 \u00e0 la protection des donn\u00e9es<br>Oneytrust<br>34 avenue de Flandre<br>59170 Croix<br>FRANCE<\/p>\n\n\n\n<h4 class=\"wp-block-heading\">Reclama\u021bie<\/h4>\n\n\n\n<p>Pute\u021bi adresa orice reclama\u021bie referitoare la prelucrarea cererilor dumneavoastr\u0103 de c\u0103tre Oneytrust, scriindu-i Responsabilului cu protec\u021bia datelor. Acesta va face tot posibilul pentru a r\u0103spunde la orice reclama\u021bie \u0219i pentru a \u00eencerca s\u0103 rezolve ne\u00een\u021belegerea.<br>Dac\u0103, dup\u0103 ce ne-a\u021bi contactat, considera\u021bi c\u0103 drepturile dumneavoastr\u0103 nu sunt respectate, pute\u021bi face o reclama\u021bie (pl\u00e2ngere) la autoritatea local\u0103 de protec\u021bie a datelor personale de care apar\u021bine\u021bi sau la autoritatea de protec\u021bie a datelor personale de care apar\u021bine Oneytrust, \u0219i anume CNIL \u2013 3 place de Fontenoy \u2013 TSA 80715 \u2013 75334 Paris cedex 07 (FRANCE).<\/p>\n<\/div><\/div>\n\n<\/div><\/div>","protected":false},"excerpt":{"rendered":"<p>Personal data \u2013 To fight fraud Information relating to your transaction is subject to automated data processing by Oneytrust, the data controller, with the aim of reinforcing the level of security of transactions recorded by the partner and protecting the partner and its customers against possible identity theft or attempted fraud. Purpose of the processing&#8230;<\/p>","protected":false},"author":4,"featured_media":0,"parent":0,"menu_order":0,"comment_status":"closed","ping_status":"closed","template":"","meta":{"_acf_changed":false,"inline_featured_image":false,"_kad_blocks_custom_css":"","_kad_blocks_head_custom_js":"","_kad_blocks_body_custom_js":"","_kad_blocks_footer_custom_js":"","_kad_post_transparent":"disable","_kad_post_title":"hide","_kad_post_layout":"normal","_kad_post_sidebar_id":"","_kad_post_content_style":"","_kad_post_vertical_padding":"","_kad_post_feature":"","_kad_post_feature_position":"","_kad_post_header":true,"_kad_post_footer":true,"footnotes":""},"class_list":["post-1203","page","type-page","status-publish","hentry"],"acf":[],"yoast_head":"<!-- This site is optimized with the Yoast SEO plugin v25.9 - https:\/\/yoast.com\/wordpress\/plugins\/seo\/ -->\n<title>Mention d&#039;information Digital Review - Oneytrust<\/title>\n<meta name=\"robots\" content=\"noindex, nofollow\" \/>\n<meta property=\"og:locale\" content=\"ro_RO\" \/>\n<meta property=\"og:type\" content=\"article\" \/>\n<meta property=\"og:title\" content=\"Mention d&#039;information Digital Review - Oneytrust\" \/>\n<meta property=\"og:description\" content=\"Personal data \u2013 To fight fraud Information relating to your transaction is subject to automated data processing by Oneytrust, the data controller, with the aim of reinforcing the level of security of transactions recorded by the partner and protecting the partner and its customers against possible identity theft or attempted fraud. Purpose of the processing...\" \/>\n<meta property=\"og:url\" content=\"https:\/\/www.oneytrust.com\/ro\/mention-information-review\/\" \/>\n<meta property=\"og:site_name\" content=\"Oneytrust\" \/>\n<meta property=\"article:modified_time\" content=\"2025-06-24T14:18:51+00:00\" \/>\n<meta property=\"og:image\" content=\"https:\/\/www.oneytrust.com\/wp-content\/uploads\/2025\/07\/Snip20250711_230.png\" \/>\n\t<meta property=\"og:image:width\" content=\"1200\" \/>\n\t<meta property=\"og:image:height\" content=\"675\" \/>\n\t<meta property=\"og:image:type\" content=\"image\/png\" \/>\n<meta name=\"twitter:card\" content=\"summary_large_image\" \/>\n<meta name=\"twitter:label1\" content=\"Timp estimat pentru citire\" \/>\n\t<meta name=\"twitter:data1\" content=\"5 minute\" \/>\n<script type=\"application\/ld+json\" class=\"yoast-schema-graph\">{\"@context\":\"https:\/\/schema.org\",\"@graph\":[{\"@type\":\"WebPage\",\"@id\":\"https:\/\/www.oneytrust.com\/mention-information-review\/\",\"url\":\"https:\/\/www.oneytrust.com\/mention-information-review\/\",\"name\":\"Mention d'information Digital Review - Oneytrust\",\"isPartOf\":{\"@id\":\"https:\/\/www.oneytrust.com\/#website\"},\"datePublished\":\"2024-09-11T07:49:04+00:00\",\"dateModified\":\"2025-06-24T14:18:51+00:00\",\"breadcrumb\":{\"@id\":\"https:\/\/www.oneytrust.com\/mention-information-review\/#breadcrumb\"},\"inLanguage\":\"ro-RO\",\"potentialAction\":[{\"@type\":\"ReadAction\",\"target\":[\"https:\/\/www.oneytrust.com\/mention-information-review\/\"]}]},{\"@type\":\"BreadcrumbList\",\"@id\":\"https:\/\/www.oneytrust.com\/mention-information-review\/#breadcrumb\",\"itemListElement\":[{\"@type\":\"ListItem\",\"position\":1,\"name\":\"Home\",\"item\":\"https:\/\/www.oneytrust.com\/\"},{\"@type\":\"ListItem\",\"position\":2,\"name\":\"Mention d&#8217;information Digital Review\"}]},{\"@type\":\"WebSite\",\"@id\":\"https:\/\/www.oneytrust.com\/#website\",\"url\":\"https:\/\/www.oneytrust.com\/\",\"name\":\"Oneytrust\",\"description\":\"Only Trusted Customers. Oneytrust provides fraud detection and identity validation for merchants and banks. Unique consortia data, unbeatable fraud scoring.\",\"publisher\":{\"@id\":\"https:\/\/www.oneytrust.com\/#organization\"},\"potentialAction\":[{\"@type\":\"SearchAction\",\"target\":{\"@type\":\"EntryPoint\",\"urlTemplate\":\"https:\/\/www.oneytrust.com\/?s={search_term_string}\"},\"query-input\":{\"@type\":\"PropertyValueSpecification\",\"valueRequired\":true,\"valueName\":\"search_term_string\"}}],\"inLanguage\":\"ro-RO\"},{\"@type\":\"Organization\",\"@id\":\"https:\/\/www.oneytrust.com\/#organization\",\"name\":\"Oneytrust\",\"url\":\"https:\/\/www.oneytrust.com\/\",\"logo\":{\"@type\":\"ImageObject\",\"inLanguage\":\"ro-RO\",\"@id\":\"https:\/\/www.oneytrust.com\/#\/schema\/logo\/image\/\",\"url\":\"https:\/\/www.oneytrust.com\/wp-content\/uploads\/2025\/04\/oneytrust-logo.svg\",\"contentUrl\":\"https:\/\/www.oneytrust.com\/wp-content\/uploads\/2025\/04\/oneytrust-logo.svg\",\"width\":171,\"height\":40,\"caption\":\"Oneytrust\"},\"image\":{\"@id\":\"https:\/\/www.oneytrust.com\/#\/schema\/logo\/image\/\"}}]}<\/script>\n<!-- \/ Yoast SEO plugin. -->","yoast_head_json":{"title":"Mention d'information Digital Review - Oneytrust","robots":{"index":"noindex","follow":"nofollow"},"og_locale":"ro_RO","og_type":"article","og_title":"Mention d'information Digital Review - Oneytrust","og_description":"Personal data \u2013 To fight fraud Information relating to your transaction is subject to automated data processing by Oneytrust, the data controller, with the aim of reinforcing the level of security of transactions recorded by the partner and protecting the partner and its customers against possible identity theft or attempted fraud. Purpose of the processing...","og_url":"https:\/\/www.oneytrust.com\/ro\/mention-information-review\/","og_site_name":"Oneytrust","article_modified_time":"2025-06-24T14:18:51+00:00","og_image":[{"width":1200,"height":675,"url":"https:\/\/www.oneytrust.com\/wp-content\/uploads\/2025\/07\/Snip20250711_230.png","type":"image\/png"}],"twitter_card":"summary_large_image","twitter_misc":{"Timp estimat pentru citire":"5 minute"},"schema":{"@context":"https:\/\/schema.org","@graph":[{"@type":"WebPage","@id":"https:\/\/www.oneytrust.com\/mention-information-review\/","url":"https:\/\/www.oneytrust.com\/mention-information-review\/","name":"Mention d'information Digital Review - Oneytrust","isPartOf":{"@id":"https:\/\/www.oneytrust.com\/#website"},"datePublished":"2024-09-11T07:49:04+00:00","dateModified":"2025-06-24T14:18:51+00:00","breadcrumb":{"@id":"https:\/\/www.oneytrust.com\/mention-information-review\/#breadcrumb"},"inLanguage":"ro-RO","potentialAction":[{"@type":"ReadAction","target":["https:\/\/www.oneytrust.com\/mention-information-review\/"]}]},{"@type":"BreadcrumbList","@id":"https:\/\/www.oneytrust.com\/mention-information-review\/#breadcrumb","itemListElement":[{"@type":"ListItem","position":1,"name":"Home","item":"https:\/\/www.oneytrust.com\/"},{"@type":"ListItem","position":2,"name":"Mention d&#8217;information Digital Review"}]},{"@type":"WebSite","@id":"https:\/\/www.oneytrust.com\/#website","url":"https:\/\/www.oneytrust.com\/","name":"Oneytrust","description":"Only Trusted Customers. Oneytrust provides fraud detection and identity validation for merchants and banks. Unique consortia data, unbeatable fraud scoring.","publisher":{"@id":"https:\/\/www.oneytrust.com\/#organization"},"potentialAction":[{"@type":"SearchAction","target":{"@type":"EntryPoint","urlTemplate":"https:\/\/www.oneytrust.com\/?s={search_term_string}"},"query-input":{"@type":"PropertyValueSpecification","valueRequired":true,"valueName":"search_term_string"}}],"inLanguage":"ro-RO"},{"@type":"Organization","@id":"https:\/\/www.oneytrust.com\/#organization","name":"Oneytrust","url":"https:\/\/www.oneytrust.com\/","logo":{"@type":"ImageObject","inLanguage":"ro-RO","@id":"https:\/\/www.oneytrust.com\/#\/schema\/logo\/image\/","url":"https:\/\/www.oneytrust.com\/wp-content\/uploads\/2025\/04\/oneytrust-logo.svg","contentUrl":"https:\/\/www.oneytrust.com\/wp-content\/uploads\/2025\/04\/oneytrust-logo.svg","width":171,"height":40,"caption":"Oneytrust"},"image":{"@id":"https:\/\/www.oneytrust.com\/#\/schema\/logo\/image\/"}}]}},"taxonomy_info":[],"featured_image_src_large":false,"author_info":{"display_name":"Audrey Defaix","author_link":"https:\/\/www.oneytrust.com\/ro\/author\/audrey-defaix\/"},"comment_info":0,"_links":{"self":[{"href":"https:\/\/www.oneytrust.com\/ro\/wp-json\/wp\/v2\/pages\/1203","targetHints":{"allow":["GET"]}}],"collection":[{"href":"https:\/\/www.oneytrust.com\/ro\/wp-json\/wp\/v2\/pages"}],"about":[{"href":"https:\/\/www.oneytrust.com\/ro\/wp-json\/wp\/v2\/types\/page"}],"author":[{"embeddable":true,"href":"https:\/\/www.oneytrust.com\/ro\/wp-json\/wp\/v2\/users\/4"}],"replies":[{"embeddable":true,"href":"https:\/\/www.oneytrust.com\/ro\/wp-json\/wp\/v2\/comments?post=1203"}],"version-history":[{"count":3,"href":"https:\/\/www.oneytrust.com\/ro\/wp-json\/wp\/v2\/pages\/1203\/revisions"}],"predecessor-version":[{"id":1628,"href":"https:\/\/www.oneytrust.com\/ro\/wp-json\/wp\/v2\/pages\/1203\/revisions\/1628"}],"wp:attachment":[{"href":"https:\/\/www.oneytrust.com\/ro\/wp-json\/wp\/v2\/media?parent=1203"}],"curies":[{"name":"wp","href":"https:\/\/api.w.org\/{rel}","templated":true}]}}