{"id":1206,"date":"2024-09-11T15:41:13","date_gmt":"2024-09-11T14:41:13","guid":{"rendered":"https:\/\/www.oneytrust.com\/?page_id=1206"},"modified":"2024-09-11T15:41:14","modified_gmt":"2024-09-11T14:41:14","slug":"mention-information-score","status":"publish","type":"page","link":"https:\/\/www.oneytrust.com\/ro\/mention-information-score\/","title":{"rendered":"Mention d&#8217;information Score"},"content":{"rendered":"<style>.kb-row-layout-wrap.wp-block-kadence-rowlayout.kb-row-layout-id1206_a676f2-14{margin-bottom:var(--global-kb-spacing-md, 2rem);}.kb-row-layout-id1206_a676f2-14 > .kt-row-column-wrap{align-content:start;}:where(.kb-row-layout-id1206_a676f2-14 > .kt-row-column-wrap) > .wp-block-kadence-column{justify-content:start;}.kb-row-layout-id1206_a676f2-14 > .kt-row-column-wrap{column-gap:var(--global-kb-gap-md, 2rem);row-gap:var(--global-kb-gap-md, 2rem);padding-top:var(--global-kb-spacing-sm, 1.5rem);padding-bottom:var(--global-kb-spacing-sm, 1.5rem);grid-template-columns:minmax(0, 1fr);}.kb-row-layout-id1206_a676f2-14{border-top-left-radius:10px;border-top-right-radius:10px;border-bottom-right-radius:10px;border-bottom-left-radius:10px;overflow:clip;isolation:isolate;}.kb-row-layout-id1206_a676f2-14 > .kt-row-layout-overlay{border-top-left-radius:10px;border-top-right-radius:10px;border-bottom-right-radius:10px;border-bottom-left-radius:10px;}.kb-row-layout-id1206_a676f2-14{box-shadow:0px 0px 14px 0px rgba(0, 0, 0, 0.08);}.kb-row-layout-id1206_a676f2-14 > .kt-row-layout-overlay{opacity:0.30;}@media all and (max-width: 1024px){.kb-row-layout-id1206_a676f2-14 > .kt-row-column-wrap{grid-template-columns:minmax(0, 1fr);}}@media all and (max-width: 767px){.kb-row-layout-id1206_a676f2-14 > .kt-row-column-wrap{grid-template-columns:minmax(0, 1fr);}}<\/style><div class=\"kb-row-layout-wrap kb-row-layout-id1206_a676f2-14 alignnone has-theme-palette9-background-color kt-row-has-bg wp-block-kadence-rowlayout\"><div class=\"kt-row-column-wrap kt-has-1-columns kt-row-layout-equal kt-tab-layout-inherit kt-mobile-layout-row kt-row-valign-top\">\n<style>.kadence-column1206_6c69f5-07 > .kt-inside-inner-col,.kadence-column1206_6c69f5-07 > .kt-inside-inner-col:before{border-top-left-radius:0px;border-top-right-radius:0px;border-bottom-right-radius:0px;border-bottom-left-radius:0px;}.kadence-column1206_6c69f5-07 > .kt-inside-inner-col{column-gap:var(--global-kb-gap-sm, 1rem);}.kadence-column1206_6c69f5-07 > .kt-inside-inner-col{flex-direction:column;}.kadence-column1206_6c69f5-07 > .kt-inside-inner-col > .aligncenter{width:100%;}.kadence-column1206_6c69f5-07 > .kt-inside-inner-col:before{opacity:0.3;}.kadence-column1206_6c69f5-07{text-align:left;}.kadence-column1206_6c69f5-07{position:relative;}@media all and (max-width: 1024px){.kadence-column1206_6c69f5-07 > .kt-inside-inner-col{flex-direction:column;justify-content:center;}}@media all and (max-width: 767px){.kadence-column1206_6c69f5-07 > .kt-inside-inner-col{flex-direction:column;justify-content:center;}}<\/style>\n<div class=\"wp-block-kadence-column kadence-column1206_6c69f5-07\"><div class=\"kt-inside-inner-col\">\n<h2 class=\"wp-block-heading\">Date personale \u2013 Combaterea fraudei<\/h2>\n\n\n\n<p>Informa\u021biile care au leg\u0103tur\u0103 cu opera\u021biunea dumneavoastr\u0103 fac obiectul unei prelucr\u0103ri automate a datelor de c\u0103tre Oneytrust, operator de date, pentru a spori nivelul de securitate a opera\u021biunilor realizate pe website-ul partenerului \u0219i pentru a \u00eel proteja pe acesta din urm\u0103 \u0219i pe clien\u021bii s\u0103i \u00eempotriva eventualelor fenomene de fraud\u0103 de identitate sau de tentativ\u0103 de fraud\u0103.<\/p>\n\n\n\n<h3 class=\"wp-block-heading\">Obiectul prelucr\u0103rii datelor<\/h3>\n\n\n\n<h4 class=\"wp-block-heading\">Scopuri<\/h4>\n\n\n\n<p class=\"translation-block\">Prelucrarea are ca obiect combaterea fraudei privind identitatea \u0219i plata \u00een cazul opera\u021biunilor realizate la distan\u021b\u0103 prin internet. Aceasta \u00eei permite operatorului Oneytrust:<\/p>\n\n\n\n<ul class=\"wp-block-list\">\n<li>s\u0103 analizeze datele tranzac\u021biei;<\/li>\n\n\n\n<li>\u00een func\u021bie de ni\u0219te reguli prestabilite, s\u0103 atribuie o evaluare (scor) fiec\u0103rei opera\u021biuni realizate pe platformele partenere;<\/li>\n\n\n\n<li>s\u0103 determine num\u0103rul de identificare a calculatorului folosit de o persoan\u0103 pentru a naviga pe site-ul (site-urile) partenerului, \u00een special pentru a verifica dac\u0103 acela\u0219i calculator nu a fost utilizat pentru a realiza mai multe tranzac\u021bii \u00een baza unor identit\u0103\u021bi diferite;<\/li>\n\n\n\n<li>s\u0103 ofere un prim nivel de \u00eencredere \u00een timpul navig\u0103rii pe site-ul (site-urile) partenerului, pentru a orienta, \u00een consecin\u021b\u0103, parcursul clientului final;<\/li>\n\n\n\n<li>s\u0103 compare informa\u021biile tranzac\u021biei analizate cu informa\u021biile prezente \u00een cadrul altor tranzac\u021bii efectuate la diferi\u021bi parteneri ai Oneytrust \u0219i s\u0103 detecteze, astfel, eventualele incoeren\u021be;<\/li>\n\n\n\n<li>dup\u0103 validarea tranzac\u021biei de c\u0103tre client \u0219i transmiterea acesteia pentru a fi analizat\u0103, s\u0103 \u00eei comunice partenerului un indice de \u00eencredere pentru tranzac\u021bie, sub forma unei note cuprinse \u00eentre zero (0) \u0219i o sut\u0103 (100), \u00een func\u021bie de nivelul de risc astfel evaluat;<\/li>\n\n\n\n<li>s\u0103 detecteze tentativele de fraud\u0103 la realizarea opera\u021biunilor prin internet \u0219i s\u0103 \u00eenscrie \u00eentr-un sistem de eviden\u021b\u0103 a persoanelor cu risc clien\u021bii care vor fi comis o fraud\u0103 dovedit\u0103;<\/li>\n\n\n\n<li>s\u0103 gestioneze cererile persoanelor vizate.<\/li>\n<\/ul>\n\n\n\n<p>O neplat\u0103 pe motivul unei utiliz\u0103ri frauduloase a unui mijloc de plat\u0103 va putea atrage \u00eenscrierea datelor care au leg\u0103tur\u0103 cu tranzac\u021bia asociat\u0103 cu aceast\u0103 neplat\u0103 \u00eentr-un sistem de eviden\u021b\u0103 a incidentelor de plat\u0103 administrat de Oneytrust. De asemenea, o declara\u021bie incorect\u0103 sau o anomalie vor putea face obiectul unei prelucr\u0103ri specifice.<\/p>\n\n\n\n<h4 class=\"wp-block-heading\">Baza legal\u0103<\/h4>\n\n\n\n<p>Articolul 6 (1) f din regulamentul general privind protec\u021bia datelor.<br>Prelucrarea datelor este necesar\u0103 \u00een scopul intereselor legitime urm\u0103rite de Oneytrust; \u0219i anume, combaterea fraudei privind identitatea \u0219i plata \u00een cazul opera\u021biunilor realizate la distan\u021b\u0103 prin internet.<\/p>\n\n\n\n<h3 class=\"wp-block-heading\">Date prelucrate<\/h3>\n\n\n\n<h4 class=\"wp-block-heading\">Categorii de date prelucrate<\/h4>\n\n\n\n<ul class=\"wp-block-list\">\n<li>Date de identificare, date de facturare \u0219i de livrare, num\u0103r de telefon, adres\u0103 de e-mail, adres\u0103 IP, primele 6 cifre ale cardului bancar; detaliile bancare (RIB) sub form\u0103 criptat\u0103, \u00een caz de plat\u0103 prin virament sau debit direct; num\u0103rul de identificare a cardului bancar (PAN) hashing;<\/li>\n\n\n\n<li>Date privind documentele de identitate, bancare \u0219i de domiciliu, \u00een cadrul verific\u0103rilor complementare;<\/li>\n\n\n\n<li>Date de identificare electronic\u0103 (adres\u0103 IP), amprent\u0103 calculat\u0103 pornind de la date tehnice colectate \u0219i date tehnice ale terminalului utilizat (sistem de exploatare, limb\u0103, CPU, rezolu\u021bie, tipul \u0219i versiunea navigatorului\u2026).<\/li>\n\n\n\n<li>Data relating to the transaction.<\/li>\n<\/ul>\n\n\n\n<h4 class=\"wp-block-heading\">Sursa datelor<\/h4>\n\n\n\n<p>Information is collected from the customer by the partner.<\/p>\n\n\n\n<h4 class=\"wp-block-heading\">Caracterul obligatoriu al culegerii datelor<\/h4>\n\n\n\n<p>Nefurnizarea datelor legate de opera\u021biunea dumneavoastr\u0103 face imposibil\u0103 realizarea \u0219i analizarea tranzac\u021biei dumneavoastr\u0103.<\/p>\n\n\n\n<h4 class=\"wp-block-heading\">Proces decizional automatizat<\/h4>\n\n\n\n<p>Prelucrarea nu prevede un proces decizional automatizat. \u00cen schimb, prelucrarea poate exclude, chiar \u0219i temporar, datele de contact ale unei persoane de la a beneficia de un contract. Totu\u0219i, nu se ia nicio decizie de refuz \u00een baza unei prelucr\u0103ri automate. \u00cenainte de orice decizie de refuz, vor fi efectuate verific\u0103ri complementare la persoana vizat\u0103, pentru a-i permite s\u0103 \u00ee\u0219i exprime observa\u021biile \u0219i pentru a-i fi reevaluat\u0103 situa\u021bia. \u00cen orice caz, persoana vizat\u0103 are dreptul de a solicita o interven\u021bie uman\u0103, de a-\u0219i exprima punctul de vedere \u0219i de a contesta decizia.<\/p>\n\n\n\n<h3 class=\"wp-block-heading\">Persoane vizate<\/h3>\n\n\n\n<p>Prelucrarea datelor vizeaz\u0103:<\/p>\n\n\n\n<ul class=\"wp-block-list\">\n<li>persoanele fizice \u0219i juridice care realizeaz\u0103 opera\u021biuni pe site-urile partenerilor Oneytrust;<\/li>\n\n\n\n<li>personalul autorizat al Oneytrust responsabil cu realizarea prelucr\u0103rii.<\/li>\n<\/ul>\n\n\n\n<h3 class=\"wp-block-heading\">Destinatarii datelor<\/h3>\n\n\n\n<h4 class=\"wp-block-heading\">Categorii de destinatari<\/h4>\n\n\n\n<p>\u00cen func\u021bie de nevoile lor respective, sunt destinatari ai datelor \u00een totalitate sau \u00een parte:<\/p>\n\n\n\n<ul class=\"wp-block-list\">\n<li>partenerul Oneytrust la care clientul a realizat opera\u021biunea;<\/li>\n\n\n\n<li>personalul autorizat al Oneytrust;<\/li>\n\n\n\n<li>Oneytrust subcontractors and service providers responsible for the hosting and provision of specific technical services.<\/li>\n<\/ul>\n\n\n\n<h4 class=\"wp-block-heading\">Transferurile de date \u00een afara UE<\/h4>\n\n\n\n<p>No data is transferred outside the European Union.<\/p>\n\n\n\n<h3 class=\"wp-block-heading\">Durata de p\u0103strare a datelor<\/h3>\n\n\n\n<p>Datele vor fi p\u0103strate timp de 15 luni. Datele referitoare la tranzac\u021biile pentru care au fost detectate fraude dovedite fac obiectul \u00eenscrierii \u00eentr-un sistem de eviden\u021b\u0103 a incidentelor pentru o perioad\u0103 de 2 ani sau p\u00e2n\u0103 la rezolvarea incidentului de plat\u0103, dac\u0103 aceast\u0103 rezolvare are loc \u00eenainte de expirarea termenului de 2 ani.<\/p>\n\n\n\n<h3 class=\"wp-block-heading\">Drepturile dumneavoastr\u0103 asupra datelor care v\u0103 privesc<\/h3>\n\n\n\n<p>Pute\u021bi avea acces la datele care v\u0103 privesc \u0219i pute\u021bi ob\u021bine o copie a acestora, v\u0103 pute\u021bi opune prelucr\u0103rii acestor date, le pute\u021bi rectifica sau \u0219terge. De asemenea, dispune\u021bi de dreptul la restric\u021bionarea prelucr\u0103rii datelor dumneavoastr\u0103 \u0219i de dreptul de a formula orient\u0103ri specifice \u0219i generale aplicabile post-mortem, referitoare la p\u0103strarea, \u0219tergerea \u0219i comunicarea datelor dumneavoastr\u0103.<\/p>\n\n\n\n<h4 class=\"wp-block-heading\">Exercitarea drepturilor dumneavoastr\u0103<\/h4>\n\n\n\n<p>Responsabilul cu protec\u021bia datelor (DPO) de la Oneytrust este interlocutorul dumneavoastr\u0103 pentru orice cerere de exercitare a drepturilor dumneavoastr\u0103 legate de aceast\u0103 prelucrare.<\/p>\n\n\n\n<ul class=\"wp-block-list\">\n<li>Contacta\u021bi DPO pe cale electronic\u0103 scriind la dpo[at]oneytrust.com* *(\u00eenlocui\u021bi [at] cu @ c\u00e2nd trimite\u021bi e-mailul)<\/li>\n\n\n\n<li>Contacta\u021bi DPO prin po\u0219t\u0103<\/li>\n<\/ul>\n\n\n\n<p>Le d\u00e9l\u00e9gu\u00e9 \u00e0 la protection des donn\u00e9es<br>Oneytrust<br>34 avenue de Flandre<br>59170 Croix<br>FRANCE<\/p>\n\n\n\n<h4 class=\"wp-block-heading\">Reclama\u021bie<\/h4>\n\n\n\n<p>Pute\u021bi adresa orice reclama\u021bie referitoare la prelucrarea cererilor dumneavoastr\u0103 de c\u0103tre Oneytrust, scriindu-i Responsabilului cu protec\u021bia datelor. Acesta va face tot posibilul pentru a r\u0103spunde la orice reclama\u021bie \u0219i pentru a \u00eencerca s\u0103 rezolve ne\u00een\u021belegerea.<br>Dac\u0103, dup\u0103 ce ne-a\u021bi contactat, considera\u021bi c\u0103 drepturile dumneavoastr\u0103 nu sunt respectate, pute\u021bi face o reclama\u021bie (pl\u00e2ngere) la autoritatea local\u0103 de protec\u021bie a datelor personale de care apar\u021bine\u021bi sau la autoritatea de protec\u021bie a datelor personale de care apar\u021bine Oneytrust, \u0219i anume CNIL \u2013 3 place de Fontenoy \u2013 TSA 80715 \u2013 75334 Paris cedex 07 (FRANCE).<\/p>\n<\/div><\/div>\n\n<\/div><\/div>","protected":false},"excerpt":{"rendered":"<p>Personal data \u2013 To fight fraud The information relating to your transaction is processed on an automated level by Oneytrust as data controller to increase the level of security of transactions made on the partner\u2019s Internet site and protect the latter and its customers from identity fraud or attempted fraud phenomena. Purpose of the processing&#8230;<\/p>","protected":false},"author":4,"featured_media":0,"parent":0,"menu_order":0,"comment_status":"closed","ping_status":"closed","template":"","meta":{"_acf_changed":false,"inline_featured_image":false,"_kad_blocks_custom_css":"","_kad_blocks_head_custom_js":"","_kad_blocks_body_custom_js":"","_kad_blocks_footer_custom_js":"","_kad_post_transparent":"disable","_kad_post_title":"hide","_kad_post_layout":"normal","_kad_post_sidebar_id":"","_kad_post_content_style":"","_kad_post_vertical_padding":"","_kad_post_feature":"","_kad_post_feature_position":"","_kad_post_header":true,"_kad_post_footer":true,"footnotes":""},"class_list":["post-1206","page","type-page","status-publish","hentry"],"acf":[],"yoast_head":"<!-- This site is optimized with the Yoast SEO plugin v25.9 - https:\/\/yoast.com\/wordpress\/plugins\/seo\/ -->\n<title>Mention d&#039;information Score - Oneytrust<\/title>\n<meta name=\"robots\" content=\"noindex, nofollow\" \/>\n<meta property=\"og:locale\" content=\"ro_RO\" \/>\n<meta property=\"og:type\" content=\"article\" \/>\n<meta property=\"og:title\" content=\"Mention d&#039;information Score - Oneytrust\" \/>\n<meta property=\"og:description\" content=\"Personal data \u2013 To fight fraud The information relating to your transaction is processed on an automated level by Oneytrust as data controller to increase the level of security of transactions made on the partner\u2019s Internet site and protect the latter and its customers from identity fraud or attempted fraud phenomena. Purpose of the processing...\" \/>\n<meta property=\"og:url\" content=\"https:\/\/www.oneytrust.com\/ro\/mention-information-score\/\" \/>\n<meta property=\"og:site_name\" content=\"Oneytrust\" \/>\n<meta property=\"article:modified_time\" content=\"2024-09-11T14:41:14+00:00\" \/>\n<meta property=\"og:image\" content=\"https:\/\/www.oneytrust.com\/wp-content\/uploads\/2025\/07\/Snip20250711_230.png\" \/>\n\t<meta property=\"og:image:width\" content=\"1200\" \/>\n\t<meta property=\"og:image:height\" content=\"675\" \/>\n\t<meta property=\"og:image:type\" content=\"image\/png\" \/>\n<meta name=\"twitter:card\" content=\"summary_large_image\" \/>\n<meta name=\"twitter:label1\" content=\"Timp estimat pentru citire\" \/>\n\t<meta name=\"twitter:data1\" content=\"4 minute\" \/>\n<script type=\"application\/ld+json\" class=\"yoast-schema-graph\">{\"@context\":\"https:\/\/schema.org\",\"@graph\":[{\"@type\":\"WebPage\",\"@id\":\"https:\/\/www.oneytrust.com\/mention-information-score\/\",\"url\":\"https:\/\/www.oneytrust.com\/mention-information-score\/\",\"name\":\"Mention d'information Score - Oneytrust\",\"isPartOf\":{\"@id\":\"https:\/\/www.oneytrust.com\/#website\"},\"datePublished\":\"2024-09-11T14:41:13+00:00\",\"dateModified\":\"2024-09-11T14:41:14+00:00\",\"breadcrumb\":{\"@id\":\"https:\/\/www.oneytrust.com\/mention-information-score\/#breadcrumb\"},\"inLanguage\":\"ro-RO\",\"potentialAction\":[{\"@type\":\"ReadAction\",\"target\":[\"https:\/\/www.oneytrust.com\/mention-information-score\/\"]}]},{\"@type\":\"BreadcrumbList\",\"@id\":\"https:\/\/www.oneytrust.com\/mention-information-score\/#breadcrumb\",\"itemListElement\":[{\"@type\":\"ListItem\",\"position\":1,\"name\":\"Home\",\"item\":\"https:\/\/www.oneytrust.com\/\"},{\"@type\":\"ListItem\",\"position\":2,\"name\":\"Mention d&#8217;information Score\"}]},{\"@type\":\"WebSite\",\"@id\":\"https:\/\/www.oneytrust.com\/#website\",\"url\":\"https:\/\/www.oneytrust.com\/\",\"name\":\"Oneytrust\",\"description\":\"Only Trusted Customers. Oneytrust provides fraud detection and identity validation for merchants and banks. Unique consortia data, unbeatable fraud scoring.\",\"publisher\":{\"@id\":\"https:\/\/www.oneytrust.com\/#organization\"},\"potentialAction\":[{\"@type\":\"SearchAction\",\"target\":{\"@type\":\"EntryPoint\",\"urlTemplate\":\"https:\/\/www.oneytrust.com\/?s={search_term_string}\"},\"query-input\":{\"@type\":\"PropertyValueSpecification\",\"valueRequired\":true,\"valueName\":\"search_term_string\"}}],\"inLanguage\":\"ro-RO\"},{\"@type\":\"Organization\",\"@id\":\"https:\/\/www.oneytrust.com\/#organization\",\"name\":\"Oneytrust\",\"url\":\"https:\/\/www.oneytrust.com\/\",\"logo\":{\"@type\":\"ImageObject\",\"inLanguage\":\"ro-RO\",\"@id\":\"https:\/\/www.oneytrust.com\/#\/schema\/logo\/image\/\",\"url\":\"https:\/\/www.oneytrust.com\/wp-content\/uploads\/2025\/04\/oneytrust-logo.svg\",\"contentUrl\":\"https:\/\/www.oneytrust.com\/wp-content\/uploads\/2025\/04\/oneytrust-logo.svg\",\"width\":171,\"height\":40,\"caption\":\"Oneytrust\"},\"image\":{\"@id\":\"https:\/\/www.oneytrust.com\/#\/schema\/logo\/image\/\"}}]}<\/script>\n<!-- \/ Yoast SEO plugin. -->","yoast_head_json":{"title":"Mention d'information Score - Oneytrust","robots":{"index":"noindex","follow":"nofollow"},"og_locale":"ro_RO","og_type":"article","og_title":"Mention d'information Score - Oneytrust","og_description":"Personal data \u2013 To fight fraud The information relating to your transaction is processed on an automated level by Oneytrust as data controller to increase the level of security of transactions made on the partner\u2019s Internet site and protect the latter and its customers from identity fraud or attempted fraud phenomena. Purpose of the processing...","og_url":"https:\/\/www.oneytrust.com\/ro\/mention-information-score\/","og_site_name":"Oneytrust","article_modified_time":"2024-09-11T14:41:14+00:00","og_image":[{"width":1200,"height":675,"url":"https:\/\/www.oneytrust.com\/wp-content\/uploads\/2025\/07\/Snip20250711_230.png","type":"image\/png"}],"twitter_card":"summary_large_image","twitter_misc":{"Timp estimat pentru citire":"4 minute"},"schema":{"@context":"https:\/\/schema.org","@graph":[{"@type":"WebPage","@id":"https:\/\/www.oneytrust.com\/mention-information-score\/","url":"https:\/\/www.oneytrust.com\/mention-information-score\/","name":"Mention d'information Score - Oneytrust","isPartOf":{"@id":"https:\/\/www.oneytrust.com\/#website"},"datePublished":"2024-09-11T14:41:13+00:00","dateModified":"2024-09-11T14:41:14+00:00","breadcrumb":{"@id":"https:\/\/www.oneytrust.com\/mention-information-score\/#breadcrumb"},"inLanguage":"ro-RO","potentialAction":[{"@type":"ReadAction","target":["https:\/\/www.oneytrust.com\/mention-information-score\/"]}]},{"@type":"BreadcrumbList","@id":"https:\/\/www.oneytrust.com\/mention-information-score\/#breadcrumb","itemListElement":[{"@type":"ListItem","position":1,"name":"Home","item":"https:\/\/www.oneytrust.com\/"},{"@type":"ListItem","position":2,"name":"Mention d&#8217;information Score"}]},{"@type":"WebSite","@id":"https:\/\/www.oneytrust.com\/#website","url":"https:\/\/www.oneytrust.com\/","name":"Oneytrust","description":"Only Trusted Customers. Oneytrust provides fraud detection and identity validation for merchants and banks. Unique consortia data, unbeatable fraud scoring.","publisher":{"@id":"https:\/\/www.oneytrust.com\/#organization"},"potentialAction":[{"@type":"SearchAction","target":{"@type":"EntryPoint","urlTemplate":"https:\/\/www.oneytrust.com\/?s={search_term_string}"},"query-input":{"@type":"PropertyValueSpecification","valueRequired":true,"valueName":"search_term_string"}}],"inLanguage":"ro-RO"},{"@type":"Organization","@id":"https:\/\/www.oneytrust.com\/#organization","name":"Oneytrust","url":"https:\/\/www.oneytrust.com\/","logo":{"@type":"ImageObject","inLanguage":"ro-RO","@id":"https:\/\/www.oneytrust.com\/#\/schema\/logo\/image\/","url":"https:\/\/www.oneytrust.com\/wp-content\/uploads\/2025\/04\/oneytrust-logo.svg","contentUrl":"https:\/\/www.oneytrust.com\/wp-content\/uploads\/2025\/04\/oneytrust-logo.svg","width":171,"height":40,"caption":"Oneytrust"},"image":{"@id":"https:\/\/www.oneytrust.com\/#\/schema\/logo\/image\/"}}]}},"taxonomy_info":[],"featured_image_src_large":false,"author_info":{"display_name":"Audrey Defaix","author_link":"https:\/\/www.oneytrust.com\/ro\/author\/audrey-defaix\/"},"comment_info":0,"_links":{"self":[{"href":"https:\/\/www.oneytrust.com\/ro\/wp-json\/wp\/v2\/pages\/1206","targetHints":{"allow":["GET"]}}],"collection":[{"href":"https:\/\/www.oneytrust.com\/ro\/wp-json\/wp\/v2\/pages"}],"about":[{"href":"https:\/\/www.oneytrust.com\/ro\/wp-json\/wp\/v2\/types\/page"}],"author":[{"embeddable":true,"href":"https:\/\/www.oneytrust.com\/ro\/wp-json\/wp\/v2\/users\/4"}],"replies":[{"embeddable":true,"href":"https:\/\/www.oneytrust.com\/ro\/wp-json\/wp\/v2\/comments?post=1206"}],"version-history":[{"count":2,"href":"https:\/\/www.oneytrust.com\/ro\/wp-json\/wp\/v2\/pages\/1206\/revisions"}],"predecessor-version":[{"id":1218,"href":"https:\/\/www.oneytrust.com\/ro\/wp-json\/wp\/v2\/pages\/1206\/revisions\/1218"}],"wp:attachment":[{"href":"https:\/\/www.oneytrust.com\/ro\/wp-json\/wp\/v2\/media?parent=1206"}],"curies":[{"name":"wp","href":"https:\/\/api.w.org\/{rel}","templated":true}]}}