{"id":1241,"date":"2024-09-16T10:41:06","date_gmt":"2024-09-16T09:41:06","guid":{"rendered":"https:\/\/www.oneytrust.com\/?page_id=1241"},"modified":"2024-09-16T10:41:07","modified_gmt":"2024-09-16T09:41:07","slug":"mention-information-dfp","status":"publish","type":"page","link":"https:\/\/www.oneytrust.com\/ro\/mention-information-dfp\/","title":{"rendered":"Mention d&#8217;information DFP"},"content":{"rendered":"<style>.kb-row-layout-wrap.wp-block-kadence-rowlayout.kb-row-layout-id1241_db0ff3-5b{margin-bottom:var(--global-kb-spacing-md, 2rem);}.kb-row-layout-id1241_db0ff3-5b > .kt-row-column-wrap{align-content:start;}:where(.kb-row-layout-id1241_db0ff3-5b > .kt-row-column-wrap) > .wp-block-kadence-column{justify-content:start;}.kb-row-layout-id1241_db0ff3-5b > .kt-row-column-wrap{column-gap:var(--global-kb-gap-md, 2rem);row-gap:var(--global-kb-gap-md, 2rem);padding-top:var(--global-kb-spacing-sm, 1.5rem);padding-bottom:var(--global-kb-spacing-sm, 1.5rem);grid-template-columns:minmax(0, 1fr);}.kb-row-layout-id1241_db0ff3-5b{border-top-left-radius:10px;border-top-right-radius:10px;border-bottom-right-radius:10px;border-bottom-left-radius:10px;overflow:clip;isolation:isolate;}.kb-row-layout-id1241_db0ff3-5b > .kt-row-layout-overlay{border-top-left-radius:10px;border-top-right-radius:10px;border-bottom-right-radius:10px;border-bottom-left-radius:10px;}.kb-row-layout-id1241_db0ff3-5b{box-shadow:0px 0px 14px 0px rgba(0, 0, 0, 0.08);}.kb-row-layout-id1241_db0ff3-5b > .kt-row-layout-overlay{opacity:0.30;}@media all and (max-width: 1024px){.kb-row-layout-id1241_db0ff3-5b > .kt-row-column-wrap{grid-template-columns:minmax(0, 1fr);}}@media all and (max-width: 767px){.kb-row-layout-id1241_db0ff3-5b > .kt-row-column-wrap{grid-template-columns:minmax(0, 1fr);}}<\/style><div class=\"kb-row-layout-wrap kb-row-layout-id1241_db0ff3-5b alignnone has-theme-palette9-background-color kt-row-has-bg wp-block-kadence-rowlayout\"><div class=\"kt-row-column-wrap kt-has-1-columns kt-row-layout-equal kt-tab-layout-inherit kt-mobile-layout-row kt-row-valign-top\">\n<style>.kadence-column1241_a24590-a7 > .kt-inside-inner-col,.kadence-column1241_a24590-a7 > .kt-inside-inner-col:before{border-top-left-radius:0px;border-top-right-radius:0px;border-bottom-right-radius:0px;border-bottom-left-radius:0px;}.kadence-column1241_a24590-a7 > .kt-inside-inner-col{column-gap:var(--global-kb-gap-sm, 1rem);}.kadence-column1241_a24590-a7 > .kt-inside-inner-col{flex-direction:column;}.kadence-column1241_a24590-a7 > .kt-inside-inner-col > .aligncenter{width:100%;}.kadence-column1241_a24590-a7 > .kt-inside-inner-col:before{opacity:0.3;}.kadence-column1241_a24590-a7{text-align:left;}.kadence-column1241_a24590-a7{position:relative;}@media all and (max-width: 1024px){.kadence-column1241_a24590-a7 > .kt-inside-inner-col{flex-direction:column;justify-content:center;}}@media all and (max-width: 767px){.kadence-column1241_a24590-a7 > .kt-inside-inner-col{flex-direction:column;justify-content:center;}}<\/style>\n<div class=\"wp-block-kadence-column kadence-column1241_a24590-a7\"><div class=\"kt-inside-inner-col\">\n<p>Oneytrust pourra acc\u00e9der \u00e0 des informations stock\u00e9es dans l\u2019\u00e9quipement terminal de communication \u00e9lectronique que vous utilisez afin de d\u00e9terminer l\u2019identifiant machine de ce terminal et de v\u00e9rifier que ce m\u00eame terminal n\u2019a pas \u00e9t\u00e9 utilis\u00e9 pour r\u00e9aliser plusieurs transactions sur la base d\u2019identit\u00e9s diff\u00e9rentes. Cet identifiant machine fait l\u2019objet d\u2019un traitement automatis\u00e9 de donn\u00e9es par Oneytrust, responsable de traitement, dans le but de renforcer le niveau de s\u00e9curit\u00e9 des op\u00e9rations r\u00e9alis\u00e9es sur le site internet et de prot\u00e9ger le partenaire concern\u00e9 et ses clients contre d\u2019\u00e9ventuels ph\u00e9nom\u00e8nes d\u2019usurpation d\u2019identit\u00e9 ou de tentative de fraude.<\/p>\n\n\n\n<h3 class=\"wp-block-heading\">Objet du traitement de donn\u00e9es<\/h3>\n\n\n\n<h4 class=\"wp-block-heading\">Finalit\u00e9s<\/h4>\n\n\n\n<p>Le traitement a pour objet&nbsp;la lutte contre la fraude \u00e0 l\u2019identit\u00e9 et au paiement sur les op\u00e9rations r\u00e9alis\u00e9es \u00e0 distance via le r\u00e9seau internet.<\/p>\n\n\n\n<p>Il permet \u00e0 Oneytrust de d\u00e9terminer l\u2019identifiant machine de l\u2019ordinateur utilis\u00e9 par une personne pour naviguer sur le site du partenaire, en particulier pour v\u00e9rifier qu\u2019un m\u00eame ordinateur n\u2019a pas \u00e9t\u00e9 utilis\u00e9 pour r\u00e9aliser plusieurs transactions sur la base d\u2019identit\u00e9s diff\u00e9rentes.<\/p>\n\n\n\n<h4 class=\"wp-block-heading\">Base l\u00e9gale<\/h4>\n\n\n\n<p>Article 6 (1) f du r\u00e8glement g\u00e9n\u00e9ral sur la protection des donn\u00e9es.<br>Le traitement est n\u00e9cessaire aux fins des int\u00e9r\u00eats l\u00e9gitimes poursuivis par Oneytrust ; \u00e0 savoir la lutte contre la fraude \u00e0 l\u2019identit\u00e9 et au paiement lors des transactions ou interactions \u00e0 distance r\u00e9alis\u00e9es via le r\u00e9seau internet. Le recueil des informations du terminal utilis\u00e9 pour d\u00e9terminer l\u2019identifiant machine est une fonctionnalit\u00e9 du service Oneytrust qui n\u00e9cessite le recueil du consentement de la personne concern\u00e9e.<\/p>\n\n\n\n<h3 class=\"wp-block-heading\">Donn\u00e9es trait\u00e9es<\/h3>\n\n\n\n<h4 class=\"wp-block-heading\">Cat\u00e9gories de donn\u00e9es trait\u00e9es<\/h4>\n\n\n\n<ul class=\"wp-block-list\">\n<li>Donn\u00e9e d\u2019identification \u00e9lectronique (adresse IP), empreinte calcul\u00e9e \u00e0 partir des donn\u00e9es techniques collect\u00e9es et donn\u00e9es techniques du terminal utilis\u00e9 (syst\u00e8me d\u2019exploitation, langue, CPU, r\u00e9solution, type de navigateur et version\u2026).<\/li>\n<\/ul>\n\n\n\n<h4 class=\"wp-block-heading\">Source des donn\u00e9es<\/h4>\n\n\n\n<p>Ces informations sont recueillies aupr\u00e8s du client par l\u2019interm\u00e9diaire du partenaire d\u2019Oneytrust aupr\u00e8s de qui vous r\u00e9alisez l\u2019op\u00e9ration concern\u00e9e.<\/p>\n\n\n\n<h4 class=\"wp-block-heading\">Caract\u00e8re obligatoire du recueil des donn\u00e9es<\/h4>\n\n\n\n<p>Le client a la possibilit\u00e9 de refuser de donner son consentement \u00e0 la collecte des donn\u00e9es permettant de calculer l\u2019identifiant machine de son terminal et de continuer sa navigation. Les donn\u00e9es du terminal ne sont pas collect\u00e9es en cas de refus du client de donner son consentement et ceci est sans incidence sur la navigation et sur la finalisation de l\u2019op\u00e9ration envisag\u00e9e.<\/p>\n\n\n\n<p>Votre refus de donner votre consentement n\u2019aura aucune cons\u00e9quence sur votre navigation et la finalisation de votre transaction ou op\u00e9ration.<\/p>\n\n\n\n<h4 class=\"wp-block-heading\">Prise de d\u00e9cision automatis\u00e9e<\/h4>\n\n\n\n<p>Le traitement ne pr\u00e9voit pas de\u00a0prise de d\u00e9cision automatis\u00e9e. En revanche, le traitement est susceptible d\u2019exclure, m\u00eame temporairement, des donn\u00e9es d\u2019une personne du b\u00e9n\u00e9fice d\u2019un contrat. Pour autant, aucune d\u00e9cision de refus n\u2019est prise sur la base d\u2019un traitement automatis\u00e9. Avant toute d\u00e9cision de refus, des v\u00e9rifications compl\u00e9mentaires seront effectu\u00e9es aupr\u00e8s de la personne concern\u00e9e pour lui permettre de faire valoir ses observations et de faire r\u00e9examiner sa situation. En tout \u00e9tat de cause, la personne concern\u00e9e a le droit de demander une intervention humaine, d\u2019exprimer son point de vue et de contester la d\u00e9cision.\u00a0<\/p>\n\n\n\n<h3 class=\"wp-block-heading\">Personnes concern\u00e9es<\/h3>\n\n\n\n<p>Le traitement de donn\u00e9es concerne les personnes physiques et morales qui r\u00e9alisent des op\u00e9rations sur le site du partenaire de Oneytrust.<\/p>\n\n\n\n<h3 class=\"wp-block-heading\">Destinataires des donn\u00e9es<\/h3>\n\n\n\n<h4 class=\"wp-block-heading\">Cat\u00e9gories de destinataires<\/h4>\n\n\n\n<p>En fonction de leurs besoins respectifs, sont destinataires de tout ou partie des donn\u00e9es :<\/p>\n\n\n\n<ul class=\"wp-block-list\">\n<li>le partenaire de Oneytrust aupr\u00e8s de qui le client a r\u00e9alis\u00e9 l\u2019op\u00e9ration ;<\/li>\n\n\n\n<li>le personnel autoris\u00e9 de Oneytrust ;<\/li>\n\n\n\n<li>les sous-traitants et prestataires de services de Oneytrust pour l\u2019h\u00e9bergement et la fourniture de prestations techniques sp\u00e9cifiques.<\/li>\n<\/ul>\n\n\n\n<h4 class=\"wp-block-heading\">Transferts de donn\u00e9es hors UE<\/h4>\n\n\n\n<p>Aucun transfert de donn\u00e9es hors de l\u2019Union Europ\u00e9enne n\u2019est r\u00e9alis\u00e9.<\/p>\n\n\n\n<h3 class=\"wp-block-heading\">Dur\u00e9e de conservation des donn\u00e9es<\/h3>\n\n\n\n<p>Les donn\u00e9es seront conserv\u00e9es pendant une dur\u00e9e de 12 mois (6 mois pour l\u2019adresse IP, l\u2019identifiant technique de l\u2019empreinte et l\u2019empreinte).<\/p>\n\n\n\n<h3 class=\"wp-block-heading\">Vos droits sur les donn\u00e9es vous concernant<\/h3>\n\n\n\n<p>Vous pouvez acc\u00e9der et obtenir copie des donn\u00e9es vous concernant, vous opposer au traitement de ces donn\u00e9es, les faire rectifier ou les faire effacer\u00a0; vous pouvez retirer votre consentement \u00e0 la collecte des informations du terminal utilis\u00e9 \u00e0 tout moment. Vous disposez \u00e9galement d\u2019un droit \u00e0 la limitation du traitement de vos donn\u00e9es et du droit de formuler des directives sp\u00e9cifiques et g\u00e9n\u00e9rales apr\u00e8s votre d\u00e9c\u00e8s concernant la conservation, l\u2019effacement et la communication de vos donn\u00e9es.<\/p>\n\n\n\n<h4 class=\"wp-block-heading\">Exercer ses droits<\/h4>\n\n\n\n<p>Le d\u00e9l\u00e9gu\u00e9 \u00e0 la protection des donn\u00e9es (DPO) de Oneytrust est votre interlocuteur pour toute demande d\u2019exercice de vos droits sur ce traitement.<\/p>\n\n\n\n<ul class=\"wp-block-list\">\n<li>Contacter le DPO par voie \u00e9lectronique en \u00e9crivant \u00e0 dpo[at]oneytrust.com* *(remplacer [at] par @ lors de l\u2019envoi)<\/li>\n\n\n\n<li>Contacter le DPO par courrier postal<\/li>\n<\/ul>\n\n\n\n<p>Le d\u00e9l\u00e9gu\u00e9 \u00e0 la protection des donn\u00e9es<br>Oneytrust<br>34 avenue de Flandre<br>59170 Croix<br>FRANCE<\/p>\n\n\n\n<h4 class=\"wp-block-heading\">R\u00e9clamation<\/h4>\n\n\n\n<p>Vous pouvez adresser toute r\u00e9clamation relative au traitement de vos demandes par Oneytrust en \u00e9crivant au DPO. Celui-ci fournira ses meilleurs efforts pour r\u00e9pondre \u00e0 toute r\u00e9clamation et tenter de r\u00e9soudre le diff\u00e9rend.<br>Si vous estimez, apr\u00e8s nous avoir contact\u00e9s, que vos droits sur vos donn\u00e9es ne sont pas respect\u00e9s, vous pouvez adresser une r\u00e9clamation (plainte) \u00e0 votre autorit\u00e9 locale de protection des donn\u00e9es personnelles ou \u00e0 l\u2019autorit\u00e9 de protection des donn\u00e9es personnelles de Oneytrust, \u00e0 savoir la CNIL \u2013 3 place de Fontenoy \u2013 TSA 80715 \u2013 75334 Paris cedex 07.<\/p>\n<\/div><\/div>\n\n<\/div><\/div>","protected":false},"excerpt":{"rendered":"<p>Oneytrust pourra acc\u00e9der \u00e0 des informations stock\u00e9es dans l\u2019\u00e9quipement terminal de communication \u00e9lectronique que vous utilisez afin de d\u00e9terminer l\u2019identifiant machine de ce terminal et de v\u00e9rifier que ce m\u00eame terminal n\u2019a pas \u00e9t\u00e9 utilis\u00e9 pour r\u00e9aliser plusieurs transactions sur la base d\u2019identit\u00e9s diff\u00e9rentes. Cet identifiant machine fait l\u2019objet d\u2019un traitement automatis\u00e9 de donn\u00e9es par&#8230;<\/p>","protected":false},"author":4,"featured_media":0,"parent":0,"menu_order":0,"comment_status":"closed","ping_status":"closed","template":"","meta":{"_acf_changed":false,"inline_featured_image":false,"_kad_blocks_custom_css":"","_kad_blocks_head_custom_js":"","_kad_blocks_body_custom_js":"","_kad_blocks_footer_custom_js":"","_kad_post_transparent":"disable","_kad_post_title":"hide","_kad_post_layout":"normal","_kad_post_sidebar_id":"","_kad_post_content_style":"","_kad_post_vertical_padding":"","_kad_post_feature":"","_kad_post_feature_position":"","_kad_post_header":true,"_kad_post_footer":true,"footnotes":""},"class_list":["post-1241","page","type-page","status-publish","hentry"],"acf":[],"yoast_head":"<!-- This site is optimized with the Yoast SEO plugin v25.9 - https:\/\/yoast.com\/wordpress\/plugins\/seo\/ -->\n<title>Mention d&#039;information DFP - Oneytrust<\/title>\n<meta name=\"robots\" content=\"noindex, nofollow\" \/>\n<meta property=\"og:locale\" content=\"ro_RO\" \/>\n<meta property=\"og:type\" content=\"article\" \/>\n<meta property=\"og:title\" content=\"Mention d&#039;information DFP - Oneytrust\" \/>\n<meta property=\"og:description\" content=\"Oneytrust pourra acc\u00e9der \u00e0 des informations stock\u00e9es dans l\u2019\u00e9quipement terminal de communication \u00e9lectronique que vous utilisez afin de d\u00e9terminer l\u2019identifiant machine de ce terminal et de v\u00e9rifier que ce m\u00eame terminal n\u2019a pas \u00e9t\u00e9 utilis\u00e9 pour r\u00e9aliser plusieurs transactions sur la base d\u2019identit\u00e9s diff\u00e9rentes. Cet identifiant machine fait l\u2019objet d\u2019un traitement automatis\u00e9 de donn\u00e9es par...\" \/>\n<meta property=\"og:url\" content=\"https:\/\/www.oneytrust.com\/ro\/mention-information-dfp\/\" \/>\n<meta property=\"og:site_name\" content=\"Oneytrust\" \/>\n<meta property=\"article:modified_time\" content=\"2024-09-16T09:41:07+00:00\" \/>\n<meta property=\"og:image\" content=\"https:\/\/www.oneytrust.com\/wp-content\/uploads\/2025\/07\/Snip20250711_230.png\" \/>\n\t<meta property=\"og:image:width\" content=\"1200\" \/>\n\t<meta property=\"og:image:height\" content=\"675\" \/>\n\t<meta property=\"og:image:type\" content=\"image\/png\" \/>\n<meta name=\"twitter:card\" content=\"summary_large_image\" \/>\n<meta name=\"twitter:label1\" content=\"Timp estimat pentru citire\" \/>\n\t<meta name=\"twitter:data1\" content=\"4 minute\" \/>\n<script type=\"application\/ld+json\" class=\"yoast-schema-graph\">{\"@context\":\"https:\/\/schema.org\",\"@graph\":[{\"@type\":\"WebPage\",\"@id\":\"https:\/\/www.oneytrust.com\/mention-information-dfp\/\",\"url\":\"https:\/\/www.oneytrust.com\/mention-information-dfp\/\",\"name\":\"Mention d'information DFP - Oneytrust\",\"isPartOf\":{\"@id\":\"https:\/\/www.oneytrust.com\/#website\"},\"datePublished\":\"2024-09-16T09:41:06+00:00\",\"dateModified\":\"2024-09-16T09:41:07+00:00\",\"breadcrumb\":{\"@id\":\"https:\/\/www.oneytrust.com\/mention-information-dfp\/#breadcrumb\"},\"inLanguage\":\"ro-RO\",\"potentialAction\":[{\"@type\":\"ReadAction\",\"target\":[\"https:\/\/www.oneytrust.com\/mention-information-dfp\/\"]}]},{\"@type\":\"BreadcrumbList\",\"@id\":\"https:\/\/www.oneytrust.com\/mention-information-dfp\/#breadcrumb\",\"itemListElement\":[{\"@type\":\"ListItem\",\"position\":1,\"name\":\"Home\",\"item\":\"https:\/\/www.oneytrust.com\/\"},{\"@type\":\"ListItem\",\"position\":2,\"name\":\"Mention d&#8217;information DFP\"}]},{\"@type\":\"WebSite\",\"@id\":\"https:\/\/www.oneytrust.com\/#website\",\"url\":\"https:\/\/www.oneytrust.com\/\",\"name\":\"Oneytrust\",\"description\":\"Only Trusted Customers. Oneytrust provides fraud detection and identity validation for merchants and banks. Unique consortia data, unbeatable fraud scoring.\",\"publisher\":{\"@id\":\"https:\/\/www.oneytrust.com\/#organization\"},\"potentialAction\":[{\"@type\":\"SearchAction\",\"target\":{\"@type\":\"EntryPoint\",\"urlTemplate\":\"https:\/\/www.oneytrust.com\/?s={search_term_string}\"},\"query-input\":{\"@type\":\"PropertyValueSpecification\",\"valueRequired\":true,\"valueName\":\"search_term_string\"}}],\"inLanguage\":\"ro-RO\"},{\"@type\":\"Organization\",\"@id\":\"https:\/\/www.oneytrust.com\/#organization\",\"name\":\"Oneytrust\",\"url\":\"https:\/\/www.oneytrust.com\/\",\"logo\":{\"@type\":\"ImageObject\",\"inLanguage\":\"ro-RO\",\"@id\":\"https:\/\/www.oneytrust.com\/#\/schema\/logo\/image\/\",\"url\":\"https:\/\/www.oneytrust.com\/wp-content\/uploads\/2025\/04\/oneytrust-logo.svg\",\"contentUrl\":\"https:\/\/www.oneytrust.com\/wp-content\/uploads\/2025\/04\/oneytrust-logo.svg\",\"width\":171,\"height\":40,\"caption\":\"Oneytrust\"},\"image\":{\"@id\":\"https:\/\/www.oneytrust.com\/#\/schema\/logo\/image\/\"}}]}<\/script>\n<!-- \/ Yoast SEO plugin. -->","yoast_head_json":{"title":"Mention d'information DFP - Oneytrust","robots":{"index":"noindex","follow":"nofollow"},"og_locale":"ro_RO","og_type":"article","og_title":"Mention d'information DFP - Oneytrust","og_description":"Oneytrust pourra acc\u00e9der \u00e0 des informations stock\u00e9es dans l\u2019\u00e9quipement terminal de communication \u00e9lectronique que vous utilisez afin de d\u00e9terminer l\u2019identifiant machine de ce terminal et de v\u00e9rifier que ce m\u00eame terminal n\u2019a pas \u00e9t\u00e9 utilis\u00e9 pour r\u00e9aliser plusieurs transactions sur la base d\u2019identit\u00e9s diff\u00e9rentes. Cet identifiant machine fait l\u2019objet d\u2019un traitement automatis\u00e9 de donn\u00e9es par...","og_url":"https:\/\/www.oneytrust.com\/ro\/mention-information-dfp\/","og_site_name":"Oneytrust","article_modified_time":"2024-09-16T09:41:07+00:00","og_image":[{"width":1200,"height":675,"url":"https:\/\/www.oneytrust.com\/wp-content\/uploads\/2025\/07\/Snip20250711_230.png","type":"image\/png"}],"twitter_card":"summary_large_image","twitter_misc":{"Timp estimat pentru citire":"4 minute"},"schema":{"@context":"https:\/\/schema.org","@graph":[{"@type":"WebPage","@id":"https:\/\/www.oneytrust.com\/mention-information-dfp\/","url":"https:\/\/www.oneytrust.com\/mention-information-dfp\/","name":"Mention d'information DFP - Oneytrust","isPartOf":{"@id":"https:\/\/www.oneytrust.com\/#website"},"datePublished":"2024-09-16T09:41:06+00:00","dateModified":"2024-09-16T09:41:07+00:00","breadcrumb":{"@id":"https:\/\/www.oneytrust.com\/mention-information-dfp\/#breadcrumb"},"inLanguage":"ro-RO","potentialAction":[{"@type":"ReadAction","target":["https:\/\/www.oneytrust.com\/mention-information-dfp\/"]}]},{"@type":"BreadcrumbList","@id":"https:\/\/www.oneytrust.com\/mention-information-dfp\/#breadcrumb","itemListElement":[{"@type":"ListItem","position":1,"name":"Home","item":"https:\/\/www.oneytrust.com\/"},{"@type":"ListItem","position":2,"name":"Mention d&#8217;information DFP"}]},{"@type":"WebSite","@id":"https:\/\/www.oneytrust.com\/#website","url":"https:\/\/www.oneytrust.com\/","name":"Oneytrust","description":"Only Trusted Customers. Oneytrust provides fraud detection and identity validation for merchants and banks. Unique consortia data, unbeatable fraud scoring.","publisher":{"@id":"https:\/\/www.oneytrust.com\/#organization"},"potentialAction":[{"@type":"SearchAction","target":{"@type":"EntryPoint","urlTemplate":"https:\/\/www.oneytrust.com\/?s={search_term_string}"},"query-input":{"@type":"PropertyValueSpecification","valueRequired":true,"valueName":"search_term_string"}}],"inLanguage":"ro-RO"},{"@type":"Organization","@id":"https:\/\/www.oneytrust.com\/#organization","name":"Oneytrust","url":"https:\/\/www.oneytrust.com\/","logo":{"@type":"ImageObject","inLanguage":"ro-RO","@id":"https:\/\/www.oneytrust.com\/#\/schema\/logo\/image\/","url":"https:\/\/www.oneytrust.com\/wp-content\/uploads\/2025\/04\/oneytrust-logo.svg","contentUrl":"https:\/\/www.oneytrust.com\/wp-content\/uploads\/2025\/04\/oneytrust-logo.svg","width":171,"height":40,"caption":"Oneytrust"},"image":{"@id":"https:\/\/www.oneytrust.com\/#\/schema\/logo\/image\/"}}]}},"taxonomy_info":[],"featured_image_src_large":false,"author_info":{"display_name":"Audrey Defaix","author_link":"https:\/\/www.oneytrust.com\/ro\/author\/audrey-defaix\/"},"comment_info":0,"_links":{"self":[{"href":"https:\/\/www.oneytrust.com\/ro\/wp-json\/wp\/v2\/pages\/1241","targetHints":{"allow":["GET"]}}],"collection":[{"href":"https:\/\/www.oneytrust.com\/ro\/wp-json\/wp\/v2\/pages"}],"about":[{"href":"https:\/\/www.oneytrust.com\/ro\/wp-json\/wp\/v2\/types\/page"}],"author":[{"embeddable":true,"href":"https:\/\/www.oneytrust.com\/ro\/wp-json\/wp\/v2\/users\/4"}],"replies":[{"embeddable":true,"href":"https:\/\/www.oneytrust.com\/ro\/wp-json\/wp\/v2\/comments?post=1241"}],"version-history":[{"count":1,"href":"https:\/\/www.oneytrust.com\/ro\/wp-json\/wp\/v2\/pages\/1241\/revisions"}],"predecessor-version":[{"id":1242,"href":"https:\/\/www.oneytrust.com\/ro\/wp-json\/wp\/v2\/pages\/1241\/revisions\/1242"}],"wp:attachment":[{"href":"https:\/\/www.oneytrust.com\/ro\/wp-json\/wp\/v2\/media?parent=1241"}],"curies":[{"name":"wp","href":"https:\/\/api.w.org\/{rel}","templated":true}]}}